{"id":576,"date":"2019-03-08T11:48:42","date_gmt":"2019-03-08T10:48:42","guid":{"rendered":"https:\/\/wordpress.nibis.de\/gsheede\/?page_id=576"},"modified":"2019-04-26T08:08:44","modified_gmt":"2019-04-26T06:08:44","slug":"unser-neuer-schulhof","status":"publish","type":"page","link":"https:\/\/wordpress.nibis.de\/gsheede\/unser-neuer-schulhof\/","title":{"rendered":"Unser neuer Schulhof"},"content":{"rendered":"\n<p>Seit dem Sommer 2014 haben wir an unserer Schule einen neugestalteten Schulhof.<\/p>\n\n\n\n<p><strong>Verlauf des Projektes:<\/strong><\/p>\n\n\n\n<ul class=\"wp-block-list\"><li>27.06.2011: Herr Hechtbauer h\u00e4lt in der Gesamtkonferenz einen Vortrag zum Thema: \u201eNaturnaher Schulhof\u201c<\/li><li>01.11.2011: Herr Hechtbauer bereitet mit dem Kollegium die Projekttage zur Schulhofgestaltung vor.<\/li><li>26.06.2011-<br>28.06.2011: Projekttage:<br>Jede Klasse gestaltet ihren Traumschulhof unter den Aspekten:<br>o Ruhe<br>o Natur<br>o Kreativit\u00e4t<br>o Spiel<\/li><li>25.09.2013: Planungstreffen mit den verschiedenen Gremien (Schulleitung, Elternrat, Planer und B\u00fcrgermeister) zur Besichtigung von Spielpl\u00e4tzen<br>Januar 2014: Anfrage an Herrn K\u00e4stner (Naturholz K\u00e4stner GmbH) f\u00fcr eine Angebotserstellung<\/li><li>24.02.14: Planungstreffen mit Herrn K\u00e4stner, der sein Angebot auf dem Schulhof n\u00e4her erl\u00e4utert<\/li><li>25.02.14: Angebot der Firma Naturholz K\u00e4stner GmbH<\/li><li>Ende M\u00e4rz 2014: Bestellung der Spielanlage<br>Nach 6-8 Wochen: Aufbau der Spielanlage<\/li><li>Mai\/Juni 2014: gemeinsam mit den Eltern wird eine Versch\u00f6nerung des weiteren Schulhofes vorgenommen (Baumst\u00e4mme als Sitzgelegenheiten f\u00fcr ein gr\u00fcnes Klassenzimmer, Baumst\u00e4mme zum Balancieren, Baumst\u00e4mme f\u00fcr ein Holzpodest etc.)<br><strong>13.07.14: Einweihung des neuen Schulhofes beim Sommerfest der Grundschule Heede<\/strong><\/li><\/ul>\n\n\n\n<ul class=\"wp-block-gallery columns-3 is-cropped wp-block-gallery-1 is-layout-flex wp-block-gallery-is-layout-flex\"><li class=\"blocks-gallery-item\"><figure><a href=\"https:\/\/wordpress.nibis.de\/gsheede\/files\/2019\/03\/Schulhof-vor-dem-Umbau2.jpg\"><img loading=\"lazy\" decoding=\"async\" width=\"480\" height=\"360\" src=\"https:\/\/wordpress.nibis.de\/gsheede\/files\/2019\/03\/Schulhof-vor-dem-Umbau2.jpg\" alt=\"\" data-id=\"648\" data-link=\"https:\/\/wordpress.nibis.de\/gsheede\/unser-neuer-schulhof\/schulhof-vor-dem-umbau2\/\" class=\"wp-image-648\" srcset=\"https:\/\/wordpress.nibis.de\/gsheede\/files\/2019\/03\/Schulhof-vor-dem-Umbau2.jpg 480w, https:\/\/wordpress.nibis.de\/gsheede\/files\/2019\/03\/Schulhof-vor-dem-Umbau2-300x225.jpg 300w\" sizes=\"auto, (max-width: 480px) 100vw, 480px\" \/><\/a><\/figure><\/li><li class=\"blocks-gallery-item\"><figure><a href=\"https:\/\/wordpress.nibis.de\/gsheede\/files\/2019\/03\/Schulhof-vor-dem-Umbau.jpg\"><img loading=\"lazy\" decoding=\"async\" width=\"480\" height=\"360\" src=\"https:\/\/wordpress.nibis.de\/gsheede\/files\/2019\/03\/Schulhof-vor-dem-Umbau.jpg\" alt=\"\" data-id=\"649\" data-link=\"https:\/\/wordpress.nibis.de\/gsheede\/unser-neuer-schulhof\/schulhof-vor-dem-umbau\/\" class=\"wp-image-649\" srcset=\"https:\/\/wordpress.nibis.de\/gsheede\/files\/2019\/03\/Schulhof-vor-dem-Umbau.jpg 480w, https:\/\/wordpress.nibis.de\/gsheede\/files\/2019\/03\/Schulhof-vor-dem-Umbau-300x225.jpg 300w\" sizes=\"auto, (max-width: 480px) 100vw, 480px\" \/><\/a><\/figure><\/li><li class=\"blocks-gallery-item\"><figure><a href=\"https:\/\/wordpress.nibis.de\/gsheede\/files\/2019\/03\/Aufh\u00e4ngen-der-Nistk\u00e4sten.jpg\"><img loading=\"lazy\" decoding=\"async\" width=\"480\" height=\"360\" src=\"https:\/\/wordpress.nibis.de\/gsheede\/files\/2019\/03\/Aufh\u00e4ngen-der-Nistk\u00e4sten.jpg\" alt=\"\" data-id=\"641\" data-link=\"https:\/\/wordpress.nibis.de\/gsheede\/unser-neuer-schulhof\/aufhaengen-der-nistkaesten\/\" class=\"wp-image-641\" srcset=\"https:\/\/wordpress.nibis.de\/gsheede\/files\/2019\/03\/Aufh\u00e4ngen-der-Nistk\u00e4sten.jpg 480w, https:\/\/wordpress.nibis.de\/gsheede\/files\/2019\/03\/Aufh\u00e4ngen-der-Nistk\u00e4sten-300x225.jpg 300w\" sizes=\"auto, (max-width: 480px) 100vw, 480px\" \/><\/a><\/figure><\/li><li class=\"blocks-gallery-item\"><figure><a href=\"https:\/\/wordpress.nibis.de\/gsheede\/files\/2019\/03\/Schaukelbereich.jpg\"><img loading=\"lazy\" decoding=\"async\" width=\"480\" height=\"360\" src=\"https:\/\/wordpress.nibis.de\/gsheede\/files\/2019\/03\/Schaukelbereich.jpg\" alt=\"\" data-id=\"642\" data-link=\"https:\/\/wordpress.nibis.de\/gsheede\/unser-neuer-schulhof\/schaukelbereich\/\" class=\"wp-image-642\" srcset=\"https:\/\/wordpress.nibis.de\/gsheede\/files\/2019\/03\/Schaukelbereich.jpg 480w, https:\/\/wordpress.nibis.de\/gsheede\/files\/2019\/03\/Schaukelbereich-300x225.jpg 300w\" sizes=\"auto, (max-width: 480px) 100vw, 480px\" \/><\/a><\/figure><\/li><li class=\"blocks-gallery-item\"><figure><a href=\"https:\/\/wordpress.nibis.de\/gsheede\/files\/2019\/03\/Gestaltung-des-H\u00fcgels.jpg\"><img loading=\"lazy\" decoding=\"async\" width=\"480\" height=\"360\" src=\"https:\/\/wordpress.nibis.de\/gsheede\/files\/2019\/03\/Gestaltung-des-H\u00fcgels.jpg\" alt=\"\" data-id=\"643\" data-link=\"https:\/\/wordpress.nibis.de\/gsheede\/unser-neuer-schulhof\/gestaltung-des-huegels\/\" class=\"wp-image-643\" srcset=\"https:\/\/wordpress.nibis.de\/gsheede\/files\/2019\/03\/Gestaltung-des-H\u00fcgels.jpg 480w, https:\/\/wordpress.nibis.de\/gsheede\/files\/2019\/03\/Gestaltung-des-H\u00fcgels-300x225.jpg 300w\" sizes=\"auto, (max-width: 480px) 100vw, 480px\" \/><\/a><\/figure><\/li><li class=\"blocks-gallery-item\"><figure><a href=\"https:\/\/wordpress.nibis.de\/gsheede\/files\/2019\/03\/Neugestaltung-des-Sandkastens.jpg\"><img loading=\"lazy\" decoding=\"async\" width=\"480\" height=\"360\" src=\"https:\/\/wordpress.nibis.de\/gsheede\/files\/2019\/03\/Neugestaltung-des-Sandkastens.jpg\" alt=\"\" data-id=\"644\" data-link=\"https:\/\/wordpress.nibis.de\/gsheede\/unser-neuer-schulhof\/neugestaltung-des-sandkastens\/\" class=\"wp-image-644\" srcset=\"https:\/\/wordpress.nibis.de\/gsheede\/files\/2019\/03\/Neugestaltung-des-Sandkastens.jpg 480w, https:\/\/wordpress.nibis.de\/gsheede\/files\/2019\/03\/Neugestaltung-des-Sandkastens-300x225.jpg 300w\" sizes=\"auto, (max-width: 480px) 100vw, 480px\" \/><\/a><\/figure><\/li><li class=\"blocks-gallery-item\"><figure><a href=\"https:\/\/wordpress.nibis.de\/gsheede\/files\/2019\/03\/Freigabe-der-Kletteranlage.jpg\"><img loading=\"lazy\" decoding=\"async\" width=\"480\" height=\"360\" src=\"https:\/\/wordpress.nibis.de\/gsheede\/files\/2019\/03\/Freigabe-der-Kletteranlage.jpg\" alt=\"\" data-id=\"645\" data-link=\"https:\/\/wordpress.nibis.de\/gsheede\/unser-neuer-schulhof\/freigabe-der-kletteranlage\/\" class=\"wp-image-645\" srcset=\"https:\/\/wordpress.nibis.de\/gsheede\/files\/2019\/03\/Freigabe-der-Kletteranlage.jpg 480w, https:\/\/wordpress.nibis.de\/gsheede\/files\/2019\/03\/Freigabe-der-Kletteranlage-300x225.jpg 300w\" sizes=\"auto, (max-width: 480px) 100vw, 480px\" \/><\/a><\/figure><\/li><li class=\"blocks-gallery-item\"><figure><a href=\"https:\/\/wordpress.nibis.de\/gsheede\/files\/2019\/03\/Freigabe-der-Kletteranlage-2.jpg\"><img loading=\"lazy\" decoding=\"async\" width=\"480\" height=\"360\" src=\"https:\/\/wordpress.nibis.de\/gsheede\/files\/2019\/03\/Freigabe-der-Kletteranlage-2.jpg\" alt=\"\" data-id=\"646\" data-link=\"https:\/\/wordpress.nibis.de\/gsheede\/unser-neuer-schulhof\/freigabe-der-kletteranlage-2\/\" class=\"wp-image-646\" srcset=\"https:\/\/wordpress.nibis.de\/gsheede\/files\/2019\/03\/Freigabe-der-Kletteranlage-2.jpg 480w, https:\/\/wordpress.nibis.de\/gsheede\/files\/2019\/03\/Freigabe-der-Kletteranlage-2-300x225.jpg 300w\" sizes=\"auto, (max-width: 480px) 100vw, 480px\" \/><\/a><\/figure><\/li><li class=\"blocks-gallery-item\"><figure><a href=\"https:\/\/wordpress.nibis.de\/gsheede\/files\/2019\/03\/Aufbau-der-Kletteranlage.jpg\"><img loading=\"lazy\" decoding=\"async\" width=\"480\" height=\"360\" src=\"https:\/\/wordpress.nibis.de\/gsheede\/files\/2019\/03\/Aufbau-der-Kletteranlage.jpg\" alt=\"\" data-id=\"647\" data-link=\"https:\/\/wordpress.nibis.de\/gsheede\/unser-neuer-schulhof\/aufbau-der-kletteranlage\/\" class=\"wp-image-647\" srcset=\"https:\/\/wordpress.nibis.de\/gsheede\/files\/2019\/03\/Aufbau-der-Kletteranlage.jpg 480w, https:\/\/wordpress.nibis.de\/gsheede\/files\/2019\/03\/Aufbau-der-Kletteranlage-300x225.jpg 300w\" sizes=\"auto, (max-width: 480px) 100vw, 480px\" \/><\/a><\/figure><\/li><li class=\"blocks-gallery-item\"><figure><a href=\"https:\/\/wordpress.nibis.de\/gsheede\/files\/2019\/03\/Unser-Soccerplatz.jpg\"><img loading=\"lazy\" decoding=\"async\" width=\"480\" height=\"360\" src=\"https:\/\/wordpress.nibis.de\/gsheede\/files\/2019\/03\/Unser-Soccerplatz.jpg\" alt=\"\" data-id=\"650\" data-link=\"https:\/\/wordpress.nibis.de\/gsheede\/unser-neuer-schulhof\/unser-soccerplatz\/\" class=\"wp-image-650\" srcset=\"https:\/\/wordpress.nibis.de\/gsheede\/files\/2019\/03\/Unser-Soccerplatz.jpg 480w, https:\/\/wordpress.nibis.de\/gsheede\/files\/2019\/03\/Unser-Soccerplatz-300x225.jpg 300w\" sizes=\"auto, (max-width: 480px) 100vw, 480px\" \/><\/a><\/figure><\/li><li class=\"blocks-gallery-item\"><figure><a href=\"https:\/\/wordpress.nibis.de\/gsheede\/files\/2019\/03\/Unsere-Kr\u00e4uterspirale.jpg\"><img loading=\"lazy\" decoding=\"async\" width=\"480\" height=\"360\" src=\"https:\/\/wordpress.nibis.de\/gsheede\/files\/2019\/03\/Unsere-Kr\u00e4uterspirale.jpg\" alt=\"\" data-id=\"651\" data-link=\"https:\/\/wordpress.nibis.de\/gsheede\/unser-neuer-schulhof\/unsere-kraeuterspirale\/\" class=\"wp-image-651\" srcset=\"https:\/\/wordpress.nibis.de\/gsheede\/files\/2019\/03\/Unsere-Kr\u00e4uterspirale.jpg 480w, https:\/\/wordpress.nibis.de\/gsheede\/files\/2019\/03\/Unsere-Kr\u00e4uterspirale-300x225.jpg 300w\" sizes=\"auto, (max-width: 480px) 100vw, 480px\" \/><\/a><\/figure><\/li><\/ul>\n\n\n\n<p>Der neue Schulhof wird in den Pausen von allen Kindern gerne f\u00fcr alle m\u00f6glichen Aktivit\u00e4ten genutzt&#8230;<\/p>\n\n\n\n<ul class=\"wp-block-gallery columns-3 is-cropped wp-block-gallery-2 is-layout-flex wp-block-gallery-is-layout-flex\"><li class=\"blocks-gallery-item\"><figure><img loading=\"lazy\" decoding=\"async\" width=\"300\" height=\"225\" src=\"https:\/\/wordpress.nibis.de\/gsheede\/files\/2019\/04\/IMG_1075-300x225.jpg\" alt=\"\" data-id=\"660\" data-link=\"https:\/\/wordpress.nibis.de\/gsheede\/unser-neuer-schulhof\/img_1075-300x225\/\" class=\"wp-image-660\" \/><\/figure><\/li><li class=\"blocks-gallery-item\"><figure><img loading=\"lazy\" decoding=\"async\" width=\"300\" height=\"225\" src=\"https:\/\/wordpress.nibis.de\/gsheede\/files\/2019\/04\/IMG_1077-300x225.jpg\" alt=\"\" data-id=\"661\" data-link=\"https:\/\/wordpress.nibis.de\/gsheede\/unser-neuer-schulhof\/img_1077-300x225\/\" class=\"wp-image-661\" \/><\/figure><\/li><li class=\"blocks-gallery-item\"><figure><img loading=\"lazy\" decoding=\"async\" width=\"300\" height=\"225\" src=\"https:\/\/wordpress.nibis.de\/gsheede\/files\/2019\/04\/IMG_1078-300x225.jpg\" alt=\"\" data-id=\"662\" data-link=\"https:\/\/wordpress.nibis.de\/gsheede\/unser-neuer-schulhof\/img_1078-300x225\/\" class=\"wp-image-662\" \/><\/figure><\/li><li class=\"blocks-gallery-item\"><figure><img loading=\"lazy\" decoding=\"async\" width=\"300\" height=\"225\" src=\"https:\/\/wordpress.nibis.de\/gsheede\/files\/2019\/04\/IMG_1080-300x225.jpg\" alt=\"\" data-id=\"663\" data-link=\"https:\/\/wordpress.nibis.de\/gsheede\/unser-neuer-schulhof\/img_1080-300x225\/\" class=\"wp-image-663\" \/><\/figure><\/li><li class=\"blocks-gallery-item\"><figure><img loading=\"lazy\" decoding=\"async\" width=\"300\" height=\"225\" src=\"https:\/\/wordpress.nibis.de\/gsheede\/files\/2019\/04\/IMG_1081-300x225.jpg\" alt=\"\" data-id=\"664\" data-link=\"https:\/\/wordpress.nibis.de\/gsheede\/unser-neuer-schulhof\/img_1081-300x225\/\" class=\"wp-image-664\" \/><\/figure><\/li><li class=\"blocks-gallery-item\"><figure><img loading=\"lazy\" decoding=\"async\" width=\"300\" height=\"225\" src=\"https:\/\/wordpress.nibis.de\/gsheede\/files\/2019\/04\/IMG_1084-300x225.jpg\" alt=\"\" data-id=\"665\" data-link=\"https:\/\/wordpress.nibis.de\/gsheede\/unser-neuer-schulhof\/img_1084-300x225\/\" class=\"wp-image-665\" \/><\/figure><\/li><li class=\"blocks-gallery-item\"><figure><img loading=\"lazy\" decoding=\"async\" width=\"300\" height=\"225\" src=\"https:\/\/wordpress.nibis.de\/gsheede\/files\/2019\/04\/IMG_1094-300x225.jpg\" alt=\"\" data-id=\"666\" data-link=\"https:\/\/wordpress.nibis.de\/gsheede\/unser-neuer-schulhof\/img_1094-300x225\/\" class=\"wp-image-666\" \/><\/figure><\/li><li class=\"blocks-gallery-item\"><figure><img loading=\"lazy\" decoding=\"async\" width=\"300\" height=\"225\" src=\"https:\/\/wordpress.nibis.de\/gsheede\/files\/2019\/04\/IMG_1099-300x225.jpg\" alt=\"\" data-id=\"667\" data-link=\"https:\/\/wordpress.nibis.de\/gsheede\/unser-neuer-schulhof\/img_1099-300x225\/\" class=\"wp-image-667\" \/><\/figure><\/li><li class=\"blocks-gallery-item\"><figure><img loading=\"lazy\" decoding=\"async\" width=\"300\" height=\"225\" src=\"https:\/\/wordpress.nibis.de\/gsheede\/files\/2019\/04\/IMG_1103-300x225.jpg\" alt=\"\" data-id=\"668\" data-link=\"https:\/\/wordpress.nibis.de\/gsheede\/unser-neuer-schulhof\/img_1103-300x225\/\" class=\"wp-image-668\" \/><\/figure><\/li><li class=\"blocks-gallery-item\"><figure><img loading=\"lazy\" decoding=\"async\" width=\"300\" height=\"225\" src=\"https:\/\/wordpress.nibis.de\/gsheede\/files\/2019\/04\/IMG_1105-300x225.jpg\" alt=\"\" data-id=\"669\" data-link=\"https:\/\/wordpress.nibis.de\/gsheede\/unser-neuer-schulhof\/img_1105-300x225\/\" class=\"wp-image-669\" \/><\/figure><\/li><li class=\"blocks-gallery-item\"><figure><img loading=\"lazy\" decoding=\"async\" width=\"300\" height=\"225\" src=\"https:\/\/wordpress.nibis.de\/gsheede\/files\/2019\/04\/IMG_1108-300x225.jpg\" alt=\"\" data-id=\"670\" data-link=\"https:\/\/wordpress.nibis.de\/gsheede\/unser-neuer-schulhof\/img_1108-300x225\/\" class=\"wp-image-670\" \/><\/figure><\/li><\/ul>\n\n\n\n<p>Un die Klasse 4 k\u00fcmmert sich um die Ausleihe von Spielen aus unserer Spielekiste!<\/p>\n\n\n\n<ul class=\"wp-block-gallery columns-1 is-cropped wp-block-gallery-3 is-layout-flex wp-block-gallery-is-layout-flex\"><li class=\"blocks-gallery-item\"><figure><img loading=\"lazy\" decoding=\"async\" width=\"300\" height=\"225\" src=\"https:\/\/wordpress.nibis.de\/gsheede\/files\/2019\/04\/IMG_1076-300x225.jpg\" alt=\"\" data-id=\"671\" data-link=\"https:\/\/wordpress.nibis.de\/gsheede\/unser-neuer-schulhof\/img_1076-300x225\/\" class=\"wp-image-671\" \/><\/figure><\/li><\/ul>\n","protected":false},"excerpt":{"rendered":"<p>Seit dem Sommer 2014 haben wir an unserer Schule einen neugestalteten Schulhof. Verlauf des Projektes: 27.06.2011: Herr Hechtbauer h\u00e4lt in der Gesamtkonferenz einen Vortrag zum Thema: \u201eNaturnaher Schulhof\u201c 01.11.2011: Herr Hechtbauer bereitet mit dem Kollegium die Projekttage zur Schulhofgestaltung vor. &hellip; <a href=\"https:\/\/wordpress.nibis.de\/gsheede\/unser-neuer-schulhof\/\">Weiterlesen <span class=\"meta-nav\">&rarr;<\/span><\/a><\/p>\n","protected":false},"author":718,"featured_media":0,"parent":0,"menu_order":0,"comment_status":"closed","ping_status":"closed","template":"","meta":{"footnotes":""},"class_list":["post-576","page","type-page","status-publish","hentry"],"_links":{"self":[{"href":"https:\/\/wordpress.nibis.de\/gsheede\/wp-json\/wp\/v2\/pages\/576","targetHints":{"allow":["GET"]}}],"collection":[{"href":"https:\/\/wordpress.nibis.de\/gsheede\/wp-json\/wp\/v2\/pages"}],"about":[{"href":"https:\/\/wordpress.nibis.de\/gsheede\/wp-json\/wp\/v2\/types\/page"}],"author":[{"embeddable":true,"href":"https:\/\/wordpress.nibis.de\/gsheede\/wp-json\/wp\/v2\/users\/718"}],"replies":[{"embeddable":true,"href":"https:\/\/wordpress.nibis.de\/gsheede\/wp-json\/wp\/v2\/comments?post=576"}],"version-history":[{"count":6,"href":"https:\/\/wordpress.nibis.de\/gsheede\/wp-json\/wp\/v2\/pages\/576\/revisions"}],"predecessor-version":[{"id":672,"href":"https:\/\/wordpress.nibis.de\/gsheede\/wp-json\/wp\/v2\/pages\/576\/revisions\/672"}],"wp:attachment":[{"href":"https:\/\/wordpress.nibis.de\/gsheede\/wp-json\/wp\/v2\/media?parent=576"}],"curies":[{"name":"wp","href":"https:\/\/api.w.org\/{rel}","templated":true}]}}