{"id":578,"date":"2019-03-08T11:48:43","date_gmt":"2019-03-08T10:48:43","guid":{"rendered":"https:\/\/wordpress.nibis.de\/gsheede\/?page_id=578"},"modified":"2024-09-09T16:17:27","modified_gmt":"2024-09-09T14:17:27","slug":"neue-medien-an-der-grundschule-heede","status":"publish","type":"page","link":"https:\/\/wordpress.nibis.de\/gsheede\/neue-medien-an-der-grundschule-heede\/","title":{"rendered":"Neue Medien an der Grundschule Heede"},"content":{"rendered":"\n<p><strong><em>wie es vorher war\u2026<\/em><\/strong><\/p>\n\n\n\n<p><em>Mittwochs, 3.Klasse, 3.Stunde: Teamteaching:<\/em><\/p>\n\n\n\n<p>Wieder mal steht \u201eComputer\u201c auf dem  Stundenplan. Die Kinder wissen, dass sie in 2 Gruppen eingeteilt werden,  da nur eine Gruppe in den Computerraum gehen kann, w\u00e4hrend die anderen  Sch\u00fcler im Fach Deutsch ihre Kenntnisse weiterentwickeln. Nach der  Einteilung geht es dann auch los. Die Sch\u00fcler im Computerraum warten  erstmal, bis die Laptops hochgefahren sind. Somit sind die ersten zehn  Minuten auch schon um. Bei einer Sch\u00fclerin wird gerade noch ein Update  geladen. Dann kann es endlich losgehen\u2026Sofern alle Laptops in das  Internet k\u00f6nnen, kann die eigentliche Arbeit beginnen. Die Kinder suchen  sich unter www.blinde-kuh.de Informationen zu Ihrem \u201eTier des Waldes\u201c  heraus, um diese dann auszudrucken und auf ein Plakat kleben zu k\u00f6nnen,  das dann den anderen Mitsch\u00fclern vorgestellt wird\u2026.Da die Stunde dann  recht schnell wieder endet, die Informationen gespeichert und  ausgedruckt und die Laptops noch heruntergefahren werden m\u00fcssen, war die  tats\u00e4chliche Zeit der Recherche nur sehr gering\u2026<\/p>\n\n\n\n<div class=\"wp-block-image\"><figure class=\"aligncenter\"><img loading=\"lazy\" decoding=\"async\" width=\"300\" height=\"225\" src=\"https:\/\/wordpress.nibis.de\/gsheede\/files\/2019\/04\/IMG_1008-300x225.jpg\" alt=\"\" class=\"wp-image-674\" \/><\/figure><\/div>\n\n\n\n<p>Dies war nur ein kurzes und vielleicht \nauch recht plakatives Beispiel f\u00fcr die Nutzung der Laptops in einem \nComputerraum. Aber eine optimale und zeitgem\u00e4\u00dfe Nutzung Neuer Medien ist\n so nicht m\u00f6glich\u2026<\/p>\n\n\n\n<p><strong>wie es heute ist\u2026<\/strong><\/p>\n\n\n\n<p>Somit entschieden wir uns mit der \nSamtgemeinde D\u00f6rpen f\u00fcr eine Medienfortbildung am Medienzentrum Emsland \nin Papenburg. Nach einem Jahr konnte das neue Medienentwicklungskonzept \nverabschiedet werden. Mit zwei weiteren Schulen aus der Samtgemeinde \nD\u00f6rpen entschieden wir uns, einen neuen Weg zu gehen und auf eine mobile\n L\u00f6sung zu setzen. So konnten im Oktober 2015 <strong>32 neue iPad-minis<\/strong>\n angeschafft werden. Finanziert wurden diese von unserem Schultr\u00e4ger. \nDurch das gemeinsam entwickelte Medienentwicklungskonzept ist dies eine \nInvestition in die Zukunft und eine Garantie f\u00fcr eine sinnvolle \nEinf\u00fchrung und Nutzung der iPads. Schrittweise werden diese nun in den \nUnterrichtsalltag eingef\u00fchrt. Parallel dazu nimmt das ganze Kollegium \nmit den Kollegien der zwei anderen Schulen an einer begleitenden \nFortbildung zur sinnvollen Nutzung der iPads im Unterricht teil.<\/p>\n\n\n\n<p><a href=\"http:\/\/www.noz.de\/lokales\/doerpen\/artikel\/625575\/32-tablet-computer-fur-heeder-grundschule\" target=\"_blank\" rel=\"noreferrer noopener\">Tablet-Computer f\u00fcr Grundschule Heede \u2013 Artikel der Ems-Zeitung<\/a><\/p>\n\n\n\n<figure class=\"wp-block-gallery has-nested-images columns-default is-cropped wp-block-gallery-1 is-layout-flex wp-block-gallery-is-layout-flex\">\n<figure class=\"wp-block-image\"><img loading=\"lazy\" decoding=\"async\" width=\"300\" height=\"169\" data-id=\"675\" src=\"https:\/\/wordpress.nibis.de\/gsheede\/files\/2019\/04\/20160311_104123-300x169.jpg\" alt=\"\" class=\"wp-image-675\" \/><\/figure>\n\n\n\n<figure class=\"wp-block-image\"><img loading=\"lazy\" decoding=\"async\" width=\"300\" height=\"169\" data-id=\"676\" src=\"https:\/\/wordpress.nibis.de\/gsheede\/files\/2019\/04\/20160311_104131-300x169.jpg\" alt=\"\" class=\"wp-image-676\" \/><\/figure>\n\n\n\n<figure class=\"wp-block-image\"><img loading=\"lazy\" decoding=\"async\" width=\"300\" height=\"169\" data-id=\"677\" src=\"https:\/\/wordpress.nibis.de\/gsheede\/files\/2019\/04\/IMG-20160421-WA0022-300x169.jpg\" alt=\"\" class=\"wp-image-677\" \/><\/figure>\n\n\n\n<figure class=\"wp-block-image\"><img loading=\"lazy\" decoding=\"async\" width=\"300\" height=\"169\" data-id=\"678\" src=\"https:\/\/wordpress.nibis.de\/gsheede\/files\/2019\/04\/IMG-20160421-WA0028-300x169.jpg\" alt=\"\" class=\"wp-image-678\" \/><\/figure>\n<\/figure>\n\n\n\n<p><\/p>\n\n\n\n<p><strong>\u2026wie es in Zukunft sein wird\u2026<\/strong><\/p>\n\n\n\n<p>wissen wir nat\u00fcrlich nicht, aber durch \ndie schrittweise Einf\u00fchrung der iPads und die Vernetzung mit anderen \nSchulen wollen wir gut vorbereitet sein\u2026<\/p>\n","protected":false},"excerpt":{"rendered":"<p>wie es vorher war\u2026 Mittwochs, 3.Klasse, 3.Stunde: Teamteaching: Wieder mal steht \u201eComputer\u201c auf dem Stundenplan. Die Kinder wissen, dass sie in 2 Gruppen eingeteilt werden, da nur eine Gruppe in den Computerraum gehen kann, w\u00e4hrend die anderen Sch\u00fcler im Fach &hellip; <a href=\"https:\/\/wordpress.nibis.de\/gsheede\/neue-medien-an-der-grundschule-heede\/\">Weiterlesen <span class=\"meta-nav\">&rarr;<\/span><\/a><\/p>\n","protected":false},"author":718,"featured_media":0,"parent":0,"menu_order":0,"comment_status":"closed","ping_status":"closed","template":"","meta":{"footnotes":""},"class_list":["post-578","page","type-page","status-publish","hentry"],"_links":{"self":[{"href":"https:\/\/wordpress.nibis.de\/gsheede\/wp-json\/wp\/v2\/pages\/578","targetHints":{"allow":["GET"]}}],"collection":[{"href":"https:\/\/wordpress.nibis.de\/gsheede\/wp-json\/wp\/v2\/pages"}],"about":[{"href":"https:\/\/wordpress.nibis.de\/gsheede\/wp-json\/wp\/v2\/types\/page"}],"author":[{"embeddable":true,"href":"https:\/\/wordpress.nibis.de\/gsheede\/wp-json\/wp\/v2\/users\/718"}],"replies":[{"embeddable":true,"href":"https:\/\/wordpress.nibis.de\/gsheede\/wp-json\/wp\/v2\/comments?post=578"}],"version-history":[{"count":4,"href":"https:\/\/wordpress.nibis.de\/gsheede\/wp-json\/wp\/v2\/pages\/578\/revisions"}],"predecessor-version":[{"id":1188,"href":"https:\/\/wordpress.nibis.de\/gsheede\/wp-json\/wp\/v2\/pages\/578\/revisions\/1188"}],"wp:attachment":[{"href":"https:\/\/wordpress.nibis.de\/gsheede\/wp-json\/wp\/v2\/media?parent=578"}],"curies":[{"name":"wp","href":"https:\/\/api.w.org\/{rel}","templated":true}]}}