{"id":11,"date":"2016-05-29T17:44:47","date_gmt":"2016-05-29T15:44:47","guid":{"rendered":"http:\/\/wordpress.nibis.de\/gsheilsi\/?page_id=11"},"modified":"2017-07-03T18:40:28","modified_gmt":"2017-07-03T16:40:28","slug":"schule","status":"publish","type":"page","link":"https:\/\/wordpress.nibis.de\/gsheilsi\/schule\/","title":{"rendered":"Schule"},"content":{"rendered":"<p><strong>Willkommen!<\/strong><\/p>\n<p>Herzlich Willkommen liebe kleinen und gro\u00dfen Besucher,<\/p>\n<p>wir sind eine kleine pers\u00f6nliche und verl\u00e4ssliche Grundschule, an der jeder jeden kennt.<\/p>\n<div id=\"attachment_290\" style=\"width: 637px\" class=\"wp-caption alignnone\"><img loading=\"lazy\" decoding=\"async\" aria-describedby=\"caption-attachment-290\" class=\" wp-image-290\" src=\"http:\/\/wordpress.nibis.de\/gsheilsi\/files\/2016\/05\/P9053673-300x225.jpg\" alt=\"\" width=\"627\" height=\"470\" srcset=\"https:\/\/wordpress.nibis.de\/gsheilsi\/files\/2016\/05\/P9053673-300x225.jpg 300w, https:\/\/wordpress.nibis.de\/gsheilsi\/files\/2016\/05\/P9053673-768x576.jpg 768w, https:\/\/wordpress.nibis.de\/gsheilsi\/files\/2016\/05\/P9053673.jpg 1024w\" sizes=\"auto, (max-width: 627px) 100vw, 627px\" \/><p id=\"caption-attachment-290\" class=\"wp-caption-text\">Schulhof &#8211; Blick zum Teich<\/p><\/div>\n<p>Auf den folgenden Seiten stellen wir unsere Schule vor.<\/p>\n<p>Viel Spass beim durchst\u00f6bern!<\/p>\n","protected":false},"excerpt":{"rendered":"<p>Willkommen! Herzlich Willkommen liebe kleinen und gro\u00dfen Besucher, wir sind eine kleine pers\u00f6nliche und verl\u00e4ssliche Grundschule, an der jeder jeden kennt. Auf den folgenden Seiten stellen wir unsere Schule vor. Viel Spass beim durchst\u00f6bern!<\/p>\n","protected":false},"author":1015,"featured_media":0,"parent":0,"menu_order":0,"comment_status":"closed","ping_status":"closed","template":"","meta":{"footnotes":""},"class_list":["post-11","page","type-page","status-publish","hentry"],"_links":{"self":[{"href":"https:\/\/wordpress.nibis.de\/gsheilsi\/wp-json\/wp\/v2\/pages\/11","targetHints":{"allow":["GET"]}}],"collection":[{"href":"https:\/\/wordpress.nibis.de\/gsheilsi\/wp-json\/wp\/v2\/pages"}],"about":[{"href":"https:\/\/wordpress.nibis.de\/gsheilsi\/wp-json\/wp\/v2\/types\/page"}],"author":[{"embeddable":true,"href":"https:\/\/wordpress.nibis.de\/gsheilsi\/wp-json\/wp\/v2\/users\/1015"}],"replies":[{"embeddable":true,"href":"https:\/\/wordpress.nibis.de\/gsheilsi\/wp-json\/wp\/v2\/comments?post=11"}],"version-history":[{"count":4,"href":"https:\/\/wordpress.nibis.de\/gsheilsi\/wp-json\/wp\/v2\/pages\/11\/revisions"}],"predecessor-version":[{"id":291,"href":"https:\/\/wordpress.nibis.de\/gsheilsi\/wp-json\/wp\/v2\/pages\/11\/revisions\/291"}],"wp:attachment":[{"href":"https:\/\/wordpress.nibis.de\/gsheilsi\/wp-json\/wp\/v2\/media?parent=11"}],"curies":[{"name":"wp","href":"https:\/\/api.w.org\/{rel}","templated":true}]}}