{"id":178,"date":"2017-07-03T15:32:21","date_gmt":"2017-07-03T13:32:21","guid":{"rendered":"http:\/\/wordpress.nibis.de\/gsheilsi\/?page_id=178"},"modified":"2022-12-11T19:44:14","modified_gmt":"2022-12-11T18:44:14","slug":"selbstevaluation","status":"publish","type":"page","link":"https:\/\/wordpress.nibis.de\/gsheilsi\/selbstevaluation\/","title":{"rendered":"Selbstevaluation"},"content":{"rendered":"<p><span style=\"font-family: comic sans ms, sans-serif\">Zu unserer Selbstevaluation geh\u00f6ren die <strong>Sch\u00fclersprechtage!<\/strong><\/span><\/p>\n<p><span style=\"font-family: comic sans ms, sans-serif\">Das selbstreflexive Denken entwickelt sich erst im Laufe der Jahre eines Kindes.<\/span><\/p>\n<p><span style=\"font-family: comic sans ms, sans-serif\">Durch Selbsteinsch\u00e4tzungsb\u00f6gen mit anschlie\u00dfenden Sch\u00fclersprechtagen bahnen wir diesen Prozess an und f\u00f6rdern das selbstverantwortliche Lernen. Die Sch\u00fclerinnen und Sch\u00fcler der Klassen 1 &#8211; 4 f\u00fcllen jedes Halbjahr B\u00f6gen f\u00fcr die F\u00e4cher Mathe und Deutsch sowie f\u00fcr das Arbeits- und Sozialverhalten aus.<\/span><\/p>\n<p><span style=\"font-family: comic sans ms, sans-serif\">Darin sollen sie selbst ihre Kompetenzen in den einzelnen Feldern des Faches einsch\u00e4tzen.<\/span><\/p>\n<p><span style=\"font-family: comic sans ms, sans-serif\">Anschlie\u00dfend finden Sch\u00fclersprechtage statt. In diesen Gespr\u00e4chen zwischen der Klassenlehrkraft und der\/dem Sch\u00fcler\/in sind diese Einsch\u00e4tzung der Kinder Gegenstand des Gespr\u00e4ches. Jedes Gespr\u00e4ch im Sch\u00fclersprechtag stellt ein Feedback-Gespr\u00e4ch dar und endet mit einem vom Kind frei formulierten Ziel f\u00fcr das n\u00e4chste Halbjahr.<\/span><\/p>\n<p><span style=\"font-family: comic sans ms, sans-serif\">Aufbauend \u00fcber die Grundschulzeit sollen die Sch\u00fcler\/innen eine &#8222;gesunde&#8220; Selbsteinsch\u00e4tzung vornehmen k\u00f6nnen und ihre St\u00e4rken und Schw\u00e4chen kennen. Dieses Wissen k\u00f6nnen sie dann in den weiterf\u00fchrenden Schulen in den verschiedenen Lernmethoden nutzen.<\/span><\/p>\n","protected":false},"excerpt":{"rendered":"<p>Zu unserer Selbstevaluation geh\u00f6ren die Sch\u00fclersprechtage! Das selbstreflexive Denken entwickelt sich erst im Laufe der Jahre eines Kindes. Durch Selbsteinsch\u00e4tzungsb\u00f6gen mit anschlie\u00dfenden Sch\u00fclersprechtagen bahnen wir diesen Prozess an und f\u00f6rdern das selbstverantwortliche Lernen. Die Sch\u00fclerinnen und Sch\u00fcler der Klassen 1 &hellip; <a href=\"https:\/\/wordpress.nibis.de\/gsheilsi\/selbstevaluation\/\">Weiterlesen <span class=\"meta-nav\">&rarr;<\/span><\/a><\/p>\n","protected":false},"author":1015,"featured_media":0,"parent":0,"menu_order":0,"comment_status":"closed","ping_status":"closed","template":"","meta":{"footnotes":""},"class_list":["post-178","page","type-page","status-publish","hentry"],"_links":{"self":[{"href":"https:\/\/wordpress.nibis.de\/gsheilsi\/wp-json\/wp\/v2\/pages\/178","targetHints":{"allow":["GET"]}}],"collection":[{"href":"https:\/\/wordpress.nibis.de\/gsheilsi\/wp-json\/wp\/v2\/pages"}],"about":[{"href":"https:\/\/wordpress.nibis.de\/gsheilsi\/wp-json\/wp\/v2\/types\/page"}],"author":[{"embeddable":true,"href":"https:\/\/wordpress.nibis.de\/gsheilsi\/wp-json\/wp\/v2\/users\/1015"}],"replies":[{"embeddable":true,"href":"https:\/\/wordpress.nibis.de\/gsheilsi\/wp-json\/wp\/v2\/comments?post=178"}],"version-history":[{"count":5,"href":"https:\/\/wordpress.nibis.de\/gsheilsi\/wp-json\/wp\/v2\/pages\/178\/revisions"}],"predecessor-version":[{"id":1595,"href":"https:\/\/wordpress.nibis.de\/gsheilsi\/wp-json\/wp\/v2\/pages\/178\/revisions\/1595"}],"wp:attachment":[{"href":"https:\/\/wordpress.nibis.de\/gsheilsi\/wp-json\/wp\/v2\/media?parent=178"}],"curies":[{"name":"wp","href":"https:\/\/api.w.org\/{rel}","templated":true}]}}