{"id":24,"date":"2016-05-29T17:46:34","date_gmt":"2016-05-29T15:46:34","guid":{"rendered":"http:\/\/wordpress.nibis.de\/gsheilsi\/?page_id=24"},"modified":"2023-12-06T11:46:30","modified_gmt":"2023-12-06T10:46:30","slug":"termine","status":"publish","type":"page","link":"https:\/\/wordpress.nibis.de\/gsheilsi\/termine\/","title":{"rendered":"Termine"},"content":{"rendered":"<p><span style=\"font-family: comic sans ms, sans-serif\">Hier finden Sie alle Termine die f\u00fcr das kommende Schuljahr 2023\/2024 wichtig sind!<\/span><\/p>\n<p><strong><u>Jahresplanung 2023 \/ 24<\/u><\/strong><\/p>\n<p><strong><u>September 2023<\/u><\/strong><\/p>\n<table>\n<tbody>\n<tr>\n<td width=\"248\"><strong>25.09.-29.9.23<\/strong><\/p>\n<p><strong>\u00a0<\/strong><\/td>\n<td width=\"254\">Klassenfahrt 4a +4b<\/td>\n<td width=\"253\"><\/td>\n<\/tr>\n<tr>\n<td width=\"248\"><strong>28.9.2023\u00a0\u00a0 19.00 Uhr<\/strong><\/td>\n<td width=\"254\">Elternabend 1a +b<\/td>\n<td width=\"253\"><\/td>\n<\/tr>\n<tr>\n<td width=\"248\"><strong>n.n.<\/strong><\/p>\n<p><strong>\u00a0<\/strong><\/td>\n<td width=\"254\">Elternabend 2a+b<\/td>\n<td width=\"253\"><\/td>\n<\/tr>\n<tr>\n<td width=\"248\"><strong>n.n.<\/strong><\/p>\n<p><strong>\u00a0<\/strong><\/td>\n<td width=\"254\">Elternabend 3a+3b<\/td>\n<td width=\"253\"><\/td>\n<\/tr>\n<tr>\n<td width=\"248\"><strong>n.n.<\/strong><\/p>\n<p><strong>\u00a0<\/strong><\/td>\n<td width=\"254\">Elternabend 4a+b<\/td>\n<td width=\"253\"><\/td>\n<\/tr>\n<\/tbody>\n<\/table>\n<p><strong><u>\u00a0<\/u><\/strong><\/p>\n<p><strong><u>Oktober 2023<\/u><\/strong><\/p>\n<table>\n<tbody>\n<tr>\n<td width=\"248\"><strong>2.10.23<\/strong><\/td>\n<td width=\"254\">Br\u00fcckentag\u00a0 -frei-<\/td>\n<td width=\"253\">Keine Schule<\/td>\n<\/tr>\n<tr>\n<td width=\"248\"><strong>16.10.-31.10.23<\/strong><\/p>\n<p><strong>\u00a0<\/strong><\/td>\n<td width=\"254\"><strong>Herbstferien<\/strong><\/td>\n<td width=\"253\"><\/td>\n<\/tr>\n<\/tbody>\n<\/table>\n<p><strong><u>\u00a0<\/u><\/strong><\/p>\n<p><strong><u>November 2023<\/u><\/strong><\/p>\n<table>\n<tbody>\n<tr>\n<td width=\"252\">02.11.23\u00a0\u00a0\u00a0\u00a0 19.30h<\/td>\n<td width=\"254\">Schulelternratssitzung<\/td>\n<td width=\"250\">Einladung folgt an gew\u00e4hlte Vertreter<\/td>\n<\/tr>\n<tr>\n<td width=\"252\">13.11.-15.11.23<\/td>\n<td width=\"254\">Elternsprechtage Kl. 1 bis 4<\/p>\n<p>(ohne Kind)<\/td>\n<td width=\"250\">Info folgt<\/td>\n<\/tr>\n<tr>\n<td width=\"252\">30.11.+ 1.12.23<\/td>\n<td width=\"254\">Basteltage<\/td>\n<td width=\"250\">Info folgt<\/td>\n<\/tr>\n<\/tbody>\n<\/table>\n<p><strong><u>\u00a0<\/u><\/strong><\/p>\n<p><strong><u>Dezember 2023<\/u><\/strong><\/p>\n<table>\n<tbody>\n<tr>\n<td width=\"250\">n.n.<\/td>\n<td width=\"254\">Weihnachtstheater\/<\/p>\n<p>Weihnachtskino<\/td>\n<td width=\"251\"><\/td>\n<\/tr>\n<tr>\n<td width=\"250\"><strong>23.12.23 \u2013 7.1.24<\/strong><\/p>\n<p><strong>\u00a0<\/strong><\/td>\n<td width=\"254\"><strong>Weihnachtsferien<\/strong><\/td>\n<td width=\"251\"><\/td>\n<\/tr>\n<\/tbody>\n<\/table>\n<p><strong><u>Januar 2024<\/u><\/strong><\/p>\n<table>\n<tbody>\n<tr>\n<td width=\"256\">22.1.24<\/td>\n<td width=\"256\">Zeugniskonferenzen Kl.2-4<\/td>\n<td width=\"256\">Info folgt an gew\u00e4hlte Vertreter<\/td>\n<\/tr>\n<tr>\n<td width=\"256\"><strong>31.1.24<\/strong><\/p>\n<p><strong>\u00a0<\/strong><\/td>\n<td width=\"256\"><strong>Zeugnisausgabe<\/strong><\/td>\n<td width=\"256\"><strong>10:45Uhr Schulschluss!<\/strong><\/td>\n<\/tr>\n<tr>\n<td width=\"256\"><strong>1.2. + 2.2.24<\/strong><\/p>\n<p><strong>\u00a0<\/strong><\/td>\n<td width=\"256\"><strong>Zeugnisferien<\/strong><\/td>\n<td width=\"256\"><\/td>\n<\/tr>\n<\/tbody>\n<\/table>\n<p><strong><u>Februar 2024<\/u><\/strong><\/p>\n<table>\n<tbody>\n<tr>\n<td width=\"250\">n.n.<\/p>\n<p>im 2. Halbjahr<\/td>\n<td width=\"256\">1.Hilfe-Lehrgang<\/p>\n<p>F\u00fcr Klassen die 3 und 4<\/td>\n<td width=\"249\">Info folgt<\/td>\n<\/tr>\n<tr>\n<td width=\"250\">9.2.23<\/p>\n<p>w\u00e4hrend der Schulzeit<\/td>\n<td width=\"256\">Faschingsfeier<\/td>\n<td width=\"249\">Info folgt<\/td>\n<\/tr>\n<\/tbody>\n<\/table>\n<p><strong><u>M\u00e4rz 2024<\/u><\/strong><\/p>\n<table>\n<tbody>\n<tr>\n<td width=\"252\">Anfang M\u00e4rz<\/td>\n<td width=\"253\">Kartoffel pflanzen Bauer Schmidt\u00a0\u00a0 Kl. 2a+b<\/td>\n<td width=\"251\"><\/td>\n<\/tr>\n<tr>\n<td width=\"252\"><strong>18.03.-1.04.24<\/strong><\/td>\n<td width=\"253\"><strong>Osterferien<\/strong><\/p>\n<p><strong>\u00a0<\/strong><\/td>\n<td width=\"251\"><\/td>\n<\/tr>\n<\/tbody>\n<\/table>\n<p><strong><u>\u00a0<\/u><\/strong><\/p>\n<p><strong><u>April 2024<\/u><\/strong><\/p>\n<table>\n<tbody>\n<tr>\n<td width=\"252\">15.4. \u2013 17.4.24<\/td>\n<td width=\"252\">Elternsprechtage Kl. 1-4<\/p>\n<p>(mit Kind)<\/td>\n<td width=\"252\">Info folgt<\/td>\n<\/tr>\n<\/tbody>\n<\/table>\n<p><strong><u>\u00a0<\/u><\/strong><\/p>\n<p><strong><u>Mai 2023<\/u><\/strong><\/p>\n<table>\n<tbody>\n<tr>\n<td width=\"252\"><strong>9.5. + 10.5.24<\/strong><\/p>\n<p><strong>\u00a0<\/strong><\/td>\n<td width=\"253\"><strong>Himmelfahrt + Br\u00fcckentag<\/strong><\/td>\n<td width=\"251\"><strong>schulfrei<\/strong><\/td>\n<\/tr>\n<tr>\n<td width=\"252\"><strong>20.+ 21.5.24<\/strong><\/p>\n<p><strong>\u00a0<\/strong><\/td>\n<td width=\"253\"><strong>Pfingsten + Br\u00fcckentag<\/strong><\/td>\n<td width=\"251\"><strong>schulfrei<\/strong><\/td>\n<\/tr>\n<\/tbody>\n<\/table>\n<p><strong><u>\u00a0<\/u><\/strong><\/p>\n<p><strong><u>Juni 2024<\/u><\/strong><\/p>\n<table>\n<tbody>\n<tr>\n<td width=\"250\">10.6.24<\/td>\n<td colspan=\"2\" width=\"252\">Zeugniskonferenz Kl. 1-4<\/td>\n<td colspan=\"2\" width=\"253\">Info folgt an gew\u00e4hlte Vertreter<\/td>\n<\/tr>\n<tr>\n<td colspan=\"2\" width=\"252\">14.06.24<\/p>\n<p><strong>\u00a0<\/strong><\/td>\n<td colspan=\"2\" width=\"253\">Spielefest<\/td>\n<td width=\"251\"><strong>\u00a0<\/strong><\/td>\n<\/tr>\n<tr>\n<td width=\"250\">n.n.<\/td>\n<td colspan=\"2\" width=\"252\">\u201eWendo\u201c m. A. Ney<\/td>\n<td colspan=\"2\" width=\"253\">Klassen 4a und 4b<\/td>\n<\/tr>\n<tr>\n<td width=\"250\"><strong>21.06.24<\/strong><\/td>\n<td colspan=\"2\" width=\"252\"><strong>Zeugnisausgabe<\/strong><\/td>\n<td colspan=\"2\" width=\"253\"><strong>10:45Uhr Schulschluss!<\/strong><\/td>\n<\/tr>\n<tr>\n<td width=\"250\"><strong>22.6.-04.08.24<\/strong><\/p>\n<p><strong>\u00a0<\/strong><\/td>\n<td colspan=\"2\" width=\"252\"><strong>Sommerferien<\/strong><\/td>\n<td colspan=\"2\" width=\"253\"><strong>\u00a0<\/strong><\/td>\n<\/tr>\n<tr>\n<td width=\"228\"><\/td>\n<td width=\"2\"><\/td>\n<td width=\"239\"><\/td>\n<td width=\"2\"><\/td>\n<td width=\"236\"><\/td>\n<\/tr>\n<\/tbody>\n<\/table>\n<p><strong><u>\u00a0<\/u><\/strong><\/p>\n<p><strong><u>August 2024<\/u><\/strong><\/p>\n<table style=\"width: 100%;height: 184px\">\n<tbody>\n<tr style=\"height: 36px\">\n<td style=\"height: 36px\" width=\"250\">5.8.24<\/td>\n<td style=\"height: 36px\" width=\"254\">1. Schultag<\/td>\n<td style=\"height: 36px\" width=\"251\"><\/td>\n<\/tr>\n<tr style=\"height: 36px\">\n<td style=\"height: 36px\" width=\"250\">10.8.24<\/td>\n<td style=\"height: 36px\" width=\"254\">Einschulungsfeier 10:00h in der Turnhalle Heilshorn<\/td>\n<td style=\"height: 36px\" width=\"251\"><\/td>\n<\/tr>\n<tr style=\"height: 76px\">\n<td style=\"height: 76px\" width=\"250\"><\/td>\n<td style=\"height: 76px\" width=\"254\"><\/td>\n<td style=\"height: 76px\" width=\"251\"><strong><u>\u00a0<\/u><\/strong><\/td>\n<\/tr>\n<tr style=\"height: 36px\">\n<td style=\"height: 36px\" width=\"250\"><\/td>\n<td style=\"height: 36px\" width=\"254\"><\/td>\n<td style=\"height: 36px\" width=\"251\"><\/td>\n<\/tr>\n<\/tbody>\n<\/table>\n<p>Stand: 8\/23<\/p>\n<p><span style=\"font-family: comic sans ms, sans-serif\">\u00a0<\/span><\/p>\n<p><span style=\"font-family: comic sans ms, sans-serif\">Termin\u00e4nderungen sind m\u00f6glich. Genauso k\u00f6nnen noch weitere Termine dazu kommen.<\/span><\/p>\n","protected":false},"excerpt":{"rendered":"<p>Hier finden Sie alle Termine die f\u00fcr das kommende Schuljahr 2023\/2024 wichtig sind! Jahresplanung 2023 \/ 24 September 2023 25.09.-29.9.23 \u00a0 Klassenfahrt 4a +4b 28.9.2023\u00a0\u00a0 19.00 Uhr Elternabend 1a +b n.n. \u00a0 Elternabend 2a+b n.n. \u00a0 Elternabend 3a+3b n.n. \u00a0 &hellip; <a href=\"https:\/\/wordpress.nibis.de\/gsheilsi\/termine\/\">Weiterlesen <span class=\"meta-nav\">&rarr;<\/span><\/a><\/p>\n","protected":false},"author":1015,"featured_media":0,"parent":0,"menu_order":0,"comment_status":"closed","ping_status":"closed","template":"","meta":{"footnotes":""},"class_list":["post-24","page","type-page","status-publish","hentry"],"_links":{"self":[{"href":"https:\/\/wordpress.nibis.de\/gsheilsi\/wp-json\/wp\/v2\/pages\/24","targetHints":{"allow":["GET"]}}],"collection":[{"href":"https:\/\/wordpress.nibis.de\/gsheilsi\/wp-json\/wp\/v2\/pages"}],"about":[{"href":"https:\/\/wordpress.nibis.de\/gsheilsi\/wp-json\/wp\/v2\/types\/page"}],"author":[{"embeddable":true,"href":"https:\/\/wordpress.nibis.de\/gsheilsi\/wp-json\/wp\/v2\/users\/1015"}],"replies":[{"embeddable":true,"href":"https:\/\/wordpress.nibis.de\/gsheilsi\/wp-json\/wp\/v2\/comments?post=24"}],"version-history":[{"count":14,"href":"https:\/\/wordpress.nibis.de\/gsheilsi\/wp-json\/wp\/v2\/pages\/24\/revisions"}],"predecessor-version":[{"id":1705,"href":"https:\/\/wordpress.nibis.de\/gsheilsi\/wp-json\/wp\/v2\/pages\/24\/revisions\/1705"}],"wp:attachment":[{"href":"https:\/\/wordpress.nibis.de\/gsheilsi\/wp-json\/wp\/v2\/media?parent=24"}],"curies":[{"name":"wp","href":"https:\/\/api.w.org\/{rel}","templated":true}]}}