{"id":34,"date":"2016-05-29T17:47:18","date_gmt":"2016-05-29T15:47:18","guid":{"rendered":"http:\/\/wordpress.nibis.de\/gsheilsi\/?page_id=34"},"modified":"2019-01-06T17:00:19","modified_gmt":"2019-01-06T16:00:19","slug":"impressum","status":"publish","type":"page","link":"https:\/\/wordpress.nibis.de\/gsheilsi\/impressum\/","title":{"rendered":"Impressum"},"content":{"rendered":"<p><span style=\"font-family: comic sans ms, sans-serif\">Land Niedersachsen (Dienstanbieter im Sinne des Telemediengesetzes)<\/span><\/p>\n<p><span style=\"font-family: comic sans ms, sans-serif\">Das Land Niedersachsen ist eine juristische Person des \u00f6ffentlichen Rechts vertreten durch<\/span><\/p>\n<p><span style=\"font-family: comic sans ms, sans-serif\">Schulleitung:<\/span><\/p>\n<p><span style=\"font-family: comic sans ms, sans-serif\">Beke Hennemann (Schulleiterin)<\/span><\/p>\n<p style=\"padding-left: 60px\"><span style=\"font-family: comic sans ms, sans-serif\">Grundschule Heilshorn<\/span><\/p>\n<p style=\"padding-left: 60px\"><span style=\"font-family: comic sans ms, sans-serif\">Am Sportplatz 4<\/span><\/p>\n<p style=\"padding-left: 60px\"><span style=\"font-family: comic sans ms, sans-serif\">27711 Osterholz-Scharmbeck<\/span><\/p>\n<p style=\"padding-left: 60px\"><span style=\"font-family: comic sans ms, sans-serif\">Tel: 04795 \/ 830<\/span><\/p>\n<p style=\"padding-left: 60px\"><span style=\"font-family: comic sans ms, sans-serif\">Fax: 04795 \/ 954801<\/span><\/p>\n<p style=\"padding-left: 60px\"><span style=\"font-family: comic sans ms, sans-serif\">E-Mail: &#x67;&#x72;&#117;n&#x64;&#x73;&#x63;&#104;u&#x6c;&#x65;&#x68;&#101;i&#x6c;&#x73;&#x68;&#111;r&#x6e;&#x40;&#x6f;&#115;t&#x65;&#x72;&#x68;&#111;l&#x7a;&#x2d;&#x73;&#99;h&#x61;&#x72;&#x6d;&#98;e&#x63;&#x6b;&#x2e;&#100;e<\/span><\/p>\n<p><span style=\"font-family: comic sans ms, sans-serif\">Verantwortlicher f\u00fcr redaktionell-journalistische Angebote i. S. d. \u00a755 Abs. 2 Rundfunkstaatsvertrag:<\/span><\/p>\n<p style=\"padding-left: 60px\"><span style=\"font-family: comic sans ms, sans-serif\">Grundschule Heilshorn<\/span><\/p>\n<p style=\"padding-left: 60px\"><span style=\"font-family: comic sans ms, sans-serif\">Am Sportplatz 4<\/span><\/p>\n<p style=\"padding-left: 60px\"><span style=\"font-family: comic sans ms, sans-serif\">27711 Osterholz-Scharmbeck<\/span><\/p>\n<p style=\"padding-left: 60px\"><span style=\"font-family: comic sans ms, sans-serif\">Tel: 04795 \/ 830<\/span><\/p>\n<p><span style=\"font-family: comic sans ms, sans-serif\">Die Datenschutzbeauftragte des Verantwortlichen ist:<\/span><\/p>\n<p><span style=\"font-family: comic sans ms, sans-serif\">Maike Tarin<\/span><\/p>\n<p><span style=\"font-family: comic sans ms, sans-serif\">Tel.: 04795 \/ 830<\/span><br \/>\n<span style=\"font-family: comic sans ms, sans-serif\">E-Mail: M&#46;T&#97;&#114;&#105;&#110;&#x40;&#x67;&#x6d;&#x78;&#x2e;&#x6e;&#x65;t<\/span><\/p>\n<p><span style=\"font-family: comic sans ms, sans-serif\"><strong>Disclaimer:<\/strong><\/span><\/p>\n<p><span style=\"font-family: comic sans ms, sans-serif\">Diese Webseite beeinhaltet externe Links. Deren Inhalte entziehen sich unserer Einflussnahme, sodass eine Gew\u00e4hr f\u00fcr solche Inhalte nicht \u00fcbernommen werden kann.<\/span><\/p>\n<p><span style=\"font-family: comic sans ms, sans-serif\">Die Verantwortung liegt stets beim jeweiligen Betreiber der externen Seiten. Zum Zeitpunkt der Verkn\u00fcpfung der externen Links waren keine Rechtsverst\u00f6\u00dfe ersichtlich. Die permantente \u00dcberwachung fremder Inhalte auf Rechtsverst\u00f6\u00dfe ohne konkrete Hinweise ist uns nicht zumutbar.<\/span><\/p>\n<p><span style=\"font-family: comic sans ms, sans-serif\">Sollten wir Kenntnis von Rechtsverletzungen haben, werden wir die entsprechenden externen Links unverz\u00fcglich entfernen.<\/span><\/p>\n","protected":false},"excerpt":{"rendered":"<p>Land Niedersachsen (Dienstanbieter im Sinne des Telemediengesetzes) Das Land Niedersachsen ist eine juristische Person des \u00f6ffentlichen Rechts vertreten durch Schulleitung: Beke Hennemann (Schulleiterin) Grundschule Heilshorn Am Sportplatz 4 27711 Osterholz-Scharmbeck Tel: 04795 \/ 830 Fax: 04795 \/ 954801 E-Mail: grunds&#99;&#104;&#117;&#108;&#101;&#104;&#101;&#x69;&#x6c;&#x73;&#x68;&#x6f;&#x72;&#x6e;&#x40;&#x6f;&#x73;&#x74;&#x65;rholz-&#115;&#99;&#104;&#97;&#114;&#109;&#98;&#x65;&#x63;&#x6b;&#x2e;&#x64;&#x65; &hellip; <a href=\"https:\/\/wordpress.nibis.de\/gsheilsi\/impressum\/\">Weiterlesen <span class=\"meta-nav\">&rarr;<\/span><\/a><\/p>\n","protected":false},"author":1015,"featured_media":0,"parent":0,"menu_order":0,"comment_status":"closed","ping_status":"closed","template":"","meta":{"footnotes":""},"class_list":["post-34","page","type-page","status-publish","hentry"],"_links":{"self":[{"href":"https:\/\/wordpress.nibis.de\/gsheilsi\/wp-json\/wp\/v2\/pages\/34","targetHints":{"allow":["GET"]}}],"collection":[{"href":"https:\/\/wordpress.nibis.de\/gsheilsi\/wp-json\/wp\/v2\/pages"}],"about":[{"href":"https:\/\/wordpress.nibis.de\/gsheilsi\/wp-json\/wp\/v2\/types\/page"}],"author":[{"embeddable":true,"href":"https:\/\/wordpress.nibis.de\/gsheilsi\/wp-json\/wp\/v2\/users\/1015"}],"replies":[{"embeddable":true,"href":"https:\/\/wordpress.nibis.de\/gsheilsi\/wp-json\/wp\/v2\/comments?post=34"}],"version-history":[{"count":7,"href":"https:\/\/wordpress.nibis.de\/gsheilsi\/wp-json\/wp\/v2\/pages\/34\/revisions"}],"predecessor-version":[{"id":837,"href":"https:\/\/wordpress.nibis.de\/gsheilsi\/wp-json\/wp\/v2\/pages\/34\/revisions\/837"}],"wp:attachment":[{"href":"https:\/\/wordpress.nibis.de\/gsheilsi\/wp-json\/wp\/v2\/media?parent=34"}],"curies":[{"name":"wp","href":"https:\/\/api.w.org\/{rel}","templated":true}]}}