{"id":75,"date":"2016-05-31T21:22:27","date_gmt":"2016-05-31T19:22:27","guid":{"rendered":"http:\/\/wordpress.nibis.de\/gsheilsi\/?page_id=75"},"modified":"2022-12-11T19:43:06","modified_gmt":"2022-12-11T18:43:06","slug":"schulprofil","status":"publish","type":"page","link":"https:\/\/wordpress.nibis.de\/gsheilsi\/schulprofil\/","title":{"rendered":"Schulprofil"},"content":{"rendered":"<p style=\"text-align: center\"><span style=\"font-family: comic sans ms, sans-serif\"><strong>Unser Leitbild<\/strong><\/span><\/p>\n<p><span style=\"font-family: comic sans ms, sans-serif\"><strong>Sicherheit und Vertrauen<\/strong><\/span><\/p>\n<ul>\n<li><span style=\"font-family: comic sans ms, sans-serif\">Unsere Schule soll gewaltfrei sein.<\/span><\/li>\n<li><span style=\"font-family: comic sans ms, sans-serif\">Wir gehen angstfrei miteinander um.<\/span><\/li>\n<li><span style=\"font-family: comic sans ms, sans-serif\">Wir halten uns an die verabredeten Regeln.<\/span><\/li>\n<li><span style=\"font-family: comic sans ms, sans-serif\">Wir schaffen ein angenehmes Lernklima.<\/span><\/li>\n<li><span style=\"font-family: comic sans ms, sans-serif\">Wir arbeiten vertrauensvoll mit den Eltern zusammen.<\/span><\/li>\n<\/ul>\n<p><span style=\"font-family: comic sans ms, sans-serif\"><strong>Lernen lernen<\/strong><\/span><\/p>\n<ul>\n<li><span style=\"font-family: comic sans ms, sans-serif\">Wir geben Raum f\u00fcr Kreativit\u00e4t.<\/span><\/li>\n<li><span style=\"font-family: comic sans ms, sans-serif\">Wir sorgen f\u00fcr Methodenvielfalt im Unterricht.<\/span><\/li>\n<li><span style=\"font-family: comic sans ms, sans-serif\">Wir beziehen au\u00dferschulische Lernorte ein.<\/span><\/li>\n<\/ul>\n<p><span style=\"font-family: comic sans ms, sans-serif\"><strong>Achtung der Besonderheit jedes Einzelnen<\/strong><\/span><\/p>\n<ul>\n<li><span style=\"font-family: comic sans ms, sans-serif\">Wir nehmen uns Zeit, um auf St\u00e4rken und Schw\u00e4chen unserer Kinder einzugehen.<\/span><\/li>\n<li><span style=\"font-family: comic sans ms, sans-serif\">Wir f\u00f6rdern die Eigenverantwortung und die Selbstst\u00e4ndigkeit unserer Sch\u00fclerinnen und Sch\u00fcler.<\/span><\/li>\n<\/ul>\n","protected":false},"excerpt":{"rendered":"<p>Unser Leitbild Sicherheit und Vertrauen Unsere Schule soll gewaltfrei sein. Wir gehen angstfrei miteinander um. Wir halten uns an die verabredeten Regeln. Wir schaffen ein angenehmes Lernklima. Wir arbeiten vertrauensvoll mit den Eltern zusammen. Lernen lernen Wir geben Raum f\u00fcr &hellip; <a href=\"https:\/\/wordpress.nibis.de\/gsheilsi\/schulprofil\/\">Weiterlesen <span class=\"meta-nav\">&rarr;<\/span><\/a><\/p>\n","protected":false},"author":1015,"featured_media":0,"parent":0,"menu_order":0,"comment_status":"closed","ping_status":"closed","template":"","meta":{"footnotes":""},"class_list":["post-75","page","type-page","status-publish","hentry"],"_links":{"self":[{"href":"https:\/\/wordpress.nibis.de\/gsheilsi\/wp-json\/wp\/v2\/pages\/75","targetHints":{"allow":["GET"]}}],"collection":[{"href":"https:\/\/wordpress.nibis.de\/gsheilsi\/wp-json\/wp\/v2\/pages"}],"about":[{"href":"https:\/\/wordpress.nibis.de\/gsheilsi\/wp-json\/wp\/v2\/types\/page"}],"author":[{"embeddable":true,"href":"https:\/\/wordpress.nibis.de\/gsheilsi\/wp-json\/wp\/v2\/users\/1015"}],"replies":[{"embeddable":true,"href":"https:\/\/wordpress.nibis.de\/gsheilsi\/wp-json\/wp\/v2\/comments?post=75"}],"version-history":[{"count":5,"href":"https:\/\/wordpress.nibis.de\/gsheilsi\/wp-json\/wp\/v2\/pages\/75\/revisions"}],"predecessor-version":[{"id":1593,"href":"https:\/\/wordpress.nibis.de\/gsheilsi\/wp-json\/wp\/v2\/pages\/75\/revisions\/1593"}],"wp:attachment":[{"href":"https:\/\/wordpress.nibis.de\/gsheilsi\/wp-json\/wp\/v2\/media?parent=75"}],"curies":[{"name":"wp","href":"https:\/\/api.w.org\/{rel}","templated":true}]}}