{"id":80,"date":"2016-05-31T21:23:01","date_gmt":"2016-05-31T19:23:01","guid":{"rendered":"http:\/\/wordpress.nibis.de\/gsheilsi\/?page_id=80"},"modified":"2019-01-06T17:14:58","modified_gmt":"2019-01-06T16:14:58","slug":"schulregeln","status":"publish","type":"page","link":"https:\/\/wordpress.nibis.de\/gsheilsi\/schulregeln\/","title":{"rendered":"Schulregeln"},"content":{"rendered":"<p>&nbsp;<\/p>\n<p><span style=\"font-family: comic sans ms, sans-serif\"><strong>Schulordnung<\/strong><\/span><\/p>\n<p><span style=\"font-family: comic sans ms, sans-serif\">Weil ich Mitglied dieser Schulgemeinschaft bin, halte ich mich an Regeln,<\/span><\/p>\n<p><span style=\"font-family: comic sans ms, sans-serif\">die ein friedliches Zusammenleben, Spielen und Arbeiten erm\u00f6glichen.<\/span><\/p>\n<ol>\n<li><span style=\"font-family: comic sans ms, sans-serif\">Ich gehe r\u00fccksichtsvoll mit allen eigenen und fremden Dingen um!<\/span><\/li>\n<li><span style=\"font-family: comic sans ms, sans-serif\">Ich verletze niemanden, auch nicht mit Worten!<\/span><\/li>\n<li><span style=\"font-family: comic sans ms, sans-serif\">Ich gehe ruhig und langsam durch die Schule und tobe nur drau\u00dfen!<\/span><\/li>\n<li><span style=\"font-family: comic sans ms, sans-serif\">Ich bleibe in den Pausen auf dem Schulgel\u00e4nde und halte mich an die Pausenregeln!<\/span><\/li>\n<li><span style=\"font-family: comic sans ms, sans-serif\">Ich folge den Anweisungen der Mitarbeiterinnen und Mitarbeiter an dieser Schule.<\/span><\/li>\n<li><span style=\"font-family: comic sans ms, sans-serif\">Ich achte darauf, dass meine Schuhe sauber sind, wenn ich die Schule betrete.<\/span><\/li>\n<li><span style=\"font-family: comic sans ms, sans-serif\">Vor dem Unterrichtsbeginn gehe ich p\u00fcnktlich in meinen Klassenraum. Bevor ich meine Klasse betrete, ziehe ich meine Hausschuhe an und h\u00e4nge meine Jacke an den Haken. Bis zum Unterrichtsbeginn besch\u00e4ftige ich mich in meiner Klasse.<\/span><\/li>\n<li><span style=\"font-family: comic sans ms, sans-serif\">In den Pausen verhalte ich mich so, dass ich andere nicht beim Spielen st\u00f6re.<\/span><br \/>\n<span style=\"font-family: comic sans ms, sans-serif\">Ich betrete die Schule nur, um zur Toilette zu gehen. Ausgeliehene Spielger\u00e4te bringe ich ins Ger\u00e4tehaus zur\u00fcck. Mit dem Klingeln gehe ich in meinen Klassenraum und fr\u00fchst\u00fccke in Ruhe an meinem Platz.<\/span><\/li>\n<li><span style=\"font-family: comic sans ms, sans-serif\">In der Regenpause bleibe ich in meiner Klasse und besch\u00e4ftige mich. Freunde aus anderen Klassen kann ich besuchen. Die Kinder aus den ersten Klassen d\u00fcrfen auch die Pausenhalle zum Spielen nutzen.<\/span><\/li>\n<li><span style=\"font-family: comic sans ms, sans-serif\">Ist der Unterricht zu Ende, sorge ich rund um meinen Platz f\u00fcr Sauberkeit. Ich stelle meine Hauschuhe auf das Schuhb\u00e4nkchen.<\/span><\/li>\n<\/ol>\n<p><span style=\"font-family: comic sans ms, sans-serif\">Wenn ich mit dem Schulbus fahre, steige ich ohne zu dr\u00e4ngeln ein, suche einen freien Platz und bleibe dort sitzen, bis ich wieder aussteige.<\/span><\/p>\n","protected":false},"excerpt":{"rendered":"<p>&nbsp; Schulordnung Weil ich Mitglied dieser Schulgemeinschaft bin, halte ich mich an Regeln, die ein friedliches Zusammenleben, Spielen und Arbeiten erm\u00f6glichen. Ich gehe r\u00fccksichtsvoll mit allen eigenen und fremden Dingen um! Ich verletze niemanden, auch nicht mit Worten! Ich gehe &hellip; <a href=\"https:\/\/wordpress.nibis.de\/gsheilsi\/schulregeln\/\">Weiterlesen <span class=\"meta-nav\">&rarr;<\/span><\/a><\/p>\n","protected":false},"author":1015,"featured_media":0,"parent":0,"menu_order":0,"comment_status":"closed","ping_status":"closed","template":"","meta":{"footnotes":""},"class_list":["post-80","page","type-page","status-publish","hentry"],"_links":{"self":[{"href":"https:\/\/wordpress.nibis.de\/gsheilsi\/wp-json\/wp\/v2\/pages\/80","targetHints":{"allow":["GET"]}}],"collection":[{"href":"https:\/\/wordpress.nibis.de\/gsheilsi\/wp-json\/wp\/v2\/pages"}],"about":[{"href":"https:\/\/wordpress.nibis.de\/gsheilsi\/wp-json\/wp\/v2\/types\/page"}],"author":[{"embeddable":true,"href":"https:\/\/wordpress.nibis.de\/gsheilsi\/wp-json\/wp\/v2\/users\/1015"}],"replies":[{"embeddable":true,"href":"https:\/\/wordpress.nibis.de\/gsheilsi\/wp-json\/wp\/v2\/comments?post=80"}],"version-history":[{"count":4,"href":"https:\/\/wordpress.nibis.de\/gsheilsi\/wp-json\/wp\/v2\/pages\/80\/revisions"}],"predecessor-version":[{"id":843,"href":"https:\/\/wordpress.nibis.de\/gsheilsi\/wp-json\/wp\/v2\/pages\/80\/revisions\/843"}],"wp:attachment":[{"href":"https:\/\/wordpress.nibis.de\/gsheilsi\/wp-json\/wp\/v2\/media?parent=80"}],"curies":[{"name":"wp","href":"https:\/\/api.w.org\/{rel}","templated":true}]}}