{"id":85,"date":"2016-05-31T21:25:34","date_gmt":"2016-05-31T19:25:34","guid":{"rendered":"http:\/\/wordpress.nibis.de\/gsheilsi\/?page_id=85"},"modified":"2021-07-25T16:33:42","modified_gmt":"2021-07-25T14:33:42","slug":"beratungslehrerin","status":"publish","type":"page","link":"https:\/\/wordpress.nibis.de\/gsheilsi\/beratungslehrerin\/","title":{"rendered":"Beratungslehrerin"},"content":{"rendered":"<p><strong>Liebe Sch\u00fclerinnen und Sch\u00fcler, liebe Eltern,<\/strong><\/p>\n<p>An dieser Stelle m\u00f6chte ich mich gerne einmal vorstellen.<\/p>\n<p>Ich hei\u00dfe Ilka Kunert, bin seit einigen Jahren Lehrerin an dieser Schule und au\u00dferdem Beratunglehrerin.<\/p>\n<p>Als Beratungslehrerin bin ich f\u00fcr Sch\u00fclerinnen und Sch\u00fcler sowie f\u00fcr Eltern ansprechbar zu allen Problemen rund um Schule.<\/p>\n<p><strong>F\u00fcr Sch\u00fclerinnen und Sch\u00fcler:<\/strong><\/p>\n<p>Ich berate dich zu allem, was dir in der Schule vielleicht Schwierigkeiten bereitet und bei dem du Unterst\u00fctzung brauchst.<\/p>\n<p>Das k\u00f6nnen zum Beispiel sein:<\/p>\n<ul>\n<li>Probleme mit Mitsch\u00fclern oder Lehrern<\/li>\n<li>Schwierigkeiten beim Lernen oder bei den Hausaufgaben<\/li>\n<li>Problemen zu Hause, die euch das Lernen erschweren<\/li>\n<\/ul>\n<p>Ich habe immer ein offenes Ohr f\u00fcr dich und versuche gemeinsam mit dir eine L\u00f6sung zu finden. Sprich mich einfach an!<\/p>\n<p><strong><u>F\u00fcr Eltern:<\/u><\/strong><\/p>\n<p>Eltern w\u00fcnschen sich f\u00fcr ihr Kind, dass es gerne zur Schule geht und erfolgreich lernen kann. Ob Kinder sich in der Schule wohl f\u00fchlen und Lernerfolg haben, wird jedoch von vielen Faktoren in ihrem schulischen und privaten Umfeld beeinflusst.<\/p>\n<p>Ich berate Sie zu allen Fragen und Problemen, die die schulische Entwicklung ihres Kindes betreffen.<\/p>\n<p>Das k\u00f6nnen z. B. sein:<\/p>\n<ul>\n<li>Lern- \/Konzentrationsschwierigkeiten<\/li>\n<li>Verhaltensschwierigkeiten (im Unterricht und zu Hause)<\/li>\n<li>Konflikte mit Mitsch\u00fclern und Lehrern<\/li>\n<li>Soziale Faktoren, die die schulischen Leistungen beeintr\u00e4chtigen (z.B. Familiensituation, besondere famili\u00e4re Vorkommnisse o.\u00e4.)<\/li>\n<li>Mobbing<\/li>\n<li>Schulangst und Schulvermeidung<\/li>\n<li>Suchtproblematik (z.B. im Umgang mit Medien)<\/li>\n<li>Schullaufbahnberatung<\/li>\n<\/ul>\n<p>Die Inhalte der Beratung werden selbstverst\u00e4ndlich vertraulich behandelt.<\/p>\n<p>Wenn Sie Beratungsbedarf haben, melden Sie sich gerne und wir vereinbaren einen Termin.<\/p>\n","protected":false},"excerpt":{"rendered":"<p>Liebe Sch\u00fclerinnen und Sch\u00fcler, liebe Eltern, An dieser Stelle m\u00f6chte ich mich gerne einmal vorstellen. Ich hei\u00dfe Ilka Kunert, bin seit einigen Jahren Lehrerin an dieser Schule und au\u00dferdem Beratunglehrerin. Als Beratungslehrerin bin ich f\u00fcr Sch\u00fclerinnen und Sch\u00fcler sowie f\u00fcr &hellip; <a href=\"https:\/\/wordpress.nibis.de\/gsheilsi\/beratungslehrerin\/\">Weiterlesen <span class=\"meta-nav\">&rarr;<\/span><\/a><\/p>\n","protected":false},"author":1015,"featured_media":0,"parent":0,"menu_order":0,"comment_status":"closed","ping_status":"closed","template":"","meta":{"footnotes":""},"class_list":["post-85","page","type-page","status-publish","hentry"],"_links":{"self":[{"href":"https:\/\/wordpress.nibis.de\/gsheilsi\/wp-json\/wp\/v2\/pages\/85","targetHints":{"allow":["GET"]}}],"collection":[{"href":"https:\/\/wordpress.nibis.de\/gsheilsi\/wp-json\/wp\/v2\/pages"}],"about":[{"href":"https:\/\/wordpress.nibis.de\/gsheilsi\/wp-json\/wp\/v2\/types\/page"}],"author":[{"embeddable":true,"href":"https:\/\/wordpress.nibis.de\/gsheilsi\/wp-json\/wp\/v2\/users\/1015"}],"replies":[{"embeddable":true,"href":"https:\/\/wordpress.nibis.de\/gsheilsi\/wp-json\/wp\/v2\/comments?post=85"}],"version-history":[{"count":6,"href":"https:\/\/wordpress.nibis.de\/gsheilsi\/wp-json\/wp\/v2\/pages\/85\/revisions"}],"predecessor-version":[{"id":1514,"href":"https:\/\/wordpress.nibis.de\/gsheilsi\/wp-json\/wp\/v2\/pages\/85\/revisions\/1514"}],"wp:attachment":[{"href":"https:\/\/wordpress.nibis.de\/gsheilsi\/wp-json\/wp\/v2\/media?parent=85"}],"curies":[{"name":"wp","href":"https:\/\/api.w.org\/{rel}","templated":true}]}}