{"id":124,"date":"2024-07-01T16:33:36","date_gmt":"2024-07-01T14:33:36","guid":{"rendered":"https:\/\/wordpress.nibis.de\/gshermann-loens\/?page_id=124"},"modified":"2024-07-01T16:33:36","modified_gmt":"2024-07-01T14:33:36","slug":"krankheit-umzug-und-beurlaubung","status":"publish","type":"page","link":"https:\/\/wordpress.nibis.de\/gshermann-loens\/krankheit-umzug-und-beurlaubung\/","title":{"rendered":"Krankheit, Umzug und Beurlaubung"},"content":{"rendered":"\n<p>Sollte Ihr Kind erkrankt sein, teilen Sie dies bitte rechtzeitig vor Schulbeginn der Klassenlehrerin\/Fachlehrerin und der Schule per E-Mail mit. <\/p>\n\n\n\n<p>Beachten Sie unbedingt die meldepflichtigen Krankheiten (f\u00fcr die Sie ein Informationsblatt erhalten haben)!<\/p>\n\n\n\n<p>Bitte informieren Sie das Schulb\u00fcro ggf. rechtzeitig \u00fcber \u00c4nderungen der Telefonnummer (besonders wichtig Notfallnummer) oder wenn Sie einen Umzug planen.<\/p>\n\n\n\n<p>Sollten Sie Ihr Kind aufgrund wichtiger pers\u00f6nlicher Ereignisse f\u00fcr einzelne Tage vom Unterricht befreien lassen wollen, so stellen Sie diesbez\u00fcglich bitte einen schriftlichen Antrag an die Schulleitung. Vor und nach den Ferien darf eine Beurlaubung laut Schulgesetz nur unter besonderen Umst\u00e4nden seitens der Schulleitung erteilt werden!<\/p>\n","protected":false},"excerpt":{"rendered":"<p>Sollte Ihr Kind erkrankt sein, teilen Sie dies bitte rechtzeitig vor Schulbeginn der Klassenlehrerin\/Fachlehrerin und der Schule per E-Mail mit. Beachten Sie unbedingt die meldepflichtigen Krankheiten (f\u00fcr die Sie ein Informationsblatt erhalten haben)! Bitte informieren Sie das Schulb\u00fcro ggf. rechtzeitig &hellip; <a href=\"https:\/\/wordpress.nibis.de\/gshermann-loens\/krankheit-umzug-und-beurlaubung\/\">Weiterlesen <span class=\"meta-nav\">&rarr;<\/span><\/a><\/p>\n","protected":false},"author":9194392,"featured_media":0,"parent":0,"menu_order":0,"comment_status":"closed","ping_status":"closed","template":"","meta":{"footnotes":""},"class_list":["post-124","page","type-page","status-publish","hentry"],"_links":{"self":[{"href":"https:\/\/wordpress.nibis.de\/gshermann-loens\/wp-json\/wp\/v2\/pages\/124","targetHints":{"allow":["GET"]}}],"collection":[{"href":"https:\/\/wordpress.nibis.de\/gshermann-loens\/wp-json\/wp\/v2\/pages"}],"about":[{"href":"https:\/\/wordpress.nibis.de\/gshermann-loens\/wp-json\/wp\/v2\/types\/page"}],"author":[{"embeddable":true,"href":"https:\/\/wordpress.nibis.de\/gshermann-loens\/wp-json\/wp\/v2\/users\/9194392"}],"replies":[{"embeddable":true,"href":"https:\/\/wordpress.nibis.de\/gshermann-loens\/wp-json\/wp\/v2\/comments?post=124"}],"version-history":[{"count":1,"href":"https:\/\/wordpress.nibis.de\/gshermann-loens\/wp-json\/wp\/v2\/pages\/124\/revisions"}],"predecessor-version":[{"id":125,"href":"https:\/\/wordpress.nibis.de\/gshermann-loens\/wp-json\/wp\/v2\/pages\/124\/revisions\/125"}],"wp:attachment":[{"href":"https:\/\/wordpress.nibis.de\/gshermann-loens\/wp-json\/wp\/v2\/media?parent=124"}],"curies":[{"name":"wp","href":"https:\/\/api.w.org\/{rel}","templated":true}]}}