{"id":127,"date":"2024-07-01T16:37:27","date_gmt":"2024-07-01T14:37:27","guid":{"rendered":"https:\/\/wordpress.nibis.de\/gshermann-loens\/?page_id=127"},"modified":"2024-07-01T16:37:27","modified_gmt":"2024-07-01T14:37:27","slug":"konfliktloesungstreppe","status":"publish","type":"page","link":"https:\/\/wordpress.nibis.de\/gshermann-loens\/konfliktloesungstreppe\/","title":{"rendered":"Konfliktl\u00f6sungstreppe"},"content":{"rendered":"\n<p>Sch\u00fclerschaft, Eltern, Lehrkr\u00e4fte und Schulleitung der Hermann-L\u00f6ns-Schule sollen stets konstruktiv zusammenarbeiten und h\u00f6flich miteinander umgehen.<\/p>\n\n\n\n<p>Dennoch kann es im Schulalltag zu Konflikten und Unstimmigkeiten kommen.<\/p>\n\n\n\n<p>Bei Beschwerden, bzw. Konflikten sollte daher folgendes Vorgehen beachtet werden:<\/p>\n\n\n\n<p><strong>Sch\u00fcler-\/in gegen\u00fcber Lehrkraft<\/strong><\/p>\n\n\n\n<ul class=\"wp-block-list\"><li>Gespr\u00e4ch mit Lehrkraft (ggf. \u00fcber Klassensprecher), wenn nicht zufriedenstellend:<\/li><li>Gespr\u00e4ch mit Klassenlehrerin, Schulsozialarbeiter, wenn nicht zufriedenstellend:<\/li><li>Gespr\u00e4ch mit der Schulleiterin<\/li><\/ul>\n\n\n\n<p><strong>Lehrkraft gegen\u00fcber Sch\u00fcler-\/in<\/strong><\/p>\n\n\n\n<ul class=\"wp-block-list\"><li>Gespr\u00e4ch mit Sch\u00fcler\/in, wenn nicht zufriedenstellend:<\/li><li>Gespr\u00e4ch mit der Klassenlehrerin, wenn nicht zufriedenstellend:<\/li><li>Gespr\u00e4ch mit den Eltern, wenn nicht zufriedenstellend:<\/li><li>Gespr\u00e4ch mit der Schulleiterin<\/li><\/ul>\n\n\n\n<p><strong>Eltern gegen\u00fcber Lehrkraft, bzw. Lehrkraft gegen\u00fcber Eltern<\/strong><\/p>\n\n\n\n<ul class=\"wp-block-list\"><li>Gespr\u00e4ch mit Lehrkraft bzw. Eltern, wenn nicht zufriedenstellend:<\/li><li>Gespr\u00e4ch mit Klassenlehrerin bzw. Elternvertreter, wenn nicht zufriedenstellend:<\/li><li>Gespr\u00e4ch mit der Schulleiterin<\/li><\/ul>\n\n\n\n<p><strong>Sch\u00fcler-\/in, Eltern gegen\u00fcber Schulleiterin<\/strong><\/p>\n\n\n\n<ul class=\"wp-block-list\"><li>Gespr\u00e4ch mit Schulleiterin, wenn nicht zufriedenstellend:<\/li><li>Gespr\u00e4ch mit Vorsitzenden des Schulelternrats, wenn nicht zufriedenstellend:<\/li><li>Gespr\u00e4ch oder Brief an Landesschulbeh\u00f6rde, Abt. L\u00fcneburg<\/li><\/ul>\n","protected":false},"excerpt":{"rendered":"<p>Sch\u00fclerschaft, Eltern, Lehrkr\u00e4fte und Schulleitung der Hermann-L\u00f6ns-Schule sollen stets konstruktiv zusammenarbeiten und h\u00f6flich miteinander umgehen. Dennoch kann es im Schulalltag zu Konflikten und Unstimmigkeiten kommen. Bei Beschwerden, bzw. Konflikten sollte daher folgendes Vorgehen beachtet werden: Sch\u00fcler-\/in gegen\u00fcber Lehrkraft Gespr\u00e4ch mit &hellip; <a href=\"https:\/\/wordpress.nibis.de\/gshermann-loens\/konfliktloesungstreppe\/\">Weiterlesen <span class=\"meta-nav\">&rarr;<\/span><\/a><\/p>\n","protected":false},"author":9194392,"featured_media":0,"parent":0,"menu_order":0,"comment_status":"closed","ping_status":"closed","template":"","meta":{"footnotes":""},"class_list":["post-127","page","type-page","status-publish","hentry"],"_links":{"self":[{"href":"https:\/\/wordpress.nibis.de\/gshermann-loens\/wp-json\/wp\/v2\/pages\/127","targetHints":{"allow":["GET"]}}],"collection":[{"href":"https:\/\/wordpress.nibis.de\/gshermann-loens\/wp-json\/wp\/v2\/pages"}],"about":[{"href":"https:\/\/wordpress.nibis.de\/gshermann-loens\/wp-json\/wp\/v2\/types\/page"}],"author":[{"embeddable":true,"href":"https:\/\/wordpress.nibis.de\/gshermann-loens\/wp-json\/wp\/v2\/users\/9194392"}],"replies":[{"embeddable":true,"href":"https:\/\/wordpress.nibis.de\/gshermann-loens\/wp-json\/wp\/v2\/comments?post=127"}],"version-history":[{"count":1,"href":"https:\/\/wordpress.nibis.de\/gshermann-loens\/wp-json\/wp\/v2\/pages\/127\/revisions"}],"predecessor-version":[{"id":128,"href":"https:\/\/wordpress.nibis.de\/gshermann-loens\/wp-json\/wp\/v2\/pages\/127\/revisions\/128"}],"wp:attachment":[{"href":"https:\/\/wordpress.nibis.de\/gshermann-loens\/wp-json\/wp\/v2\/media?parent=127"}],"curies":[{"name":"wp","href":"https:\/\/api.w.org\/{rel}","templated":true}]}}