{"id":136,"date":"2024-07-01T16:44:38","date_gmt":"2024-07-01T14:44:38","guid":{"rendered":"https:\/\/wordpress.nibis.de\/gshermann-loens\/?page_id=136"},"modified":"2024-07-04T13:39:04","modified_gmt":"2024-07-04T11:39:04","slug":"bewegte-pause","status":"publish","type":"page","link":"https:\/\/wordpress.nibis.de\/gshermann-loens\/bewegte-pause\/","title":{"rendered":"Bewegte Pause"},"content":{"rendered":"\n<ul class=\"wp-block-list\"><li>Den Sch\u00fclern wird in beiden gro\u00dfen Pausen das Angebot gemacht, sich Spielger\u00e4te auszuleihen.<\/li><li>Hierf\u00fcr m\u00fcssen sie zur \u201ebewegten Pause\u201c gehen und ihren Leihausweis vorlegen. Sie erhalten ein Spielger\u00e4t ihrer Wahl, welches sie am Ende der Pause zur\u00fcckbringen. Im Gegenzug erhalten sie ihren Ausweis zur\u00fcck.<\/li><li>Die Ausleihe wird durch die 3. und 4. Klassen im w\u00f6chentlichen Wechsel organisiert. Jede Klasse verrichtet eine Woche ihren Dienst, der klassenintern organisiert wird. Am Ende der Woche wird der Schl\u00fcssel des Raumes der \u201ebewegten Pause\u201c an die n\u00e4chste Klasse bzw. der Klassenlehrerin weitergegeben.<\/li><\/ul>\n","protected":false},"excerpt":{"rendered":"<p>Den Sch\u00fclern wird in beiden gro\u00dfen Pausen das Angebot gemacht, sich Spielger\u00e4te auszuleihen. Hierf\u00fcr m\u00fcssen sie zur \u201ebewegten Pause\u201c gehen und ihren Leihausweis vorlegen. Sie erhalten ein Spielger\u00e4t ihrer Wahl, welches sie am Ende der Pause zur\u00fcckbringen. Im Gegenzug erhalten &hellip; <a href=\"https:\/\/wordpress.nibis.de\/gshermann-loens\/bewegte-pause\/\">Weiterlesen <span class=\"meta-nav\">&rarr;<\/span><\/a><\/p>\n","protected":false},"author":9194392,"featured_media":0,"parent":0,"menu_order":0,"comment_status":"closed","ping_status":"closed","template":"","meta":{"footnotes":""},"class_list":["post-136","page","type-page","status-publish","hentry"],"_links":{"self":[{"href":"https:\/\/wordpress.nibis.de\/gshermann-loens\/wp-json\/wp\/v2\/pages\/136","targetHints":{"allow":["GET"]}}],"collection":[{"href":"https:\/\/wordpress.nibis.de\/gshermann-loens\/wp-json\/wp\/v2\/pages"}],"about":[{"href":"https:\/\/wordpress.nibis.de\/gshermann-loens\/wp-json\/wp\/v2\/types\/page"}],"author":[{"embeddable":true,"href":"https:\/\/wordpress.nibis.de\/gshermann-loens\/wp-json\/wp\/v2\/users\/9194392"}],"replies":[{"embeddable":true,"href":"https:\/\/wordpress.nibis.de\/gshermann-loens\/wp-json\/wp\/v2\/comments?post=136"}],"version-history":[{"count":2,"href":"https:\/\/wordpress.nibis.de\/gshermann-loens\/wp-json\/wp\/v2\/pages\/136\/revisions"}],"predecessor-version":[{"id":335,"href":"https:\/\/wordpress.nibis.de\/gshermann-loens\/wp-json\/wp\/v2\/pages\/136\/revisions\/335"}],"wp:attachment":[{"href":"https:\/\/wordpress.nibis.de\/gshermann-loens\/wp-json\/wp\/v2\/media?parent=136"}],"curies":[{"name":"wp","href":"https:\/\/api.w.org\/{rel}","templated":true}]}}