{"id":138,"date":"2024-07-01T16:45:21","date_gmt":"2024-07-01T14:45:21","guid":{"rendered":"https:\/\/wordpress.nibis.de\/gshermann-loens\/?page_id=138"},"modified":"2025-02-02T13:42:51","modified_gmt":"2025-02-02T12:42:51","slug":"leitbild","status":"publish","type":"page","link":"https:\/\/wordpress.nibis.de\/gshermann-loens\/leitbild\/","title":{"rendered":"Leitbild"},"content":{"rendered":"\n<p>Unsere Schule ist ein Lernort, an dem die Sch\u00fcler in Sicherheit, Vertrautheit und W\u00e4rme arbeiten k\u00f6nnen. Die Kinder erhalten die Chance sich intellektuell, k\u00f6rperlich, motorisch und emotional zu entfalten. Ganzheitlich orientiertes und soziales Lernen wird von uns forciert.<\/p>\n\n\n\n<h3 class=\"wp-block-heading\">Wir arbeiten an folgenden aktuellen Schwerpunkten:<\/h3>\n\n\n\n<p><strong>F\u00f6rdern und Fordern<\/strong><br>Die Sch\u00fcler haben ein Recht auf individuelle Lernfortschritte. Deshalb begleiten wir sie in ihrem individuellen Lernprozess und richten im Rahmen der uns gegebenen M\u00f6glichkeiten F\u00f6rder- und Forderangebote in den F\u00e4chern Mathematik und Deutsch ein.<\/p>\n\n\n\n<p><strong>Kooperation mit anderen Einrichtungen<\/strong><br>Wir nutzen vielf\u00e4ltige Kontakte zu Organisationen im Umfeld unserer Schule, die f\u00fcr das Lernen in der Grundschule f\u00f6rderlich sind.&nbsp;<\/p>\n\n\n\n<p><strong>P\u00e4dagogische Werte\/ Erziehung<\/strong><br>Wir f\u00f6rdern die Selbstst\u00e4ndigkeit, Kreativit\u00e4t und&nbsp; Individualit\u00e4t unserer Sch\u00fcler und leiten sie zu h\u00f6flichem und respektvollem Umgang miteinander an.<\/p>\n\n\n\n<p><strong>Unterrichtsformen<\/strong><br>Alle Unterrichtsformen vom freien, selbstbestimmten Lernen bis zu gef\u00fchrtem, qualifiziertem Frontalunterricht werden von uns genutzt, um das jeweilige didaktische Ziel des Unterrichts zu erreichen und damit die Sch\u00fcler beim Lernen zu unterst\u00fctzen.<\/p>\n\n\n\n<p><strong>Schulkultur<\/strong><br>Durch Rituale und Feste im Schuljahresverlauf erm\u00f6glichen wir unseren Sch\u00fclern Gestaltungsanl\u00e4sse und Gemeinschaftserlebnisse.<\/p>\n","protected":false},"excerpt":{"rendered":"<p>Unsere Schule ist ein Lernort, an dem die Sch\u00fcler in Sicherheit, Vertrautheit und W\u00e4rme arbeiten k\u00f6nnen. Die Kinder erhalten die Chance sich intellektuell, k\u00f6rperlich, motorisch und emotional zu entfalten. Ganzheitlich orientiertes und soziales Lernen wird von uns forciert. Wir arbeiten &hellip; <a href=\"https:\/\/wordpress.nibis.de\/gshermann-loens\/leitbild\/\">Weiterlesen <span class=\"meta-nav\">&rarr;<\/span><\/a><\/p>\n","protected":false},"author":9194392,"featured_media":0,"parent":0,"menu_order":0,"comment_status":"closed","ping_status":"closed","template":"","meta":{"footnotes":""},"class_list":["post-138","page","type-page","status-publish","hentry"],"_links":{"self":[{"href":"https:\/\/wordpress.nibis.de\/gshermann-loens\/wp-json\/wp\/v2\/pages\/138","targetHints":{"allow":["GET"]}}],"collection":[{"href":"https:\/\/wordpress.nibis.de\/gshermann-loens\/wp-json\/wp\/v2\/pages"}],"about":[{"href":"https:\/\/wordpress.nibis.de\/gshermann-loens\/wp-json\/wp\/v2\/types\/page"}],"author":[{"embeddable":true,"href":"https:\/\/wordpress.nibis.de\/gshermann-loens\/wp-json\/wp\/v2\/users\/9194392"}],"replies":[{"embeddable":true,"href":"https:\/\/wordpress.nibis.de\/gshermann-loens\/wp-json\/wp\/v2\/comments?post=138"}],"version-history":[{"count":4,"href":"https:\/\/wordpress.nibis.de\/gshermann-loens\/wp-json\/wp\/v2\/pages\/138\/revisions"}],"predecessor-version":[{"id":736,"href":"https:\/\/wordpress.nibis.de\/gshermann-loens\/wp-json\/wp\/v2\/pages\/138\/revisions\/736"}],"wp:attachment":[{"href":"https:\/\/wordpress.nibis.de\/gshermann-loens\/wp-json\/wp\/v2\/media?parent=138"}],"curies":[{"name":"wp","href":"https:\/\/api.w.org\/{rel}","templated":true}]}}