{"id":145,"date":"2024-07-01T16:50:43","date_gmt":"2024-07-01T14:50:43","guid":{"rendered":"https:\/\/wordpress.nibis.de\/gshermann-loens\/?page_id=145"},"modified":"2025-02-02T13:43:08","modified_gmt":"2025-02-02T12:43:08","slug":"verlaessliche-grundschule","status":"publish","type":"page","link":"https:\/\/wordpress.nibis.de\/gshermann-loens\/verlaessliche-grundschule\/","title":{"rendered":"Verl\u00e4ssliche Grundschule"},"content":{"rendered":"\n<p>Die &#8222;verl\u00e4ssliche&#8220; Grundschule bedeutet, dass Ihr Kind von der ersten bis zur vierten Klasse verl\u00e4sslich von 8.00 bis 13.00 Uhr in der Schule unterrichtet, bzw. betreut wird.<\/p>\n\n\n\n<p>F\u00fcr die Kinder der ersten Klasse bis vierten Klasse beginnt der Unterricht t\u00e4glich um 08.00 Uhr. F\u00fcr die dritten und vierten Klassen endet der Unterricht t\u00e4glich um 13.00 Uhr, f\u00fcr die ersten&nbsp; Klassen t\u00e4glich, f\u00fcr die zweiten Klassen dreimal in der Woche, um 11.40\/12.06 Uhr.<\/p>\n\n\n\n<p>Sie als Eltern haben allerdings die M\u00f6glichkeit, f\u00fcr Ihr Kind in der ersten Klasse t\u00e4glich \u2013 und in der zweiten Klasse an drei Tagen in der Woche &#8211;&nbsp; &nbsp;die schulische Betreuung in der letzten Stunde &#8211; verbindlich f\u00fcr jeweils ein halbes Jahr \u2013 in Anspruch zu nehmen. Ihr Kind wird dann ab 12.06 Uhr von unseren P\u00e4dagogischen Mitarbeiterinnen bis 13.00 Uhr betreut.<\/p>\n\n\n\n<p>Bei extremen Witterungsbedingungen (Hagel, Eisgl\u00e4tte, Sturm, usw.) m\u00fcssen Sie als Eltern entscheiden, ob Sie Ihrem Kind den Schulweg zumuten k\u00f6nnen. Die Schule bietet Unterricht an. Bei hohen Temperaturen kann es \u201eHitzefrei\u201c geben, wobei wir \u2013 wenn wir meinen, dass es in unserem Geb\u00e4ude und auf dem Schulhof trotz des Schattens zu hei\u00df werden kann, zuvor schriftlich abfragen, welche Kinder in einem solchen Fall in der Schule bis 13.00 Uhr betreut werden sollen.<\/p>\n","protected":false},"excerpt":{"rendered":"<p>Die &#8222;verl\u00e4ssliche&#8220; Grundschule bedeutet, dass Ihr Kind von der ersten bis zur vierten Klasse verl\u00e4sslich von 8.00 bis 13.00 Uhr in der Schule unterrichtet, bzw. betreut wird. F\u00fcr die Kinder der ersten Klasse bis vierten Klasse beginnt der Unterricht t\u00e4glich &hellip; <a href=\"https:\/\/wordpress.nibis.de\/gshermann-loens\/verlaessliche-grundschule\/\">Weiterlesen <span class=\"meta-nav\">&rarr;<\/span><\/a><\/p>\n","protected":false},"author":9194392,"featured_media":0,"parent":0,"menu_order":0,"comment_status":"closed","ping_status":"closed","template":"","meta":{"footnotes":""},"class_list":["post-145","page","type-page","status-publish","hentry"],"_links":{"self":[{"href":"https:\/\/wordpress.nibis.de\/gshermann-loens\/wp-json\/wp\/v2\/pages\/145","targetHints":{"allow":["GET"]}}],"collection":[{"href":"https:\/\/wordpress.nibis.de\/gshermann-loens\/wp-json\/wp\/v2\/pages"}],"about":[{"href":"https:\/\/wordpress.nibis.de\/gshermann-loens\/wp-json\/wp\/v2\/types\/page"}],"author":[{"embeddable":true,"href":"https:\/\/wordpress.nibis.de\/gshermann-loens\/wp-json\/wp\/v2\/users\/9194392"}],"replies":[{"embeddable":true,"href":"https:\/\/wordpress.nibis.de\/gshermann-loens\/wp-json\/wp\/v2\/comments?post=145"}],"version-history":[{"count":3,"href":"https:\/\/wordpress.nibis.de\/gshermann-loens\/wp-json\/wp\/v2\/pages\/145\/revisions"}],"predecessor-version":[{"id":737,"href":"https:\/\/wordpress.nibis.de\/gshermann-loens\/wp-json\/wp\/v2\/pages\/145\/revisions\/737"}],"wp:attachment":[{"href":"https:\/\/wordpress.nibis.de\/gshermann-loens\/wp-json\/wp\/v2\/media?parent=145"}],"curies":[{"name":"wp","href":"https:\/\/api.w.org\/{rel}","templated":true}]}}