{"id":147,"date":"2024-07-01T16:51:52","date_gmt":"2024-07-01T14:51:52","guid":{"rendered":"https:\/\/wordpress.nibis.de\/gshermann-loens\/?page_id=147"},"modified":"2025-02-02T13:42:30","modified_gmt":"2025-02-02T12:42:30","slug":"elternrat","status":"publish","type":"page","link":"https:\/\/wordpress.nibis.de\/gshermann-loens\/elternrat\/","title":{"rendered":"Elternrat"},"content":{"rendered":"\n<p>Der Schulelternrat besteht bei uns an der Schule aus den gew\u00e4hlten Elternvertretern&nbsp;der Klassen und deren Stellvertretern. Diese werden f\u00fcr zwei Jahre in der ersten Klasse gew\u00e4hlt, die n\u00e4chste Wahl findet dann in der dritten Klasse statt.&nbsp;<\/p>\n\n\n\n<p>Der Schulelternrat tagt ca. alle 2 Monate und er\u00f6rtert alle schulischen Fragen.<\/p>\n\n\n\n<p>Dies sind nicht nur Angelegenheiten, die den Unterricht ber\u00fchren, sondern auch Fragen, die die Schule z. B. in Bezug auf die Lehrerversorgung, die r\u00e4umliche Situation und die Ausstattung betreffen. Es k\u00f6nnen auch allgemeine schulpolitische Fragen, z. B. die Lernmittelfreiheit oder die Schulgesetzgebung diskutiert werden. Der Schulelternrat sollte aber auch ein Ort sein, an dem die Eltern Informationen austauschen, an dem Verbesserungsvorschl\u00e4ge zu den Verh\u00e4ltnissen an der Schule eingebracht werden, und nicht zuletzt eine Aussprache und offene Diskussion stattfindet.<\/p>\n\n\n\n<p>Zur Teilnahme an der Gesamtkonferenz wurden insgesamt 6 Vertreter aus dem Kreis des Elternrates gew\u00e4hlt. Sie sind stimmberechtigt.<\/p>\n\n\n\n<p>Durch Gestaltung von Schulfesten oder anderen Veranstaltungen kann der Schulelternrat auch Geld einnehmen, das dann zweckgebunden an der Schule eingesetzt werden kann.<\/p>\n","protected":false},"excerpt":{"rendered":"<p>Der Schulelternrat besteht bei uns an der Schule aus den gew\u00e4hlten Elternvertretern&nbsp;der Klassen und deren Stellvertretern. Diese werden f\u00fcr zwei Jahre in der ersten Klasse gew\u00e4hlt, die n\u00e4chste Wahl findet dann in der dritten Klasse statt.&nbsp; Der Schulelternrat tagt ca. &hellip; <a href=\"https:\/\/wordpress.nibis.de\/gshermann-loens\/elternrat\/\">Weiterlesen <span class=\"meta-nav\">&rarr;<\/span><\/a><\/p>\n","protected":false},"author":9194392,"featured_media":0,"parent":0,"menu_order":0,"comment_status":"closed","ping_status":"closed","template":"","meta":{"footnotes":""},"class_list":["post-147","page","type-page","status-publish","hentry"],"_links":{"self":[{"href":"https:\/\/wordpress.nibis.de\/gshermann-loens\/wp-json\/wp\/v2\/pages\/147","targetHints":{"allow":["GET"]}}],"collection":[{"href":"https:\/\/wordpress.nibis.de\/gshermann-loens\/wp-json\/wp\/v2\/pages"}],"about":[{"href":"https:\/\/wordpress.nibis.de\/gshermann-loens\/wp-json\/wp\/v2\/types\/page"}],"author":[{"embeddable":true,"href":"https:\/\/wordpress.nibis.de\/gshermann-loens\/wp-json\/wp\/v2\/users\/9194392"}],"replies":[{"embeddable":true,"href":"https:\/\/wordpress.nibis.de\/gshermann-loens\/wp-json\/wp\/v2\/comments?post=147"}],"version-history":[{"count":3,"href":"https:\/\/wordpress.nibis.de\/gshermann-loens\/wp-json\/wp\/v2\/pages\/147\/revisions"}],"predecessor-version":[{"id":735,"href":"https:\/\/wordpress.nibis.de\/gshermann-loens\/wp-json\/wp\/v2\/pages\/147\/revisions\/735"}],"wp:attachment":[{"href":"https:\/\/wordpress.nibis.de\/gshermann-loens\/wp-json\/wp\/v2\/media?parent=147"}],"curies":[{"name":"wp","href":"https:\/\/api.w.org\/{rel}","templated":true}]}}