{"id":158,"date":"2024-07-01T16:58:52","date_gmt":"2024-07-01T14:58:52","guid":{"rendered":"https:\/\/wordpress.nibis.de\/gshermann-loens\/?page_id=158"},"modified":"2024-10-03T15:52:39","modified_gmt":"2024-10-03T13:52:39","slug":"plattdueuetsche-school","status":"publish","type":"page","link":"https:\/\/wordpress.nibis.de\/gshermann-loens\/plattdueuetsche-school\/","title":{"rendered":"Plattd\u00fc\u00fctsche School"},"content":{"rendered":"\n<p style=\"font-size:17px\"><strong>Wi snackt Platt in de Hermann-L\u00f6ns-School<\/strong><\/p>\n\n\n\n<p>Mit Beginn des Schuljahres 2018\/19 ist die Hermann-L\u00f6ns-Schule&nbsp;<strong>\u201ePlattdeutsche Projektschule\u201c<\/strong> (siehe Zeitungsartikel) geworden.<\/p>\n\n\n\n<p>Durch die vielf\u00e4ltigen bestehenden plattdeutschen Aktionen und Angebote zur Pflege und Erhalt der niederdeutschen Sprache hat unsere Schule seit dem 04.03.2020 nun auch die Kriterien f\u00fcr eine&nbsp;<strong>Zertifizierung zur<\/strong>&nbsp;<strong>\u201ePlattdeutschen Schule\u201c<\/strong>&nbsp;(siehe Zeitungsartikel) erf\u00fcllt.&nbsp;<\/p>\n\n\n\n<!--more-->\n\n\n\n<p><span style=\"text-decoration: underline\" class=\"underline\">Das bedeutet:<\/span><\/p>\n\n\n\n<ol class=\"wp-block-list\" type=\"1\"><li>Die Region und ihre Sprache sind Bestandteil des Schulprogramms und geh\u00f6ren zur Profilbildung der Schule<\/li><li>Es findet Unterricht nach der Immersionsmethode statt<\/li><li>Die Schule hat mindestens eine hauptamtliche Lehrkraft, die die Regionalsprache spricht.<\/li><\/ol>\n\n\n\n<p style=\"font-size:17px\"><strong><u>Immersionsunterricht an der Hermann- L\u00f6ns-Schule:<\/u><\/strong><\/p>\n\n\n\n<ol class=\"is-style-default wp-block-list\"><li>Seit 2007 besteht eine <strong>Plattdeutsch-AG<\/strong> f\u00fcr die 3.\/4. Klassen.<\/li><li>Im Schuljahr 2018\/19 fand in der 3. Klasse der <strong>Kunstunterricht auf Plattdeutsch<\/strong> statt.<\/li><li>2018 wurde mit der Plattdeutsch- u. Chor-AG gemeinsam ein <strong>plattdeutsches Musical<\/strong> aufgef\u00fchrt.<\/li><li><strong>Schulleben:<\/strong>  &#8211; Plattdeutsche Begr\u00fc\u00dfung \/Verabschiedung<br>                      &#8211; T\u00e4glich stattfindender Morgenkreis auf Plattdeutsch, der von verschiedenen<br>                        Sch\u00fclernInnen geleitet wird<br>                      &#8211; Plattdeutsche Spiele<br>                      &#8211; Lehrer erz\u00e4hlt eigene Erlebnisse auf Plattdeutsch<\/li><li><strong>Musik:<\/strong> &#8211; Plattdeutsches Liedgut, plattdeutsches Singspiel (2018\/2022\/2024)<\/li><li><strong>Deutsch:<\/strong> Spiele, plattdeutsche Texte, Gedichte<\/li><li>Seit dem Schuljahr 2019\/20: W\u00f6chentlich 1 Stunde Sachunterricht<br>in der Klasse 1b\/2b auf Plattdeutsch nach dem Lehrwerk \u201ePlattsnack 1\/2&#8243;\/<br>Nele Ohlson<\/li><li>Plattdeutsch-AG: <strong>\u201eSteinzeitprojekt\u201c auf Plattdeutsch<\/strong> mit dem Arch\u00e4ologen<br>Achim Gr\u00fcndel<\/li><\/ol>\n\n\n\n<p style=\"font-size:17px\"><strong><span style=\"text-decoration: underline\" class=\"underline\">Besondere schulische Projekte:<\/span><\/strong><\/p>\n\n\n\n<ul class=\"wp-block-list\"><li><strong>Adventsnachmittage<\/strong> mit plattdeutschen Vorf\u00fchrungen und dem Musiker Klaus Stehr<\/li><li><strong>Projekttag mit der Hamburger \u201eT\u00fcdelband\u201c<\/strong> im Rahmen der \u201eplattdeutschen Wochen&#8220; <br>mit anschlie\u00dfender Pr\u00e4sentation vor der gesamten Schule (s. Zeitungsbericht)<\/li><li>Vorf\u00fchrungen des <strong>Kiepenkaspers<\/strong> (2016\/2018\/2020\/2024) f\u00fcr die gesamte Schulgemeinschaft (siehe Zeitungsartikel)<\/li><li>Bewerbung als <strong>Projektschule f\u00fcr Niederdeutsch<\/strong> (2018)<\/li><li><strong>Plattdeutsche Durchsagen<\/strong> von Sch\u00fclerInnen \u00fcber die Schulmikrofonanlage jeweils zu <br>besonderen Veranstaltungen i.d. Schule und zum letzten Schultag vor den Ferien<\/li><li><strong>Workshop mit dem Liedermacher \u201ePeter Paulsen\u201c<\/strong> (2018\/2022) mit Pr\u00e4sentation vor G\u00e4sten in der Hermann-L\u00f6ns-Schule (siehe Zeitungsartikel)<\/li><li><strong>Kinofilm \u201eRitter Trenk op Platt\u201c<\/strong> mit der gesamten Schulgemeinschaft<\/li><li>Seit 2015: Regelm\u00e4\u00dfige Hospitation und Unterrichtsversuche von Studenten der <strong>Leuphana <\/strong><br><strong>Universit\u00e4t <\/strong>in der Plattdeutsch-AG<\/li><li>Teilnahme am <strong>bundesweiten Vorlesetag<\/strong><\/li><li>Einrichten einer <strong>plattdeutschen B\u00fccherecke in der Schulbibliothek<\/strong><\/li><li>Einrichten einer <strong>plattdeutschen Informationswand<\/strong><\/li><li>Teilnahme an der <strong>Aktion \u201eFreedag is Plattdag\u201c<\/strong><\/li><li><strong>Plattdeutsche Beschriftung der Fachr\u00e4ume<\/strong><\/li><li><strong>Verabschiedung der Viertkl\u00e4ssler:<\/strong> Lieder, Sketche, kleine Theaterst\u00fccke auf Platt<\/li><li><strong>Morgensingen<\/strong> mit allen Klassen: Plattdeutsche Lieder<\/li><li><strong>Schulsingen f\u00fcr die gesamte Schulgemeinschaft<\/strong> (01.03.19; 14.02.20): Plattdeutsche<br>Lieder mit plattdeutschen Ansagen<\/li><li>Ausleihen des <strong>\u201ePlattdeutschen B\u00fccherkoffers\u201c<\/strong> (Buchhandlung am Markt)<\/li><li>13.\/14.3.20: <strong>Workshop mit dem plattdeutschen Liedermacher \u201eJan Cornelius\u201c<\/strong> mit anschlie\u00dfendem Konzert im \u201eAlten Forsthaus\u201c in Bardowick im Rahmen der plattdeutschen Wochen (siehe Zeitungsartikel)<\/li><\/ul>\n\n\n\n<p style=\"font-size:18px\"><strong><span style=\"text-decoration: underline\" class=\"underline\">Au\u00dferschulische Veranstaltungen:<\/span><\/strong><\/p>\n\n\n\n<ul class=\"wp-block-list\"><li><strong>Seit 2008<\/strong> (zuletzt 2018): Regelm\u00e4\u00dfige <strong>Teilnahme am Schultheaterfestival<\/strong><\/li><li><strong>Seit 2007<\/strong>: Regelm\u00e4\u00dfige <strong>Teilnahme an den Seniorenadventsfeiern<\/strong> der Johanniter<br>und des Seniorenkreises der St.Michaeliskirche<\/li><li><strong>Seit 2008:<\/strong> Regelm\u00e4\u00dfige <strong>Teilnahme am \u201ePlattdeutschen Lesewettbewerb\u201c<\/strong> (Schul-<br>entscheid, Kreisentscheid, Landesentscheid (zuletzt 2023, siehe<br>Zeitungsbericht)<\/li><li><strong>2014: <\/strong>Veranstaltung d. Leuphana Universit\u00e4t: <strong>\u201ePlatt f\u00f6r Plietsche\u201c<\/strong><\/li><li><strong>Kinofilm \u201eRitter Trenk\u201c<\/strong><\/li><li><strong>Seit 2005:<\/strong> Regelm\u00e4\u00dfiger <strong>Besuch von Plattdeutschfortbildungen<\/strong>; zuletzt Quali-<br>fizierung Niederdeutsch an Grundschulen (5 Module; 2018\/19)<\/li><li><strong>August 2018:<\/strong> Die Hermann-L\u00f6ns-Schule wird <strong>\u201ePlattdeutsche Projektschule\u201c<\/strong><br>(siehe Zeitungsartikel)<\/li><li><strong>Advent 2019:<\/strong> Auftritt der Plattdeutsch-AG im Cafe\/Restaurant \u201eAlter Uhu\u201c<br>mit anschlie\u00dfender Lesung v. Urte Gehrckens-G\u00e4rtner<\/li><li><strong>10.02.2020: <\/strong>Besuch der Theatervorstellung <strong>\u201eTom Sawyer..\u201c <\/strong>mit dem 3.\/4.<br>Jahrgang im e-novum<\/li><li><strong>04.03.2020:<\/strong> Vergabe des <strong>Titels \u201ePlattdeutsche Schule\u201c<\/strong> (siehe Zeitungsartikel)<\/li><li>5 Sch\u00fclerinnen der HLS u.Lehrerin Urte Gehrckens-G\u00e4rtner lesen<br>plattdeutsche Geschichten f.d. <strong>plattdeutschen Kanal \u201ePlatt vun tohuus\u201c auf<br>YouTube<\/strong> (Bericht der LZ am 08.12.20)<\/li><li><strong>20.05.2022:<\/strong> <strong>Teilnahme am Forum f\u00fcr den Niedersachsentag<\/strong> in der Leuphana-<br>Uni: Unter der Leitung v.d. Lehrerin Urte Gehrckens-G\u00e4rtner singen<br>Kinder a.d. zweiten Jahrgang der HLS zusammen mit dem Musiker Klaus Stehr<br>u. Gitarrensch\u00fclern plattdeutsche Lieder<\/li><li><strong>02.06.2022: <\/strong>Auftritt der zweiten Klassen d.HLS mit plattdeutschen Liedern<br>auf dem L\u00fcneburger Marktplatz (ca. 1 Std.) als <strong>Benefizkonzert zugunsten der<br>Ukraine-Hilfe<\/strong> unter der Leitung v. Lehrerin Urte Gehrckens-G\u00e4rtner<br>(musikalisch unterst\u00fctzt v.d. Musiker Klaus Stehr u. 2 Gitarrensch\u00fclern)<\/li><li><strong>August 2022:<\/strong> Sch\u00fclerInnen der HLS singen <strong>im Tonstudio<\/strong> plattdeutsche Lieder<br>ein.<\/li><li><strong>11.10.2022\/10.11.2023<\/strong>: Unter d. Leitung v. Lehrerin Urte Gehrckens-<br>G\u00e4rtner singen Sch\u00fclerInnen d. HLS (3.\/4. Jahrgang) plattdeutsche Lieder<br>in der Seniorenresidenz L\u00fcneburg (musikalische Begleitung v.d. Musiker Klaus Stehr)<\/li><li><strong>11.11.2022:<\/strong> Singen v. plattdeutschen Liedern im Seniorenheim \u201eKervita\u201c in<br>Reppenstedt<\/li><li><strong>25.04.2023:<\/strong> Plattdeutscher Abend in der Gastst\u00e4tte Stumpf in Embsen als<br><strong>Benefizveranstaltung zugunsten der Erdbebenopfer in der T\u00fcrkei:<\/strong> Unter der<br>Leitung v.d. Lehrerin Urte Gehrckens-G\u00e4rtner pr\u00e4sentieren Kinder d.Hermann-<br>Schule Geschichten und Lieder auf Plattdeutsch, musikalisch begleitet v.d.<br>Musiker Klaus Stehr m. Gitarrensch\u00fcler (siehe Zeitungsartikel)<\/li><li><strong>27.06.2023:<\/strong> <strong>Familienfest auf Plattdeutsch<\/strong> im Treppenspeicher Westergellersen:<br>Unter der Leitung v.d. Lehrerin Urte Gehrckens-G\u00e4rtner spielen Kinder aus dem 3. Jahrgang der Hermann-L\u00f6ns-Schule Sketche, singen Lieder sowie lesen Geschichten auf Plattdeutsch (musikalisch begleitet von dem Musiker Klaus Stehr und Peter Paulsen)<\/li><li><strong>20.09.2023:<\/strong> Auftaktveranstaltung <strong>\u201eFreedag is Plattdag\u201c<\/strong> in Hannover mit dem <br>Ministerpr\u00e4sidenten Stephan Weil; Urte Gehrckens-G\u00e4rtner u. 7 Kinder aus der HLS des 4. Jahrgangs singen 4 plattdeutsche Lieder &#8211; begleitet von dem Musiker Klaus Stehr (siehe Zeitungsartikel)<\/li><li><strong>14.12.2023<\/strong>: <strong>Plattdeutsches Weihnachtsfest \u201eRund \u00fcm den Wiehnachtsboom\u201c<\/strong><br>im \u201eOlen Forsthuus\u201c in Bardowick:<br>Urte Gehrckens-G\u00e4rtner u. Kinder der Plattdeutsch-AG d.HLS singen, lesen und<br>spielen Weihnachtliches auf Plattdeutsch<br>(musikalisch unterst\u00fctzt v.d. Musiker Klaus Stehr u. Gitarrensch\u00fcler).<\/li><li><strong>03.03.2024:<\/strong> <strong>Musikuss Festival in Barum:<\/strong> Unter der Leitung v. Urte Gehrckens-<br>G\u00e4rtner singt der Chor der HLS plattdeutsche Lieder (begleitet v.d.Trio<br>Nordl\u00fccht)<\/li><li><strong>Juni 2024:<\/strong> <strong>1. Preis i.d. Gruppe 2 bei der \u201ePlattdeutschen Filmpreisverleihung\u201c<br>f\u00fcr Unkel Hein hett een Buuernhof\u201c <\/strong>von Jonte Gl\u00e4ssel und zahlreichen<br>Sch\u00fclerInnen d. HLS (siehe Zeitungsartikel)<\/li><li><strong>August 2024:<\/strong> Erscheinen eines <strong>CD -Albums mit dem Titel \u201eRappelschnuten,<br>Deerten un anner L\u00fc\u00fcd\u201c<\/strong> von Klaus Stehr, unter der Mitwirkung von<br>11 Sch\u00fclerinnen und Sch\u00fclern u.d. Lehrkraft Urte Gehrckens-G\u00e4rtner v.d. HLS<br>(siehe Zeitungsartikel)<\/li><\/ul>\n\n\n\n<p style=\"font-size:18px\"><strong><span style=\"text-decoration: underline\" class=\"underline\">Unterrichtendes Personal\/Unterst\u00fctzung:<\/span><\/strong><\/p>\n\n\n\n<ul class=\"wp-block-list\"><li>Lehrkraft Urte Gehrckens-G\u00e4rtner, die aktiv spricht und unterrichtet.<\/li><li>Aktiv sprechende ehrenamtliche Mitarbeiter:<\/li><\/ul>\n\n\n\n<ol class=\"wp-block-list\"><li><strong>Musiker Klaus Stehr<\/strong> (singt seit 2017 einmal im Monat plattdeutsche Lieder<br>mit Kindern der Plattdeutsch-AG, unterst\u00fctzt unsere plattdeutschen Schul-<br>auftritte in der \u00d6ffentlichkeit mit der Gitarre (z.B. Niedersachsentag in der<br>\u201eLeuphana-Universit\u00e4t\u201c, in Altenheimen, auf dem L\u00fcneburger Marktplatz, bei der<br>Aktion \u201eFreedag is Plattdag\u201c in Hannover, beim Festival \u201eMUSIKUSS\u201c in Barum,<br>bei plattdeutschen Weihnachtfesten im \u201eAlten Uhu\u201c u. im \u201eOlen Forsthuus\u201c<br>in Bardowick, bei den Veranstaltungen \u201eKinner, Kinner\u201c in Embsen sowie beim<br>Familienfest \u201eF\u00f6r Groot un L\u00fctt\u201c in Westergellersen (teilweise m. seinen Gitarren-<br>sch\u00fclern) u. coacht teilnehmende Kinder am plattdeutschen Lesewettbewerb;<\/li><li><strong>Gymnasiallehrer i.R. Karl-Heinz Leefmann<\/strong> (begleitet w\u00f6chentlich seit<br>Fr\u00fchjahr 2019 die Plattdeutsch-AG, unterst\u00fctzt plattdeutsche Veranstaltungen<br>und coacht teilnehmende Kinder am plattdeutschen Lesewettbewerb); beim<br>bundesweiten Vorlesetag 2019 hat K-H. Leefmann plattdeutsche Geschichten<br>vorgelesen.<\/li><li><strong>Arch\u00e4ologe Achim Gr\u00fcndel <\/strong>f\u00fchrte im zweiten Halbjahr des Schuljahres<br>2023\/24 in der Plattdeutsch-AG ein \u201eSteinzeitprojekt\u201c auf Plattdeutsch durch<br>(siehe Zeitungsartikel).<\/li><\/ol>\n\n\n\n<ul class=\"wp-block-list\"><li><strong>Der plattdeutsche Verein \u201eL\u00fcneplatt\u201c<\/strong> hat das Projekt mit der \u201eT\u00fcdelband\u201c,<br>den Workshop mit \u201eJan Cornelius\u201c sowie mit \u201ePeter Paulsen\u201c finanziert.<\/li><li>Die <strong>Buchhandlung L\u00fcnebuch<\/strong> verleiht den \u201ePlattdeutschen B\u00fccherkoffer\u201c<\/li><li>Der <strong>Schulf\u00f6rderverein<\/strong> hat die Anschaffung der plattdeutschen B\u00fccher f\u00fcr die<br>Schulb\u00fccherei sowie den Workshop mit Peter Paulsen finanziert.<\/li><\/ul>\n","protected":false},"excerpt":{"rendered":"<p>Wi snackt Platt in de Hermann-L\u00f6ns-School Mit Beginn des Schuljahres 2018\/19 ist die Hermann-L\u00f6ns-Schule&nbsp;\u201ePlattdeutsche Projektschule\u201c (siehe Zeitungsartikel) geworden. Durch die vielf\u00e4ltigen bestehenden plattdeutschen Aktionen und Angebote zur Pflege und Erhalt der niederdeutschen Sprache hat unsere Schule seit dem 04.03.2020 nun &hellip; <a href=\"https:\/\/wordpress.nibis.de\/gshermann-loens\/plattdueuetsche-school\/\">Weiterlesen <span class=\"meta-nav\">&rarr;<\/span><\/a><\/p>\n","protected":false},"author":9194392,"featured_media":0,"parent":0,"menu_order":0,"comment_status":"closed","ping_status":"closed","template":"","meta":{"footnotes":""},"class_list":["post-158","page","type-page","status-publish","hentry"],"_links":{"self":[{"href":"https:\/\/wordpress.nibis.de\/gshermann-loens\/wp-json\/wp\/v2\/pages\/158","targetHints":{"allow":["GET"]}}],"collection":[{"href":"https:\/\/wordpress.nibis.de\/gshermann-loens\/wp-json\/wp\/v2\/pages"}],"about":[{"href":"https:\/\/wordpress.nibis.de\/gshermann-loens\/wp-json\/wp\/v2\/types\/page"}],"author":[{"embeddable":true,"href":"https:\/\/wordpress.nibis.de\/gshermann-loens\/wp-json\/wp\/v2\/users\/9194392"}],"replies":[{"embeddable":true,"href":"https:\/\/wordpress.nibis.de\/gshermann-loens\/wp-json\/wp\/v2\/comments?post=158"}],"version-history":[{"count":5,"href":"https:\/\/wordpress.nibis.de\/gshermann-loens\/wp-json\/wp\/v2\/pages\/158\/revisions"}],"predecessor-version":[{"id":469,"href":"https:\/\/wordpress.nibis.de\/gshermann-loens\/wp-json\/wp\/v2\/pages\/158\/revisions\/469"}],"wp:attachment":[{"href":"https:\/\/wordpress.nibis.de\/gshermann-loens\/wp-json\/wp\/v2\/media?parent=158"}],"curies":[{"name":"wp","href":"https:\/\/api.w.org\/{rel}","templated":true}]}}