{"id":160,"date":"2024-07-01T16:59:14","date_gmt":"2024-07-01T14:59:14","guid":{"rendered":"https:\/\/wordpress.nibis.de\/gshermann-loens\/?page_id=160"},"modified":"2024-12-22T15:37:54","modified_gmt":"2024-12-22T14:37:54","slug":"sportfreundliche-schule","status":"publish","type":"page","link":"https:\/\/wordpress.nibis.de\/gshermann-loens\/sportfreundliche-schule\/","title":{"rendered":"Sportfreundliche Schule"},"content":{"rendered":"\n<p>Mit der Landesauszeichnung \u201eSportfreundliche Schule\u201c sollen Schulen motiviert werden, Sport und Fitness in ihr Schulprogramm aufzunehmen und mit vielf\u00e4ltigen Bewegungsangeboten und gesunder Ern\u00e4hrung die Entwicklung von Kindern und Jugendlichen zu f\u00f6rdern. Ferner m\u00f6chten das Nieders\u00e4chsische Kultusministerium und der Landessportbund Niedersachsen f\u00fcr ein sportfreundliches Klima an den Schulen werben und die Arbeit der Schulleitung, der Lehrkr\u00e4fte sowie aller Personen w\u00fcrdigen, die sich in einer Schule f\u00fcr Sportlichkeit und Fitness der Kinder und Jugendlichen einsetzen.<\/p>\n","protected":false},"excerpt":{"rendered":"<p>Mit der Landesauszeichnung \u201eSportfreundliche Schule\u201c sollen Schulen motiviert werden, Sport und Fitness in ihr Schulprogramm aufzunehmen und mit vielf\u00e4ltigen Bewegungsangeboten und gesunder Ern\u00e4hrung die Entwicklung von Kindern und Jugendlichen zu f\u00f6rdern. Ferner m\u00f6chten das Nieders\u00e4chsische Kultusministerium und der Landessportbund Niedersachsen &hellip; <a href=\"https:\/\/wordpress.nibis.de\/gshermann-loens\/sportfreundliche-schule\/\">Weiterlesen <span class=\"meta-nav\">&rarr;<\/span><\/a><\/p>\n","protected":false},"author":9194392,"featured_media":0,"parent":0,"menu_order":0,"comment_status":"closed","ping_status":"closed","template":"","meta":{"footnotes":""},"class_list":["post-160","page","type-page","status-publish","hentry"],"_links":{"self":[{"href":"https:\/\/wordpress.nibis.de\/gshermann-loens\/wp-json\/wp\/v2\/pages\/160","targetHints":{"allow":["GET"]}}],"collection":[{"href":"https:\/\/wordpress.nibis.de\/gshermann-loens\/wp-json\/wp\/v2\/pages"}],"about":[{"href":"https:\/\/wordpress.nibis.de\/gshermann-loens\/wp-json\/wp\/v2\/types\/page"}],"author":[{"embeddable":true,"href":"https:\/\/wordpress.nibis.de\/gshermann-loens\/wp-json\/wp\/v2\/users\/9194392"}],"replies":[{"embeddable":true,"href":"https:\/\/wordpress.nibis.de\/gshermann-loens\/wp-json\/wp\/v2\/comments?post=160"}],"version-history":[{"count":2,"href":"https:\/\/wordpress.nibis.de\/gshermann-loens\/wp-json\/wp\/v2\/pages\/160\/revisions"}],"predecessor-version":[{"id":625,"href":"https:\/\/wordpress.nibis.de\/gshermann-loens\/wp-json\/wp\/v2\/pages\/160\/revisions\/625"}],"wp:attachment":[{"href":"https:\/\/wordpress.nibis.de\/gshermann-loens\/wp-json\/wp\/v2\/media?parent=160"}],"curies":[{"name":"wp","href":"https:\/\/api.w.org\/{rel}","templated":true}]}}