{"id":166,"date":"2024-07-01T17:00:29","date_gmt":"2024-07-01T15:00:29","guid":{"rendered":"https:\/\/wordpress.nibis.de\/gshermann-loens\/?page_id=166"},"modified":"2024-07-01T17:43:41","modified_gmt":"2024-07-01T15:43:41","slug":"lesementor","status":"publish","type":"page","link":"https:\/\/wordpress.nibis.de\/gshermann-loens\/lesementor\/","title":{"rendered":"Lesementor"},"content":{"rendered":"\n<p>Auch an der Hermann- L\u00f6ns- Schule unterst\u00fctzen Mitglieder des Vereins Mentor einige Sch\u00fcler und Sch\u00fclerinnen, denen das Lesen oder Lesenlernen nicht ganz leicht f\u00e4llt. \u201eDoch Lesen ist \u2026 eine elementar wichtige F\u00e4higkeit, und damit jene, die sich damit etwas schwerer tun, in der Schule nicht gleich den Anschluss verlieren, \u00fcben Ehrenamtliche regelm\u00e4\u00dfig mit ihnen. Die Leselernhelfer des Vereins Mentor sind an den Grundschulen L\u00fcneburgs zu unverzichtbaren Helfern geworden.\u201c (aus LZ 14.04.2015)<\/p>\n\n\n\n<p>Diese individuelle Lesef\u00f6rderung findet parallel zum Deutschunterricht und in Absprache mit der Fachlehrerin statt. Neben der F\u00f6rderung der Lesekompetenz erfahren die Kinder auch, wie viel Spa\u00df es machen kann, einen interessanten Text oder eine spannende Geschichte lesen zu k\u00f6nnen.<\/p>\n\n\n\n<p>Ein gro\u00dfes Dankesch\u00f6n an unsere Lesehelfer!<\/p>\n","protected":false},"excerpt":{"rendered":"<p>Auch an der Hermann- L\u00f6ns- Schule unterst\u00fctzen Mitglieder des Vereins Mentor einige Sch\u00fcler und Sch\u00fclerinnen, denen das Lesen oder Lesenlernen nicht ganz leicht f\u00e4llt. \u201eDoch Lesen ist \u2026 eine elementar wichtige F\u00e4higkeit, und damit jene, die sich damit etwas schwerer &hellip; <a href=\"https:\/\/wordpress.nibis.de\/gshermann-loens\/lesementor\/\">Weiterlesen <span class=\"meta-nav\">&rarr;<\/span><\/a><\/p>\n","protected":false},"author":9194392,"featured_media":0,"parent":0,"menu_order":0,"comment_status":"closed","ping_status":"closed","template":"","meta":{"footnotes":""},"class_list":["post-166","page","type-page","status-publish","hentry"],"_links":{"self":[{"href":"https:\/\/wordpress.nibis.de\/gshermann-loens\/wp-json\/wp\/v2\/pages\/166","targetHints":{"allow":["GET"]}}],"collection":[{"href":"https:\/\/wordpress.nibis.de\/gshermann-loens\/wp-json\/wp\/v2\/pages"}],"about":[{"href":"https:\/\/wordpress.nibis.de\/gshermann-loens\/wp-json\/wp\/v2\/types\/page"}],"author":[{"embeddable":true,"href":"https:\/\/wordpress.nibis.de\/gshermann-loens\/wp-json\/wp\/v2\/users\/9194392"}],"replies":[{"embeddable":true,"href":"https:\/\/wordpress.nibis.de\/gshermann-loens\/wp-json\/wp\/v2\/comments?post=166"}],"version-history":[{"count":2,"href":"https:\/\/wordpress.nibis.de\/gshermann-loens\/wp-json\/wp\/v2\/pages\/166\/revisions"}],"predecessor-version":[{"id":232,"href":"https:\/\/wordpress.nibis.de\/gshermann-loens\/wp-json\/wp\/v2\/pages\/166\/revisions\/232"}],"wp:attachment":[{"href":"https:\/\/wordpress.nibis.de\/gshermann-loens\/wp-json\/wp\/v2\/media?parent=166"}],"curies":[{"name":"wp","href":"https:\/\/api.w.org\/{rel}","templated":true}]}}