{"id":181,"date":"2024-07-01T17:13:46","date_gmt":"2024-07-01T15:13:46","guid":{"rendered":"https:\/\/wordpress.nibis.de\/gshermann-loens\/?page_id=181"},"modified":"2024-07-01T17:13:46","modified_gmt":"2024-07-01T15:13:46","slug":"schwimmunterricht","status":"publish","type":"page","link":"https:\/\/wordpress.nibis.de\/gshermann-loens\/schwimmunterricht\/","title":{"rendered":"Schwimmunterricht"},"content":{"rendered":"\n<p>Die Schwimmabzeichen f\u00fcr Kinder\/Jugendliche erfreuen sich gro\u00dfer Beliebtheit. Die Hermann-L\u00f6ns-Schule ist als L\u00fcneburger Stadtschule mit guter Busanbindung an das Sal\u00fc \/ Sportbad in der gl\u00fccklichen Lage, im 3. Jahrgang f\u00fcr alle Klassen Schwimmunterricht erteilen zu k\u00f6nnen. Den Schwimmunterricht \u00fcbernimmt mindestens eine qualifizierte Sportlehrkraft mit einer Begleitperson. Die Abnahme der Abzeichen erfolgt w\u00e4hrend des Schwimmunterrichts in leistungsdifferenzierten Gruppen. Der Jugendschwimmpass kann in den drei Stufen Bronze, Silber und Gold abgelegt werden. Selbstverst\u00e4ndlich legen wir zun\u00e4chst besonderen Wert darauf, den Fr\u00fchschwimmern die n\u00f6tige Wassersicherheit sowie Schwimmfertigkeit beizubringen, die mit dem Fr\u00fchschwimmer-Abzeichen Seepferdchen erlangt wird.<\/p>\n\n\n\n<p>Kenntnis der Baderegeln sowie Selbstrettungs\u00fcbungen wie Kleiderschwimmen und nicht zuletzt das Totenkopfschwimmen (sich 1 Std. schwimmend im Wasser fortzubewegen) sind wichtige Bestandteile des Schwimmunterrichts, in dem die Hermann-L\u00f6ns-Sch\u00fcler zu richtigen \u201eWasserratten\u201c werden.<\/p>\n","protected":false},"excerpt":{"rendered":"<p>Die Schwimmabzeichen f\u00fcr Kinder\/Jugendliche erfreuen sich gro\u00dfer Beliebtheit. Die Hermann-L\u00f6ns-Schule ist als L\u00fcneburger Stadtschule mit guter Busanbindung an das Sal\u00fc \/ Sportbad in der gl\u00fccklichen Lage, im 3. Jahrgang f\u00fcr alle Klassen Schwimmunterricht erteilen zu k\u00f6nnen. Den Schwimmunterricht \u00fcbernimmt mindestens &hellip; <a href=\"https:\/\/wordpress.nibis.de\/gshermann-loens\/schwimmunterricht\/\">Weiterlesen <span class=\"meta-nav\">&rarr;<\/span><\/a><\/p>\n","protected":false},"author":9194392,"featured_media":0,"parent":0,"menu_order":0,"comment_status":"closed","ping_status":"closed","template":"","meta":{"footnotes":""},"class_list":["post-181","page","type-page","status-publish","hentry"],"_links":{"self":[{"href":"https:\/\/wordpress.nibis.de\/gshermann-loens\/wp-json\/wp\/v2\/pages\/181","targetHints":{"allow":["GET"]}}],"collection":[{"href":"https:\/\/wordpress.nibis.de\/gshermann-loens\/wp-json\/wp\/v2\/pages"}],"about":[{"href":"https:\/\/wordpress.nibis.de\/gshermann-loens\/wp-json\/wp\/v2\/types\/page"}],"author":[{"embeddable":true,"href":"https:\/\/wordpress.nibis.de\/gshermann-loens\/wp-json\/wp\/v2\/users\/9194392"}],"replies":[{"embeddable":true,"href":"https:\/\/wordpress.nibis.de\/gshermann-loens\/wp-json\/wp\/v2\/comments?post=181"}],"version-history":[{"count":1,"href":"https:\/\/wordpress.nibis.de\/gshermann-loens\/wp-json\/wp\/v2\/pages\/181\/revisions"}],"predecessor-version":[{"id":182,"href":"https:\/\/wordpress.nibis.de\/gshermann-loens\/wp-json\/wp\/v2\/pages\/181\/revisions\/182"}],"wp:attachment":[{"href":"https:\/\/wordpress.nibis.de\/gshermann-loens\/wp-json\/wp\/v2\/media?parent=181"}],"curies":[{"name":"wp","href":"https:\/\/api.w.org\/{rel}","templated":true}]}}