{"id":205,"date":"2024-07-01T17:21:15","date_gmt":"2024-07-01T15:21:15","guid":{"rendered":"https:\/\/wordpress.nibis.de\/gshermann-loens\/?page_id=205"},"modified":"2025-01-28T20:19:13","modified_gmt":"2025-01-28T19:19:13","slug":"schulsingen","status":"publish","type":"page","link":"https:\/\/wordpress.nibis.de\/gshermann-loens\/schulsingen\/","title":{"rendered":"Schulsingen"},"content":{"rendered":"\n<figure class=\"wp-block-audio\"><audio controls src=\"https:\/\/wordpress.nibis.de\/gshermann-loens\/files\/2025\/01\/Schulsingen.m4a\"><\/audio><figcaption>Schulsingen in der GS Hermann-L\u00f6ns<\/figcaption><\/figure>\n\n\n\n<p>Das Singen hat in unserer Schule einen gro\u00dfen Stellenwert. Es wird so selbstverst\u00e4ndlich in den Unterricht eingebaut, wenn in den unterschiedlichen F\u00e4chern zu den jeweiligen Inhalten passende Lieder gesungen werden, dass es f\u00fcr uns aus dem Schulalltag gar nicht mehr wegzudenken ist.<\/p>\n\n\n\n<p>Das gemeinsame Singen findet aber nicht nur innerhalb der Klasse statt. Patenklassen singen gemeinsam, bei jeder Schulveranstaltung, sei es Schulfest, Rosenmontagsfeier, Projektwoche oder Sportveranstaltung, geh\u00f6rt das gemeinsame Singen dazu. Auch die Lehrerinnen beginnen jede Dienstbesprechung mir einem Lied. Meistens werden hier die Lieder f\u00fcr das n\u00e4chste Schulsingen vorbereitet, das einmal im Monat stattfindet.<\/p>\n\n\n\n<p>Beim Schulsingen, trifft sich die gesamte Schulgemeinschaft bei gutem Wetter auf dem Hof, bei nicht so gutem Wetter beim sogenannten &#8218;Liederbaum&#8216; im Erdgeschoss der Schule. Wir singen meistens drei Lieder, die vorher im Unterricht ge\u00fcbt wurden. Manchmal f\u00fchrt eine Gruppe oder eine Klasse noch etwas vor und \u2013 wenn einmal alle versammelt sind \u2013 wir die Gelegenheit genutzt, besondere Dinge aus dem Schulleben mitzuteilen.<\/p>\n\n\n\n<p>In unserem schuleigenen Liederbuch haben wir viele Lieblingslieder von Kindern und Lehrerinnen der GS Hermann-L\u00f6ns gesammelt. Mit diesem Liederbuch wurde ein weiteres Projekt der Musikalischen Grundschule umgesetzt.<\/p>\n","protected":false},"excerpt":{"rendered":"<p>Das Singen hat in unserer Schule einen gro\u00dfen Stellenwert. Es wird so selbstverst\u00e4ndlich in den Unterricht eingebaut, wenn in den unterschiedlichen F\u00e4chern zu den jeweiligen Inhalten passende Lieder gesungen werden, dass es f\u00fcr uns aus dem Schulalltag gar nicht mehr &hellip; <a href=\"https:\/\/wordpress.nibis.de\/gshermann-loens\/schulsingen\/\">Weiterlesen <span class=\"meta-nav\">&rarr;<\/span><\/a><\/p>\n","protected":false},"author":9194392,"featured_media":0,"parent":0,"menu_order":0,"comment_status":"closed","ping_status":"closed","template":"","meta":{"footnotes":""},"class_list":["post-205","page","type-page","status-publish","hentry"],"_links":{"self":[{"href":"https:\/\/wordpress.nibis.de\/gshermann-loens\/wp-json\/wp\/v2\/pages\/205","targetHints":{"allow":["GET"]}}],"collection":[{"href":"https:\/\/wordpress.nibis.de\/gshermann-loens\/wp-json\/wp\/v2\/pages"}],"about":[{"href":"https:\/\/wordpress.nibis.de\/gshermann-loens\/wp-json\/wp\/v2\/types\/page"}],"author":[{"embeddable":true,"href":"https:\/\/wordpress.nibis.de\/gshermann-loens\/wp-json\/wp\/v2\/users\/9194392"}],"replies":[{"embeddable":true,"href":"https:\/\/wordpress.nibis.de\/gshermann-loens\/wp-json\/wp\/v2\/comments?post=205"}],"version-history":[{"count":6,"href":"https:\/\/wordpress.nibis.de\/gshermann-loens\/wp-json\/wp\/v2\/pages\/205\/revisions"}],"predecessor-version":[{"id":693,"href":"https:\/\/wordpress.nibis.de\/gshermann-loens\/wp-json\/wp\/v2\/pages\/205\/revisions\/693"}],"wp:attachment":[{"href":"https:\/\/wordpress.nibis.de\/gshermann-loens\/wp-json\/wp\/v2\/media?parent=205"}],"curies":[{"name":"wp","href":"https:\/\/api.w.org\/{rel}","templated":true}]}}