{"id":212,"date":"2024-07-01T17:28:47","date_gmt":"2024-07-01T15:28:47","guid":{"rendered":"https:\/\/wordpress.nibis.de\/gshermann-loens\/?page_id=212"},"modified":"2024-07-01T17:28:47","modified_gmt":"2024-07-01T15:28:47","slug":"antolin","status":"publish","type":"page","link":"https:\/\/wordpress.nibis.de\/gshermann-loens\/antolin\/","title":{"rendered":"Antolin"},"content":{"rendered":"\n<p>Eine der wichtigsten Aufgaben, die die Schule zu vermitteln hat, ist das Lesen. Es schafft die Grundlage, um berufliche Ziele und W\u00fcnsche zu erreichen und um sich aktiv am gesellschaftlichen Leben zu beteiligen.<\/p>\n\n\n\n<p>Allerdings ist auch bekannt, dass die Lesefreude im Laufe der Schulzeit stetig abnimmt. Wenn man davon ausgeht, dass Kinder im Kindergartenalter Geschichten geradezu verschlingen, zeigt sich von dieser Begeisterung bei vielen Jugendlichen nur noch wenig.<\/p>\n\n\n\n<p>Welche Wege gibt es, das Lesen bei Kindern und Jugendlichen wieder zu einer Leidenschaft zu machen? Gute Erfolge hat das Internetprogramm \u201eAntolin\u201c zu verzeichnen: Es motiviert Sch\u00fclerinnen und Sch\u00fcler nachhaltig zum Lesen.<\/p>\n\n\n\n<p>Und das funktioniert so: Ein Kind liest ein Buch und beantwortet anschlie\u00dfend im Internet dazu Fragen. F\u00fcr jede richtige Antwort bekommt es auf einem pers\u00f6nlichen Lesekonto Punkte gutgeschrieben. Die Internetadresse dieses Programms lautet: www.antolin.de.<\/p>\n\n\n\n<p>Liebe Eltern, auch unsere Klasse wird sich k\u00fcnftig an diesem Programm beteiligen \u2013 und m\u00f6glichst viele Punkte sammeln \u2013 zum Wohle Ihrer Kinder.<\/p>\n\n\n\n<p>Jedes Kind bekommt ein passwortgesch\u00fctztes Lesekonto. Daf\u00fcr geben wir den Vornamen, Spitznamen oder den vollst\u00e4ndigen Namen Ihres Kindes an. Es erleichtert unsere Arbeit, den vollst\u00e4ndigen Namen des Kindes zu verwenden.<\/p>\n\n\n\n<p>Da \u201eAntolin\u201c im Internet zu Hause ist, k\u00f6nnen auch Sie von zu Hause aus die Lese-Entwicklung Ihres Kindes mitverfolgen. Voraussetzung ist nur ein Internet-Anschluss. Fragen Sie bei Ihrem Kind nach, lassen Sie sich im Lesekonto die erreichten Punkte zeigen, loben Sie und ermuntern Sie. Nicht allein die Schule, auch Sie k\u00f6nnen viel f\u00fcr die Lesemotivation Ihres Kindes tun. Der Lese-Erfolg Ihres Kindes wird Ihnen Recht geben.<\/p>\n","protected":false},"excerpt":{"rendered":"<p>Eine der wichtigsten Aufgaben, die die Schule zu vermitteln hat, ist das Lesen. Es schafft die Grundlage, um berufliche Ziele und W\u00fcnsche zu erreichen und um sich aktiv am gesellschaftlichen Leben zu beteiligen. Allerdings ist auch bekannt, dass die Lesefreude &hellip; <a href=\"https:\/\/wordpress.nibis.de\/gshermann-loens\/antolin\/\">Weiterlesen <span class=\"meta-nav\">&rarr;<\/span><\/a><\/p>\n","protected":false},"author":9194392,"featured_media":0,"parent":0,"menu_order":0,"comment_status":"closed","ping_status":"closed","template":"","meta":{"footnotes":""},"class_list":["post-212","page","type-page","status-publish","hentry"],"_links":{"self":[{"href":"https:\/\/wordpress.nibis.de\/gshermann-loens\/wp-json\/wp\/v2\/pages\/212","targetHints":{"allow":["GET"]}}],"collection":[{"href":"https:\/\/wordpress.nibis.de\/gshermann-loens\/wp-json\/wp\/v2\/pages"}],"about":[{"href":"https:\/\/wordpress.nibis.de\/gshermann-loens\/wp-json\/wp\/v2\/types\/page"}],"author":[{"embeddable":true,"href":"https:\/\/wordpress.nibis.de\/gshermann-loens\/wp-json\/wp\/v2\/users\/9194392"}],"replies":[{"embeddable":true,"href":"https:\/\/wordpress.nibis.de\/gshermann-loens\/wp-json\/wp\/v2\/comments?post=212"}],"version-history":[{"count":1,"href":"https:\/\/wordpress.nibis.de\/gshermann-loens\/wp-json\/wp\/v2\/pages\/212\/revisions"}],"predecessor-version":[{"id":213,"href":"https:\/\/wordpress.nibis.de\/gshermann-loens\/wp-json\/wp\/v2\/pages\/212\/revisions\/213"}],"wp:attachment":[{"href":"https:\/\/wordpress.nibis.de\/gshermann-loens\/wp-json\/wp\/v2\/media?parent=212"}],"curies":[{"name":"wp","href":"https:\/\/api.w.org\/{rel}","templated":true}]}}