{"id":225,"date":"2024-07-01T17:38:10","date_gmt":"2024-07-01T15:38:10","guid":{"rendered":"https:\/\/wordpress.nibis.de\/gshermann-loens\/?page_id=225"},"modified":"2024-07-01T17:38:10","modified_gmt":"2024-07-01T15:38:10","slug":"kochen-mit-den-landfrauen","status":"publish","type":"page","link":"https:\/\/wordpress.nibis.de\/gshermann-loens\/kochen-mit-den-landfrauen\/","title":{"rendered":"Kochen mit den Landfrauen"},"content":{"rendered":"\n<p>Die Hermann-L\u00f6ns- Schule ist stolze auf ihre Kooperation mit den Landfrauen und verankert damit einen weiteren wichtigen Baustein zum Thema \u201eErn\u00e4hrung\u201c an unserer Schule.<\/p>\n\n\n\n<p>Wir freuen uns, dass regelm\u00e4\u00dfig in allen dritten und vierten Klassen ein Projekttag der Landfrauen angeboten werden kann, der \u00fcberwiegend von der Nieders\u00e4chsischen Landwirtschaftskammer finanziert wird. Die Kinder sind stets begeistert von diesem Tag und den K\u00f6stlichkeiten, die sie miteinander zubereiten!<\/p>\n\n\n\n<p>Von der Theorie \u00fcber die Praxis bis zum gemeinsamen Essen finden die Kinder Zugang zur bewussten Ern\u00e4hrung. Wer m\u00f6chte, kann dann daheim mit den Eltern oder Geschwistern die leckeren Gerichte mit Hilfe eines Rezeptheftes, das die Kinder erhalten, nachkochen.<\/p>\n\n\n\n<p>Die beteiligten Landfrauen werden gezielt in Basis- und Aufbaukursen f\u00fcr die Aktionstage von Fachreferentinnen der Landwirtschaftskammer Niedersachsen geschult. Die P\u00e4dagogische Verantwortung f\u00fcr die Qualifizierung liegt in den H\u00e4nden der L\u00e4ndlichen Erwachsenenbildung Niedersachsen (LEB).<\/p>\n\n\n\n<p>2012 hat der NLV f\u00fcr dieses Projekt den 3. Platz der gemeinsamen Initiative des Nieders\u00e4chsischen Sozialministeriums und des Kinderschutzbundes Niedersachsen &#8222;Kinder-haben-Rechte-Preis&#8220; erhalten.<\/p>\n","protected":false},"excerpt":{"rendered":"<p>Die Hermann-L\u00f6ns- Schule ist stolze auf ihre Kooperation mit den Landfrauen und verankert damit einen weiteren wichtigen Baustein zum Thema \u201eErn\u00e4hrung\u201c an unserer Schule. Wir freuen uns, dass regelm\u00e4\u00dfig in allen dritten und vierten Klassen ein Projekttag der Landfrauen angeboten &hellip; <a href=\"https:\/\/wordpress.nibis.de\/gshermann-loens\/kochen-mit-den-landfrauen\/\">Weiterlesen <span class=\"meta-nav\">&rarr;<\/span><\/a><\/p>\n","protected":false},"author":9194392,"featured_media":0,"parent":0,"menu_order":0,"comment_status":"closed","ping_status":"closed","template":"","meta":{"footnotes":""},"class_list":["post-225","page","type-page","status-publish","hentry"],"_links":{"self":[{"href":"https:\/\/wordpress.nibis.de\/gshermann-loens\/wp-json\/wp\/v2\/pages\/225","targetHints":{"allow":["GET"]}}],"collection":[{"href":"https:\/\/wordpress.nibis.de\/gshermann-loens\/wp-json\/wp\/v2\/pages"}],"about":[{"href":"https:\/\/wordpress.nibis.de\/gshermann-loens\/wp-json\/wp\/v2\/types\/page"}],"author":[{"embeddable":true,"href":"https:\/\/wordpress.nibis.de\/gshermann-loens\/wp-json\/wp\/v2\/users\/9194392"}],"replies":[{"embeddable":true,"href":"https:\/\/wordpress.nibis.de\/gshermann-loens\/wp-json\/wp\/v2\/comments?post=225"}],"version-history":[{"count":1,"href":"https:\/\/wordpress.nibis.de\/gshermann-loens\/wp-json\/wp\/v2\/pages\/225\/revisions"}],"predecessor-version":[{"id":226,"href":"https:\/\/wordpress.nibis.de\/gshermann-loens\/wp-json\/wp\/v2\/pages\/225\/revisions\/226"}],"wp:attachment":[{"href":"https:\/\/wordpress.nibis.de\/gshermann-loens\/wp-json\/wp\/v2\/media?parent=225"}],"curies":[{"name":"wp","href":"https:\/\/api.w.org\/{rel}","templated":true}]}}