{"id":238,"date":"2024-07-01T17:48:59","date_gmt":"2024-07-01T15:48:59","guid":{"rendered":"https:\/\/wordpress.nibis.de\/gshermann-loens\/?page_id=238"},"modified":"2024-07-01T17:48:59","modified_gmt":"2024-07-01T15:48:59","slug":"schulobst","status":"publish","type":"page","link":"https:\/\/wordpress.nibis.de\/gshermann-loens\/schulobst\/","title":{"rendered":"Schulobst"},"content":{"rendered":"\n<p>Das Nieders\u00e4chsische Ministerium f\u00fcr Ern\u00e4hrung, Landwirtschaft und Verbraucherschutz bietet die Aktion \u201eSchulobst in Niedersachsen\u201c an, an der sich unsere Schule beteiligt.<\/p>\n\n\n\n<p>Dienstags erhalten wir vom Fruchthof in L\u00fcneburg Obst und Gem\u00fcse (aus biologischem und konventionellem Anbau) \u2013 insgesamt 57,3 Kilo \u2013 pro Kind 300 Gramm! Das Obst und Gem\u00fcse wird in der Klasse oder unserer Schulk\u00fcche zubereitet und miteinander gegessen.<\/p>\n\n\n\n<p>www.schulobst.niedersachsen.de: \u201e\u2026 das Land Niedersachsen bietet gemeinsam mit der Europ\u00e4ischen Union ab dem Schuljahr 2014\/2015 Schulen die Chance, sich an dem EU-Schulobst- und -gem\u00fcseprogramm zu beteiligen. Ziel ist es, Kinder f\u00fcr eine ausgewogene Ern\u00e4hrung zu begeistern \u2013 am besten frisch und saisonal. Die Kinder lernen die bunte Vielfalt der Obst- und Gem\u00fcsesorten kennen und erfahren dabei, wo ihr Essen herkommt und wie es angebaut wird. Durch die regelm\u00e4\u00dfige Extraportion Obst und Gem\u00fcse m\u00f6chten wir Kenntnisse und Kompetenz der Kinder entwickeln sowie das Ausprobieren anregen und somit einen wichtigen Beitrag f\u00fcr die Entwicklung eines gesundheitsf\u00f6rdernden Ern\u00e4hrungsverhaltens leisten. Unser Schulobstprogramm mit seiner kostenlosen Lieferung von Obst und Gem\u00fcse steht den nieders\u00e4chsischen Schulen an drei Tagen pro Woche zur Verf\u00fcgung.\u201c<\/p>\n\n\n\n<p>Wir freuen uns auf ein vielf\u00e4ltiges, leckeres, \u201efruchtiges und gem\u00fcsereiches\u201c Schuljahr !!!<\/p>\n","protected":false},"excerpt":{"rendered":"<p>Das Nieders\u00e4chsische Ministerium f\u00fcr Ern\u00e4hrung, Landwirtschaft und Verbraucherschutz bietet die Aktion \u201eSchulobst in Niedersachsen\u201c an, an der sich unsere Schule beteiligt. Dienstags erhalten wir vom Fruchthof in L\u00fcneburg Obst und Gem\u00fcse (aus biologischem und konventionellem Anbau) \u2013 insgesamt 57,3 Kilo &hellip; <a href=\"https:\/\/wordpress.nibis.de\/gshermann-loens\/schulobst\/\">Weiterlesen <span class=\"meta-nav\">&rarr;<\/span><\/a><\/p>\n","protected":false},"author":9194392,"featured_media":0,"parent":0,"menu_order":0,"comment_status":"closed","ping_status":"closed","template":"","meta":{"footnotes":""},"class_list":["post-238","page","type-page","status-publish","hentry"],"_links":{"self":[{"href":"https:\/\/wordpress.nibis.de\/gshermann-loens\/wp-json\/wp\/v2\/pages\/238","targetHints":{"allow":["GET"]}}],"collection":[{"href":"https:\/\/wordpress.nibis.de\/gshermann-loens\/wp-json\/wp\/v2\/pages"}],"about":[{"href":"https:\/\/wordpress.nibis.de\/gshermann-loens\/wp-json\/wp\/v2\/types\/page"}],"author":[{"embeddable":true,"href":"https:\/\/wordpress.nibis.de\/gshermann-loens\/wp-json\/wp\/v2\/users\/9194392"}],"replies":[{"embeddable":true,"href":"https:\/\/wordpress.nibis.de\/gshermann-loens\/wp-json\/wp\/v2\/comments?post=238"}],"version-history":[{"count":1,"href":"https:\/\/wordpress.nibis.de\/gshermann-loens\/wp-json\/wp\/v2\/pages\/238\/revisions"}],"predecessor-version":[{"id":239,"href":"https:\/\/wordpress.nibis.de\/gshermann-loens\/wp-json\/wp\/v2\/pages\/238\/revisions\/239"}],"wp:attachment":[{"href":"https:\/\/wordpress.nibis.de\/gshermann-loens\/wp-json\/wp\/v2\/media?parent=238"}],"curies":[{"name":"wp","href":"https:\/\/api.w.org\/{rel}","templated":true}]}}