{"id":243,"date":"2024-07-01T17:51:50","date_gmt":"2024-07-01T15:51:50","guid":{"rendered":"https:\/\/wordpress.nibis.de\/gshermann-loens\/?page_id=243"},"modified":"2024-07-01T17:51:50","modified_gmt":"2024-07-01T15:51:50","slug":"kaenguru-wettbewerb","status":"publish","type":"page","link":"https:\/\/wordpress.nibis.de\/gshermann-loens\/kaenguru-wettbewerb\/","title":{"rendered":"K\u00e4nguru-Wettbewerb"},"content":{"rendered":"\n<p>Unsere Schule nimmt seit 2004 regelm\u00e4\u00dfig am K\u00e4nguru der Mathematik teil. Dabei handelt es sich um einen internationalen Mathematik-Wettbewerb f\u00fcr Sch\u00fcler\/innen der Klassenstufen 3 bis 12 mit vielf\u00e4ltigen Aufgaben zum Rechnen, Sch\u00e4tzen und Knobeln. Mit dem Wettbewerb soll vor allem die Freude an der Besch\u00e4ftigung mit Mathematik geweckt und unterst\u00fctzt werden.<\/p>\n\n\n\n<p>Bei diesem Wettstreit, der stets am 3. Donnerstag im M\u00e4rz stattfindet, gibt es nur Gewinner, denn alle teilnehmenden Kinder erhalten eine Urkunde, ein K\u00e4nguruheft (mit Aufgaben und L\u00f6sungen) sowie einen Mitmachpreis &#8211; f\u00fcr die Besten gibt es Sachpreise wie B\u00fccher, Spiele, Experimentier- und Bauk\u00e4sten, \u2026<\/p>\n\n\n\n<p>N\u00e4here Informationen sowie die Aufgaben aus den Vorjahren:<\/p>\n\n\n\n<p> <a href=\"http:\/\/www.mathe-kaenguru.de\" target=\"_blank\" rel=\"noreferrer noopener\">http:\/\/www.mathe-kaenguru.de <\/a><\/p>\n","protected":false},"excerpt":{"rendered":"<p>Unsere Schule nimmt seit 2004 regelm\u00e4\u00dfig am K\u00e4nguru der Mathematik teil. Dabei handelt es sich um einen internationalen Mathematik-Wettbewerb f\u00fcr Sch\u00fcler\/innen der Klassenstufen 3 bis 12 mit vielf\u00e4ltigen Aufgaben zum Rechnen, Sch\u00e4tzen und Knobeln. Mit dem Wettbewerb soll vor allem &hellip; <a href=\"https:\/\/wordpress.nibis.de\/gshermann-loens\/kaenguru-wettbewerb\/\">Weiterlesen <span class=\"meta-nav\">&rarr;<\/span><\/a><\/p>\n","protected":false},"author":9194392,"featured_media":0,"parent":0,"menu_order":0,"comment_status":"closed","ping_status":"closed","template":"","meta":{"footnotes":""},"class_list":["post-243","page","type-page","status-publish","hentry"],"_links":{"self":[{"href":"https:\/\/wordpress.nibis.de\/gshermann-loens\/wp-json\/wp\/v2\/pages\/243","targetHints":{"allow":["GET"]}}],"collection":[{"href":"https:\/\/wordpress.nibis.de\/gshermann-loens\/wp-json\/wp\/v2\/pages"}],"about":[{"href":"https:\/\/wordpress.nibis.de\/gshermann-loens\/wp-json\/wp\/v2\/types\/page"}],"author":[{"embeddable":true,"href":"https:\/\/wordpress.nibis.de\/gshermann-loens\/wp-json\/wp\/v2\/users\/9194392"}],"replies":[{"embeddable":true,"href":"https:\/\/wordpress.nibis.de\/gshermann-loens\/wp-json\/wp\/v2\/comments?post=243"}],"version-history":[{"count":1,"href":"https:\/\/wordpress.nibis.de\/gshermann-loens\/wp-json\/wp\/v2\/pages\/243\/revisions"}],"predecessor-version":[{"id":244,"href":"https:\/\/wordpress.nibis.de\/gshermann-loens\/wp-json\/wp\/v2\/pages\/243\/revisions\/244"}],"wp:attachment":[{"href":"https:\/\/wordpress.nibis.de\/gshermann-loens\/wp-json\/wp\/v2\/media?parent=243"}],"curies":[{"name":"wp","href":"https:\/\/api.w.org\/{rel}","templated":true}]}}