{"id":28,"date":"2024-07-01T13:24:51","date_gmt":"2024-07-01T11:24:51","guid":{"rendered":"https:\/\/wordpress.nibis.de\/gshermann-loens\/?page_id=28"},"modified":"2024-07-01T16:21:44","modified_gmt":"2024-07-01T14:21:44","slug":"geschichte","status":"publish","type":"page","link":"https:\/\/wordpress.nibis.de\/gshermann-loens\/geschichte\/","title":{"rendered":"Geschichte"},"content":{"rendered":"\n<p>Was seit 1901 geschah&#8230;<\/p>\n\n\n\n<ul class=\"wp-block-list\"><li>1901&nbsp;Das Geb\u00e4ude wird&nbsp;fertiggestellt&nbsp;und als \u201eHeiligengeistschule III\u201c eingeweiht.<\/li><li>729 Kinder werden in 9 Klassen unterrichtet.<\/li><li>1941&nbsp;Umbenennung der Schule in \u201eHermann-L\u00f6ns-Schule\u201c.<\/li><li>1944&nbsp;R\u00e4umung der Schule, denn das Geb\u00e4ude wird im 2.Weltkrieg als Lazarett ben\u00f6tigt.<\/li><li>1945&nbsp;Nach f\u00fcnf Monaten Sperre genehmigt die Milit\u00e4rregierung im September wieder den Unterricht an Grundschulen. Die Hermann-L\u00f6ns-Schule ist noch in der Berufsschule untergebracht.<\/li><li>1946\/47&nbsp;Ein Teil des Geb\u00e4udes wird wieder durch die Hermann-L\u00f6ns-Schule belegt. 1017 Sch\u00fclerinnen und Sch\u00fcler werden in 23 Klassen unterrichtet; es stehen inklusive Lehrerzimmer und Sekretariat ganze sieben (!) R\u00e4ume zur Verf\u00fcgung.<\/li><li>1947\/48&nbsp;Einrichtung der Koedukation in den 1. bis 5. Klassen.<\/li><li>1954&nbsp;Das Geb\u00e4ude unserer Schule wird bisher auch von der P\u00e4dagogischen Hochschule mit genutzt.<\/li><li>1955&nbsp;Der Schulkindergarten wird eingerichtet und besteht bis Sommer 1999.<\/li><li>1971\/72&nbsp;Jede der 18 Klassen hat ihren eigenen Raum \u2013 erstmals seit Kriegsende!<\/li><li>1972&nbsp;Einweihung der neuen Turnhalle (\u201eGrimm-Halle\u201c nach der benachbarten Stra\u00dfe genannt.)<\/li><li>1975&nbsp;Umwandlung der Hermann-L\u00f6ns-Schule in eine reine Grundschule.<\/li><li>1986&nbsp;Die Hausaufgabenhilfe wird eingerichtet.<\/li><li>1991&nbsp;Der Hort nimmt seine T\u00e4tigkeit auf.<\/li><li>1997&nbsp;Der Schulhof wird gemeinschaftlich von Eltern, Kindern und Lehrerinnen umgestaltet.<\/li><li>2000&nbsp;Gr\u00fcndung des F\u00f6rdervereins<\/li><li>2001&nbsp;Die Hermann-L\u00f6ns-Schule wird \u201eVerl\u00e4ssliche Grundschule\u201c.<\/li><\/ul>\n\n\n\n<p><strong>Alte Schule ? Junge Schule !<\/strong><br>Es hat sich herumgesprochen: Unsere Schule ist \u00fcber 100 Jahre alt.<\/p>\n\n\n\n<p>Doch \u00e4u\u00dferes Alter sch\u00fctzt nicht vor innerer Frische!<\/p>\n\n\n\n<p>Das beweisen wir<\/p>\n\n\n\n<ul class=\"wp-block-list\"><li>mit unserem Unterricht,<\/li><li>mit unserem Schulleben,<\/li><li>mit Einrichtungen wie Hort und Hausaufgabenhilfe,<\/li><li>mit aktiver Elternarbeit,<\/li><li>mit dem F\u00f6rderverein.<\/li><\/ul>\n","protected":false},"excerpt":{"rendered":"<p>Was seit 1901 geschah&#8230; 1901&nbsp;Das Geb\u00e4ude wird&nbsp;fertiggestellt&nbsp;und als \u201eHeiligengeistschule III\u201c eingeweiht. 729 Kinder werden in 9 Klassen unterrichtet. 1941&nbsp;Umbenennung der Schule in \u201eHermann-L\u00f6ns-Schule\u201c. 1944&nbsp;R\u00e4umung der Schule, denn das Geb\u00e4ude wird im 2.Weltkrieg als Lazarett ben\u00f6tigt. 1945&nbsp;Nach f\u00fcnf Monaten Sperre genehmigt &hellip; <a href=\"https:\/\/wordpress.nibis.de\/gshermann-loens\/geschichte\/\">Weiterlesen <span class=\"meta-nav\">&rarr;<\/span><\/a><\/p>\n","protected":false},"author":9194392,"featured_media":0,"parent":0,"menu_order":0,"comment_status":"closed","ping_status":"closed","template":"","meta":{"footnotes":""},"class_list":["post-28","page","type-page","status-publish","hentry"],"_links":{"self":[{"href":"https:\/\/wordpress.nibis.de\/gshermann-loens\/wp-json\/wp\/v2\/pages\/28","targetHints":{"allow":["GET"]}}],"collection":[{"href":"https:\/\/wordpress.nibis.de\/gshermann-loens\/wp-json\/wp\/v2\/pages"}],"about":[{"href":"https:\/\/wordpress.nibis.de\/gshermann-loens\/wp-json\/wp\/v2\/types\/page"}],"author":[{"embeddable":true,"href":"https:\/\/wordpress.nibis.de\/gshermann-loens\/wp-json\/wp\/v2\/users\/9194392"}],"replies":[{"embeddable":true,"href":"https:\/\/wordpress.nibis.de\/gshermann-loens\/wp-json\/wp\/v2\/comments?post=28"}],"version-history":[{"count":2,"href":"https:\/\/wordpress.nibis.de\/gshermann-loens\/wp-json\/wp\/v2\/pages\/28\/revisions"}],"predecessor-version":[{"id":117,"href":"https:\/\/wordpress.nibis.de\/gshermann-loens\/wp-json\/wp\/v2\/pages\/28\/revisions\/117"}],"wp:attachment":[{"href":"https:\/\/wordpress.nibis.de\/gshermann-loens\/wp-json\/wp\/v2\/media?parent=28"}],"curies":[{"name":"wp","href":"https:\/\/api.w.org\/{rel}","templated":true}]}}