{"id":34,"date":"2024-07-01T13:31:02","date_gmt":"2024-07-01T11:31:02","guid":{"rendered":"https:\/\/wordpress.nibis.de\/gshermann-loens\/?page_id=34"},"modified":"2024-07-01T14:16:17","modified_gmt":"2024-07-01T12:16:17","slug":"impressum","status":"publish","type":"page","link":"https:\/\/wordpress.nibis.de\/gshermann-loens\/impressum\/","title":{"rendered":"Impressum"},"content":{"rendered":"\n<p>Land Niedersachsen<\/p>\n\n\n\n<p>Das Land Niedersachsen ist eine juristische Person des \u00f6ffentlichen Rechts vertreten durch:<\/p>\n\n\n\n<p>Schulleitung: <strong>Frau Katharina Esther Gottschling<\/strong><\/p>\n\n\n\n<p>Grundschule Hermann-L\u00f6ns <\/p>\n\n\n\n<p>Vor dem Neuen Tore 31 <\/p>\n\n\n\n<p>21339 L\u00fcneburg<\/p>\n\n\n\n<p>Tel.: 04131- 309 77 60<br>Fax: 04131- 309 77 62<\/p>\n\n\n\n<p>E-Mail: KatharinaEsther&#46;Gottschl&#105;&#110;&#103;&#64;&#104;&#101;&#114;&#109;&#97;&#110;&#110;&#45;&#108;&#111;&#101;&#110;&#115;&#45;&#115;&#99;&#104;&#117;&#108;&#101;&#46;&#108;&#117;&#101;&#110;&#101;&#98;&#x75;&#x72;&#x67;&#x2e;&#x64;&#x65;<\/p>\n\n\n\n<p>Schulische Datenschutzbeauftragte: d&#97;&#116;&#x65;&#x6e;&#x73;&#x63;h&#117;&#116;&#122;&#x2e;&#x68;&#x6c;s&#64;&#104;&#108;&#x73;&#x2d;&#x6c;g&#46;&#100;&#101; <\/p>\n\n\n\n<p><\/p>\n\n\n\n<p>Verantwortliche f\u00fcr redaktionell-journalistische Angebote i.S.d. \u00a7 55 Abs. I Rundfunkstaatsvertrag:<\/p>\n\n\n\n<p>Ulrike Niermann<\/p>\n\n\n\n<p>Grundschule Hermann-L\u00f6ns<\/p>\n\n\n\n<p>Vor dem Neuen Tore 31<\/p>\n\n\n\n<p>21339 L\u00fcneburg<\/p>\n\n\n\n<p><\/p>\n\n\n\n<p>Disclaimer<\/p>\n\n\n\n<p>Diese Webseite beinhaltet externe Links. Deren Inhalte entziehen sich unserer Einflussnahme, sodass eine Gew\u00e4hr f\u00fcr solche Inhalte von uns nicht \u00fcbernommen werden kann.<\/p>\n\n\n\n<p>Die Verantwortung liegt stets beim jeweiligen Betreiber der externen Seiten. Zum Zeitpunkt der Verkn\u00fcpfung der externen Links waren keine Rechtsverst\u00f6\u00dfe ersichtlich. Die permanente \u00dcberwachung fremder Inhalte auf Rechtsverst\u00f6\u00dfe ohne konkrete Hinweise ist nicht zumutbar.<\/p>\n\n\n\n<p>Sollten wir Kenntnis von Rechtsverletzungen erlangen, werden wir die entsprechenden externen Links unverz\u00fcglich entfernen.<\/p>\n\n\n\n<p><\/p>\n","protected":false},"excerpt":{"rendered":"<p>Land Niedersachsen Das Land Niedersachsen ist eine juristische Person des \u00f6ffentlichen Rechts vertreten durch: Schulleitung: Frau Katharina Esther Gottschling Grundschule Hermann-L\u00f6ns Vor dem Neuen Tore 31 21339 L\u00fcneburg Tel.: 04131- 309 77 60Fax: 04131- 309 77 62 E-Mail: &#x4b;&#97;t&#x68;&#97;r&#x69;&#x6e;&#97;&#x45;&#x73;&#116;h&#x65;&#114;&#46;&#x47;&#x6f;&#116;&#x74;&#x73;&#99;h&#x6c;&#105;n&#x67;&#x40;&#104;&#x65;&#x72;&#109;a&#x6e;&#110;-&#x6c;&#x6f;&#101;&#x6e;&#x73;&#45;s&#x63;&#104;u&#x6c;&#x65;&#46;&#x6c;&#x75;&#101;n&#x65;&#98;u&#x72;&#x67;&#46;&#x64;&#x65; Schulische &hellip; <a href=\"https:\/\/wordpress.nibis.de\/gshermann-loens\/impressum\/\">Weiterlesen <span class=\"meta-nav\">&rarr;<\/span><\/a><\/p>\n","protected":false},"author":9194392,"featured_media":0,"parent":0,"menu_order":0,"comment_status":"closed","ping_status":"closed","template":"","meta":{"footnotes":""},"class_list":["post-34","page","type-page","status-publish","hentry"],"_links":{"self":[{"href":"https:\/\/wordpress.nibis.de\/gshermann-loens\/wp-json\/wp\/v2\/pages\/34","targetHints":{"allow":["GET"]}}],"collection":[{"href":"https:\/\/wordpress.nibis.de\/gshermann-loens\/wp-json\/wp\/v2\/pages"}],"about":[{"href":"https:\/\/wordpress.nibis.de\/gshermann-loens\/wp-json\/wp\/v2\/types\/page"}],"author":[{"embeddable":true,"href":"https:\/\/wordpress.nibis.de\/gshermann-loens\/wp-json\/wp\/v2\/users\/9194392"}],"replies":[{"embeddable":true,"href":"https:\/\/wordpress.nibis.de\/gshermann-loens\/wp-json\/wp\/v2\/comments?post=34"}],"version-history":[{"count":3,"href":"https:\/\/wordpress.nibis.de\/gshermann-loens\/wp-json\/wp\/v2\/pages\/34\/revisions"}],"predecessor-version":[{"id":55,"href":"https:\/\/wordpress.nibis.de\/gshermann-loens\/wp-json\/wp\/v2\/pages\/34\/revisions\/55"}],"wp:attachment":[{"href":"https:\/\/wordpress.nibis.de\/gshermann-loens\/wp-json\/wp\/v2\/media?parent=34"}],"curies":[{"name":"wp","href":"https:\/\/api.w.org\/{rel}","templated":true}]}}