{"id":370,"date":"2024-09-18T10:43:26","date_gmt":"2024-09-18T08:43:26","guid":{"rendered":"https:\/\/wordpress.nibis.de\/gshermann-loens\/?page_id=370"},"modified":"2024-09-28T18:48:07","modified_gmt":"2024-09-28T16:48:07","slug":"online-krankmeldung","status":"publish","type":"page","link":"https:\/\/wordpress.nibis.de\/gshermann-loens\/kontakt\/online-krankmeldung\/","title":{"rendered":"Online-Krankmeldung"},"content":{"rendered":"\n<p>Hier k\u00f6nnen Sie eine Entschuldigung f\u00fcr Ihr Kind vorweg in elektronischer Form an die Schule senden. <\/p>\n\n\n\n<p>Bitte vergessen Sie nicht, Ihrem Kind <strong>zus\u00e4tzlich auch&nbsp;ein unterschriebenes Entschuldigungsschreiben<\/strong> mit in die Schule zu geben.&nbsp;  <\/p>\n\n\n\n<div class=\"wp-block-contact-form-7-contact-form-selector\">\n<div class=\"wpcf7 no-js\" id=\"wpcf7-f356-o1\" lang=\"de-DE\" dir=\"ltr\" data-wpcf7-id=\"356\">\n<div class=\"screen-reader-response\"><p role=\"status\" aria-live=\"polite\" aria-atomic=\"true\"><\/p> <ul><\/ul><\/div>\n<form action=\"\/gshermann-loens\/wp-json\/wp\/v2\/pages\/370#wpcf7-f356-o1\" method=\"post\" class=\"wpcf7-form init\" aria-label=\"Kontaktformular\" novalidate=\"novalidate\" data-status=\"init\">\n<fieldset class=\"hidden-fields-container\"><input type=\"hidden\" name=\"_wpcf7\" value=\"356\" \/><input type=\"hidden\" name=\"_wpcf7_version\" value=\"6.1.5\" \/><input type=\"hidden\" name=\"_wpcf7_locale\" value=\"de_DE\" \/><input type=\"hidden\" name=\"_wpcf7_unit_tag\" value=\"wpcf7-f356-o1\" \/><input type=\"hidden\" name=\"_wpcf7_container_post\" value=\"0\" \/><input type=\"hidden\" name=\"_wpcf7_posted_data_hash\" value=\"\" \/>\n<\/fieldset>\n<div class=\"wpcf7-turnstile cf-turnstile\" data-sitekey=\"0x4AAAAAAA0jLh2IoAW-C2aO\" data-response-field-name=\"_wpcf7_turnstile_response\"><\/div>\n\n<p>Ihr Name (Pflichtfeld):<br \/>\n<span class=\"wpcf7-form-control-wrap\" data-name=\"ihrname\"><input size=\"40\" maxlength=\"400\" class=\"wpcf7-form-control wpcf7-text wpcf7-validates-as-required\" aria-required=\"true\" aria-invalid=\"false\" placeholder=\"Vor- und Nachname\" value=\"\" type=\"text\" name=\"ihrname\" \/><\/span>\n<\/p>\n<p>Ihre E-Mail-Adresse (Pflichtfeld):<br \/>\n<span class=\"wpcf7-form-control-wrap\" data-name=\"email\"><input size=\"40\" maxlength=\"400\" class=\"wpcf7-form-control wpcf7-email wpcf7-validates-as-required wpcf7-text wpcf7-validates-as-email\" aria-required=\"true\" aria-invalid=\"false\" value=\"\" type=\"email\" name=\"email\" \/><\/span>\n<\/p>\n<p>Name des Kindes (Pflichtfeld):<br \/>\n<span class=\"wpcf7-form-control-wrap\" data-name=\"kindname\"><input size=\"40\" maxlength=\"400\" class=\"wpcf7-form-control wpcf7-text wpcf7-validates-as-required\" aria-required=\"true\" aria-invalid=\"false\" placeholder=\"Vor- und Nachname\" value=\"\" type=\"text\" name=\"kindname\" \/><\/span>\n<\/p>\n<p>Name der Klassenlehrerin:<br \/>\n<span class=\"wpcf7-form-control-wrap\" data-name=\"namekl\"><input size=\"40\" maxlength=\"400\" class=\"wpcf7-form-control wpcf7-text wpcf7-validates-as-required\" aria-required=\"true\" aria-invalid=\"false\" value=\"\" type=\"text\" name=\"namekl\" \/><\/span>\n<\/p>\n<p>Klasse:<br \/>\n<span class=\"wpcf7-form-control-wrap\" data-name=\"klasse\"><input size=\"40\" maxlength=\"400\" class=\"wpcf7-form-control wpcf7-text wpcf7-validates-as-required\" aria-required=\"true\" aria-invalid=\"false\" value=\"\" type=\"text\" name=\"klasse\" \/><\/span>\n<\/p>\n<p>Erster Tag des Fehlens (Pflichtfeld):<br \/>\n<span class=\"wpcf7-form-control-wrap\" data-name=\"tagfehlen\"><input class=\"wpcf7-form-control wpcf7-date wpcf7-validates-as-required wpcf7-validates-as-date\" min=\"2024-09-28\" aria-required=\"true\" aria-invalid=\"false\" value=\"Erster Tag des Fehlens:\" type=\"date\" name=\"tagfehlen\" \/><\/span>\n<\/p>\n<p>Grund des Fehlens (Pflichtfeld):<br \/>\n<span class=\"wpcf7-form-control-wrap\" data-name=\"grund\"><input size=\"40\" maxlength=\"400\" class=\"wpcf7-form-control wpcf7-text wpcf7-validates-as-required\" aria-required=\"true\" aria-invalid=\"false\" value=\"\" type=\"text\" name=\"grund\" \/><\/span>\n<\/p>\n<p>weitere Anmerkungen:<br \/>\n<span class=\"wpcf7-form-control-wrap\" data-name=\"mitteilung\"><textarea cols=\"40\" rows=\"10\" maxlength=\"2000\" class=\"wpcf7-form-control wpcf7-textarea wpcf7-validates-as-required\" aria-required=\"true\" aria-invalid=\"false\" name=\"mitteilung\"><\/textarea><\/span>\n<\/p>\n<p><span class=\"wpcf7-form-control-wrap\" data-name=\"Quiz\"><label><span class=\"wpcf7-quiz-label\">Wie hei\u00dft der Monat zwischen M\u00e4rz und Mai?<\/span> <input size=\"40\" class=\"wpcf7-form-control wpcf7-quiz\" autocomplete=\"off\" aria-required=\"true\" aria-invalid=\"false\" type=\"text\" name=\"Quiz\" \/><\/label><input type=\"hidden\" name=\"_wpcf7_quiz_answer_Quiz\" value=\"c41e85e4b229a11aa68727b6b434ab54\" \/><\/span>\n<\/p>\n<p><input class=\"wpcf7-form-control wpcf7-submit has-spinner\" type=\"submit\" value=\"SENDEN\" \/>\n<\/p><div class=\"wpcf7-response-output\" aria-hidden=\"true\"><\/div>\n<\/form>\n<\/div>\n<\/div>\n\n\n\n<p><\/p>\n","protected":false},"excerpt":{"rendered":"<p>Hier k\u00f6nnen Sie eine Entschuldigung f\u00fcr Ihr Kind vorweg in elektronischer Form an die Schule senden. Bitte vergessen Sie nicht, Ihrem Kind zus\u00e4tzlich auch&nbsp;ein unterschriebenes Entschuldigungsschreiben mit in die Schule zu geben.&nbsp;<\/p>\n","protected":false},"author":9194392,"featured_media":0,"parent":56,"menu_order":1,"comment_status":"closed","ping_status":"closed","template":"","meta":{"footnotes":""},"class_list":["post-370","page","type-page","status-publish","hentry"],"_links":{"self":[{"href":"https:\/\/wordpress.nibis.de\/gshermann-loens\/wp-json\/wp\/v2\/pages\/370","targetHints":{"allow":["GET"]}}],"collection":[{"href":"https:\/\/wordpress.nibis.de\/gshermann-loens\/wp-json\/wp\/v2\/pages"}],"about":[{"href":"https:\/\/wordpress.nibis.de\/gshermann-loens\/wp-json\/wp\/v2\/types\/page"}],"author":[{"embeddable":true,"href":"https:\/\/wordpress.nibis.de\/gshermann-loens\/wp-json\/wp\/v2\/users\/9194392"}],"replies":[{"embeddable":true,"href":"https:\/\/wordpress.nibis.de\/gshermann-loens\/wp-json\/wp\/v2\/comments?post=370"}],"version-history":[{"count":9,"href":"https:\/\/wordpress.nibis.de\/gshermann-loens\/wp-json\/wp\/v2\/pages\/370\/revisions"}],"predecessor-version":[{"id":382,"href":"https:\/\/wordpress.nibis.de\/gshermann-loens\/wp-json\/wp\/v2\/pages\/370\/revisions\/382"}],"up":[{"embeddable":true,"href":"https:\/\/wordpress.nibis.de\/gshermann-loens\/wp-json\/wp\/v2\/pages\/56"}],"wp:attachment":[{"href":"https:\/\/wordpress.nibis.de\/gshermann-loens\/wp-json\/wp\/v2\/media?parent=370"}],"curies":[{"name":"wp","href":"https:\/\/api.w.org\/{rel}","templated":true}]}}