{"id":42,"date":"2024-07-01T13:40:33","date_gmt":"2024-07-01T11:40:33","guid":{"rendered":"https:\/\/wordpress.nibis.de\/gshermann-loens\/?page_id=42"},"modified":"2025-08-27T15:55:57","modified_gmt":"2025-08-27T13:55:57","slug":"hort","status":"publish","type":"page","link":"https:\/\/wordpress.nibis.de\/gshermann-loens\/hort\/","title":{"rendered":"Hort"},"content":{"rendered":"\n<p>Der <strong>Hort Hermann-L\u00f6ns<\/strong>&nbsp;als Lern- und Lebensraum f\u00fcr die Schulkinder der Grundschule Hermann-L\u00f6ns. Im Folgenden erfahren Sie mehr zur Konzeption, den \u00d6ffnungszeiten, Betreuungsformen und der p\u00e4dagogischen Arbeit im Hort.<\/p>\n\n\n\n<h1 class=\"has-medium-font-size wp-block-heading\">Unsere Zeiten im \u00dcberblick<\/h1>\n\n\n\n<p><strong>Sonderdienst (Schul- und Ferienzeit)<\/strong><br>07:00 &#8211; 08:00 Uhr<br><strong>Schulzeit<\/strong><br>montags bis freitags von<br>12:50 &#8211; 16:50 Uhr<br><strong>Ferienzeit<\/strong><br>08:00 &#8211; 16:00 Uhr<\/p>\n\n\n\n<p class=\"has-medium-font-size\"><strong><span style=\"text-decoration: underline\" class=\"underline\">Essenzeiten:<\/span><\/strong><\/p>\n\n\n\n<p><strong>Fr\u00fchst\u00fcck<br><\/strong>Ab 10:00 Uhr (in den Ferien)<br><strong>Mittagessen<br><\/strong>T\u00e4glich von 11:40 bis 14:40 Uhr<strong><br>Nachmittagsrunde<br><\/strong>T\u00e4glich ab 15:00 Uhr (f\u00fcr alle Jahrgangsstufen)<\/p>\n\n\n\n<p><strong>P\u00e4dagogisches Tagesangebot<\/strong><\/p>\n\n\n\n<p>Montag bis Donnerstag ab 15.00 Uhr<\/p>\n\n\n\n<p><strong>Hausaufgabenbetreuung:<\/strong><\/p>\n\n\n\n<p>findet individuell in den Gruppen t\u00e4glich jeweils 30 Minuten statt<\/p>\n\n\n\n<p class=\"has-medium-font-size\"><strong>Betreuungsformen:<\/strong><\/p>\n\n\n\n<p><strong>Halbtagsbetreuung<\/strong><br>bis 16:50 Uhr\u00a0 (bis zu 4 Stunden)<br><\/p>\n\n\n\n<h3 class=\"wp-block-heading\">Unsere Konzeption im \u00dcberblick<\/h3>\n\n\n\n<p class=\"has-medium-font-size\"><strong>P\u00e4dagogische Arbeit am Kind:<\/strong><\/p>\n\n\n\n<ul class=\"wp-block-list\"><li>BezugserzieherInnengruppen im teiloffenen Gruppen-Konzept<\/li><li>F\u00f6rderung der lebenspraktischen und sozialen Kompetenzen<\/li><li>Hilfe zur Selbsthilfe<\/li><li>Entwicklung von Konfliktl\u00f6sestrategien<\/li><li>Mittagstischbetreuung<\/li><li>Hausaufgabenbetreuung<\/li><li>Partizipation z.B. durch:<ul><li>Kinderparlament<\/li><li>gemeinsame Gestaltung des Freizeit- und Ferienprogramms<\/li><\/ul><\/li><\/ul>\n\n\n\n<p><strong>Freizeit- und Ferienangebote:<\/strong><\/p>\n\n\n\n<ul class=\"wp-block-list\"><li>Tagesausfl\u00fcge z.B. zum Spielplatz, ins Museum, in die Stadt, &#8230;<\/li><li>Kreatives Gestalten<\/li><li>Freispiel<\/li><li>Bewegungsangebote (auch in der Schulsporthalle)<\/li><li>Projekte<\/li><li>Ferienbetreuung<\/li><\/ul>\n\n\n\n<p class=\"has-medium-font-size\"><strong>Kooperationen, mit allen beteiligten Institutionen der Hansestadt, insbesondere:&nbsp;<\/strong><\/p>\n\n\n\n<p><strong>Zusammenarbeit mit den Eltern<\/strong><\/p>\n\n\n\n<ul class=\"wp-block-list\"><li>Elternabende<\/li><li>Eltern-\/Entwicklungsgespr\u00e4che<\/li><li>Unterst\u00fctzung und Begleitung bei Bedarf<\/li><li>Elternberatung<\/li><li>regelm\u00e4\u00dfiger Austausch mit Elternvertretung<\/li><li>Kulturmittlergespr\u00e4che<\/li><li>verschiedene Feste und Feiern<\/li><li>Aktionen (Basteln, Backen, etc.)<\/li><\/ul>\n\n\n\n<p><strong>Zusammenarbeit mit der Hermann-L\u00f6ns-Schule<\/strong><\/p>\n\n\n\n<ul class=\"wp-block-list\"><li>Pausenbetreuung<\/li><li>Betreuung der VGS (Verl\u00e4ssliche Grundschule)<\/li><li>Regelm\u00e4\u00dfiger Kooperationsaustausch zwischen Schul- und Hortleitung<\/li><li>Gemeinsame Fachgespr\u00e4che<\/li><li>Gemeinsame Elterngespr\u00e4che<\/li><li>Gemeinsame Festivit\u00e4ten<\/li><\/ul>\n\n\n\n<h3 class=\"wp-block-heading\">Kosten &amp; Beitr\u00e4ge<\/h3>\n\n\n\n<p>Die H\u00f6he der&nbsp;<strong>Hort-Betreuungsgeb\u00fchr<\/strong>&nbsp;orientiert sich an dem jeweiligen Betreuungsvertrag (halbtags oder 2\/3) und an der H\u00f6he des elterlichen Einkommens.<\/p>\n\n\n\n<p>F\u00fcr den&nbsp;<strong>Sonderdienst&nbsp;<\/strong>(Fr\u00fchdienst) sowie das&nbsp;<strong>Mittagessen<\/strong>&nbsp;sind zus\u00e4tzliche&nbsp;<strong>Beitr\u00e4ge zu entrichten<\/strong>. Diese k\u00f6nnen Sie der Satzung der Hansestadt L\u00fcneburg entnehmen.<\/p>\n\n\n\n<h3 class=\"wp-block-heading\">So erreichen Sie uns:<\/h3>\n\n\n\n<p>Hort Hermann-L\u00f6ns<br>Vor dem Neuen Tore 31<br>21339 L\u00fcneburg<\/p>\n\n\n\n<p>04131\/309-4030<\/p>\n\n\n\n<p><strong>Leitung<\/strong><br>Susanne Melkis<br><a href=\"&#109;&#x61;&#105;&#x6c;t&#x6f;:&#83;&#x75;&#115;&#x61;&#110;&#x6e;e&#x2e;M&#101;&#x6c;&#107;&#x69;s&#x40;s&#x74;&#x61;&#100;&#x74;&#46;&#x6c;u&#x65;n&#101;&#x62;&#117;&#x72;&#103;&#x2e;d&#x65;\" target=\"_blank\" rel=\"noreferrer noopener\">&#x53;u&#x73;&#97;&#x6e;&#110;e&#x2e;M&#x65;&#108;&#x6b;&#105;s&#x40;&#115;&#x74;&#97;d&#x74;&#46;&#x6c;&#117;&#x65;&#110;e&#x62;u&#x72;&#103;&#x2e;&#x64;e<\/a><\/p>\n\n\n\n<p><strong>Stellvertretung<\/strong><\/p>\n\n\n\n<p>Kai Thaler<br><a href=\"mai&#108;&#116;&#111;&#x3a;&#x4b;&#x61;&#x69;&#x4d;&#x61;uri&#99;&#101;&#46;&#84;&#x68;&#x61;&#x6c;&#x65;&#x72;&#x40;sta&#100;&#116;&#46;&#x6c;&#x75;&#x65;&#x6e;&#x65;&#x62;urg&#46;&#100;&#101;\" target=\"_blank\" rel=\"noreferrer noopener\">KaiMau&#114;&#105;&#99;&#101;&#46;&#84;&#104;&#x61;&#x6c;&#x65;&#x72;&#x40;&#x73;&#x74;&#x61;&#x64;&#x74;&#x2e;&#x6c;uenebu&#114;&#103;&#46;&#100;&#101;<\/a><\/p>\n\n\n\n<p class=\"has-medium-font-size\"><strong>Anmeldungen vor Ort, per E-Mail oder Telefon<\/strong><\/p>\n","protected":false},"excerpt":{"rendered":"<p>Der Hort Hermann-L\u00f6ns&nbsp;als Lern- und Lebensraum f\u00fcr die Schulkinder der Grundschule Hermann-L\u00f6ns. Im Folgenden erfahren Sie mehr zur Konzeption, den \u00d6ffnungszeiten, Betreuungsformen und der p\u00e4dagogischen Arbeit im Hort. Unsere Zeiten im \u00dcberblick Sonderdienst (Schul- und Ferienzeit)07:00 &#8211; 08:00 UhrSchulzeitmontags bis &hellip; <a href=\"https:\/\/wordpress.nibis.de\/gshermann-loens\/hort\/\">Weiterlesen <span class=\"meta-nav\">&rarr;<\/span><\/a><\/p>\n","protected":false},"author":9194392,"featured_media":0,"parent":0,"menu_order":0,"comment_status":"closed","ping_status":"closed","template":"","meta":{"footnotes":""},"class_list":["post-42","page","type-page","status-publish","hentry"],"_links":{"self":[{"href":"https:\/\/wordpress.nibis.de\/gshermann-loens\/wp-json\/wp\/v2\/pages\/42","targetHints":{"allow":["GET"]}}],"collection":[{"href":"https:\/\/wordpress.nibis.de\/gshermann-loens\/wp-json\/wp\/v2\/pages"}],"about":[{"href":"https:\/\/wordpress.nibis.de\/gshermann-loens\/wp-json\/wp\/v2\/types\/page"}],"author":[{"embeddable":true,"href":"https:\/\/wordpress.nibis.de\/gshermann-loens\/wp-json\/wp\/v2\/users\/9194392"}],"replies":[{"embeddable":true,"href":"https:\/\/wordpress.nibis.de\/gshermann-loens\/wp-json\/wp\/v2\/comments?post=42"}],"version-history":[{"count":10,"href":"https:\/\/wordpress.nibis.de\/gshermann-loens\/wp-json\/wp\/v2\/pages\/42\/revisions"}],"predecessor-version":[{"id":975,"href":"https:\/\/wordpress.nibis.de\/gshermann-loens\/wp-json\/wp\/v2\/pages\/42\/revisions\/975"}],"wp:attachment":[{"href":"https:\/\/wordpress.nibis.de\/gshermann-loens\/wp-json\/wp\/v2\/media?parent=42"}],"curies":[{"name":"wp","href":"https:\/\/api.w.org\/{rel}","templated":true}]}}