{"id":570,"date":"2024-11-30T17:04:15","date_gmt":"2024-11-30T16:04:15","guid":{"rendered":"https:\/\/wordpress.nibis.de\/gshermann-loens\/?page_id=570"},"modified":"2025-04-06T14:08:16","modified_gmt":"2025-04-06T12:08:16","slug":"sis","status":"publish","type":"page","link":"https:\/\/wordpress.nibis.de\/gshermann-loens\/sis\/","title":{"rendered":"Seniorpartner in School"},"content":{"rendered":"\n<p>Seit Beginn des Schuljahres 2024\/2025 wird das Team der GS Hermann-L\u00f6ns jeden Dienstag und Donnerstag von jeweils zwei \u201eSeniorpartner in School\u201c unterst\u00fctzt. <\/p>\n\n\n\n<div class=\"wp-block-image is-style-default\"><figure class=\"aligncenter size-large is-resized\"><img loading=\"lazy\" decoding=\"async\" src=\"https:\/\/wordpress.nibis.de\/gshermann-loens\/files\/2025\/01\/SIS-Dienstag-800x600.jpg\" alt=\"\" class=\"wp-image-671\" width=\"402\" height=\"306\" \/><figcaption>Unser Team am Dienstag: Frau Kahl-Liedtke und Herr Perteck<\/figcaption><\/figure><\/div>\n\n\n\n<div class=\"wp-block-image is-style-default\"><figure class=\"aligncenter size-large is-resized\"><img loading=\"lazy\" decoding=\"async\" src=\"https:\/\/wordpress.nibis.de\/gshermann-loens\/files\/2025\/04\/SIS_Team_Donnerstag-800x540.jpg\" alt=\"\" class=\"wp-image-906\" width=\"410\" height=\"278\" srcset=\"https:\/\/wordpress.nibis.de\/gshermann-loens\/files\/2025\/04\/SIS_Team_Donnerstag-800x540.jpg 800w, https:\/\/wordpress.nibis.de\/gshermann-loens\/files\/2025\/04\/SIS_Team_Donnerstag-300x203.jpg 300w, https:\/\/wordpress.nibis.de\/gshermann-loens\/files\/2025\/04\/SIS_Team_Donnerstag-768x519.jpg 768w, https:\/\/wordpress.nibis.de\/gshermann-loens\/files\/2025\/04\/SIS_Team_Donnerstag-1536x1037.jpg 1536w, https:\/\/wordpress.nibis.de\/gshermann-loens\/files\/2025\/04\/SIS_Team_Donnerstag-444x300.jpg 444w, https:\/\/wordpress.nibis.de\/gshermann-loens\/files\/2025\/04\/SIS_Team_Donnerstag.jpg 2008w\" sizes=\"auto, (max-width: 410px) 100vw, 410px\" \/><figcaption>Unser Team am Donnerstag: Frau Bartsch und Herr Laudien<\/figcaption><\/figure><\/div>\n\n\n\n<p>Im \u201eRaum der guten L\u00f6sungen\u201c wird auf Wunsch mit unseren Sch\u00fclern und Sch\u00fclerinnen bei Problemen oder Streitigkeiten nach L\u00f6sungsm\u00f6glichkeiten gesucht. Auch in den gro\u00dfen Pausen stehen die Seniorpartner den Kindern bei Bedarf zur Seite und haben stets ein offenes Ohr. <\/p>\n\n\n\n<p><a href=\"https:\/\/www.sis-niedersachsen.de\/\" target=\"_blank\" rel=\"noreferrer noopener\">https:\/\/www.sis-niedersachsen.de\/<\/a><\/p>\n\n\n\n<p>\u201cSeniorpartner&nbsp; in School e.V. hat es sich zur Aufgabe gemacht, mit dem Mittel der&nbsp;Mediation den Kindern und Jugendlichen in den Schulen bei&nbsp;Konfliktl\u00f6sungen zu helfen. Mit Seniorpartner als Mediatoren werden&nbsp;Kinder angeleitet ihre Konflikte gewaltfrei zu l\u00f6sen und dabei ihre&nbsp;pers\u00f6nliche und soziale Kompetenz zu st\u00e4rken.\u201d<\/p>\n","protected":false},"excerpt":{"rendered":"<p>Seit Beginn des Schuljahres 2024\/2025 wird das Team der GS Hermann-L\u00f6ns jeden Dienstag und Donnerstag von jeweils zwei \u201eSeniorpartner in School\u201c unterst\u00fctzt. Im \u201eRaum der guten L\u00f6sungen\u201c wird auf Wunsch mit unseren Sch\u00fclern und Sch\u00fclerinnen bei Problemen oder Streitigkeiten nach &hellip; <a href=\"https:\/\/wordpress.nibis.de\/gshermann-loens\/sis\/\">Weiterlesen <span class=\"meta-nav\">&rarr;<\/span><\/a><\/p>\n","protected":false},"author":9194392,"featured_media":0,"parent":0,"menu_order":0,"comment_status":"closed","ping_status":"closed","template":"","meta":{"footnotes":""},"class_list":["post-570","page","type-page","status-publish","hentry"],"_links":{"self":[{"href":"https:\/\/wordpress.nibis.de\/gshermann-loens\/wp-json\/wp\/v2\/pages\/570","targetHints":{"allow":["GET"]}}],"collection":[{"href":"https:\/\/wordpress.nibis.de\/gshermann-loens\/wp-json\/wp\/v2\/pages"}],"about":[{"href":"https:\/\/wordpress.nibis.de\/gshermann-loens\/wp-json\/wp\/v2\/types\/page"}],"author":[{"embeddable":true,"href":"https:\/\/wordpress.nibis.de\/gshermann-loens\/wp-json\/wp\/v2\/users\/9194392"}],"replies":[{"embeddable":true,"href":"https:\/\/wordpress.nibis.de\/gshermann-loens\/wp-json\/wp\/v2\/comments?post=570"}],"version-history":[{"count":8,"href":"https:\/\/wordpress.nibis.de\/gshermann-loens\/wp-json\/wp\/v2\/pages\/570\/revisions"}],"predecessor-version":[{"id":907,"href":"https:\/\/wordpress.nibis.de\/gshermann-loens\/wp-json\/wp\/v2\/pages\/570\/revisions\/907"}],"wp:attachment":[{"href":"https:\/\/wordpress.nibis.de\/gshermann-loens\/wp-json\/wp\/v2\/media?parent=570"}],"curies":[{"name":"wp","href":"https:\/\/api.w.org\/{rel}","templated":true}]}}