{"id":617,"date":"2024-12-22T15:15:19","date_gmt":"2024-12-22T14:15:19","guid":{"rendered":"https:\/\/wordpress.nibis.de\/gshermann-loens\/?page_id=617"},"modified":"2026-02-07T22:11:27","modified_gmt":"2026-02-07T21:11:27","slug":"laufabzeichenwettbewerb-fuer-schulen","status":"publish","type":"page","link":"https:\/\/wordpress.nibis.de\/gshermann-loens\/laufabzeichenwettbewerb-fuer-schulen\/","title":{"rendered":"Laufabzeichenwettbewerb f\u00fcr Schulen"},"content":{"rendered":"\n<p>Der&nbsp;<strong>Laufabzeichenwettbewerb f\u00fcr Schulen<\/strong>&nbsp;ist ein traditioneller Laufwettbewerb der AOK Niedersachsen in Zusammenarbeit mit dem Nieders\u00e4chsischen Leichtathletik-Verband. Gesucht werden jedes Jahr laufbegeisterte Schulen in Niedersachsen, die sich mit ihren Sch\u00fcler*innen durch eine gemeinsame Lauf- und Bewegungsleistung beweisen und Ausdauer zeigen.<\/p>\n\n\n\n<p><strong>Der Wettbewerb<\/strong><\/p>\n\n\n\n<p>In insgesamt vier Wertungskategorien k\u00f6nnen flei\u00dfig Minuten gesammelt werden. Mitmachen kann Jede*r. Es gilt: Eine Laufstufe wird erreicht, wenn die daf\u00fcr erforderliche (Lauf-) Minutenanzahl \u2013 unabh\u00e4ngig vom Tempo und der Streckenl\u00e4nge \u2013 durch Laufen ohne Pause bzw. Fortbewegen* &#8211; laufend, walkend, wandernd, rollstuhlfahrend (*gilt f\u00fcr diejenigen Sch\u00fcler*innen, denen das Laufen aufgrund von k\u00f6rperlichen oder geistigen Beeintr\u00e4chtigungen nicht m\u00f6glich ist) erreicht wird.<\/p>\n\n\n\n<p><strong>Weitere Informationen:<\/strong> <\/p>\n\n\n\n<p><a rel=\"noreferrer noopener\" href=\"https:\/\/www.nlv-la.de\/home\/bildung\/veranstaltungen\/aok-laufabzeichenwettbewerb\" target=\"_blank\">https:\/\/www.nlv-la.de\/home\/bildung\/veranstaltungen\/aok-laufabzeichenwettbewerb<\/a><\/p>\n\n\n\n<p><\/p>\n","protected":false},"excerpt":{"rendered":"<p>Der&nbsp;Laufabzeichenwettbewerb f\u00fcr Schulen&nbsp;ist ein traditioneller Laufwettbewerb der AOK Niedersachsen in Zusammenarbeit mit dem Nieders\u00e4chsischen Leichtathletik-Verband. Gesucht werden jedes Jahr laufbegeisterte Schulen in Niedersachsen, die sich mit ihren Sch\u00fcler*innen durch eine gemeinsame Lauf- und Bewegungsleistung beweisen und Ausdauer zeigen. Der Wettbewerb &hellip; <a href=\"https:\/\/wordpress.nibis.de\/gshermann-loens\/laufabzeichenwettbewerb-fuer-schulen\/\">Weiterlesen <span class=\"meta-nav\">&rarr;<\/span><\/a><\/p>\n","protected":false},"author":9194392,"featured_media":0,"parent":0,"menu_order":0,"comment_status":"closed","ping_status":"closed","template":"","meta":{"footnotes":""},"class_list":["post-617","page","type-page","status-publish","hentry"],"_links":{"self":[{"href":"https:\/\/wordpress.nibis.de\/gshermann-loens\/wp-json\/wp\/v2\/pages\/617","targetHints":{"allow":["GET"]}}],"collection":[{"href":"https:\/\/wordpress.nibis.de\/gshermann-loens\/wp-json\/wp\/v2\/pages"}],"about":[{"href":"https:\/\/wordpress.nibis.de\/gshermann-loens\/wp-json\/wp\/v2\/types\/page"}],"author":[{"embeddable":true,"href":"https:\/\/wordpress.nibis.de\/gshermann-loens\/wp-json\/wp\/v2\/users\/9194392"}],"replies":[{"embeddable":true,"href":"https:\/\/wordpress.nibis.de\/gshermann-loens\/wp-json\/wp\/v2\/comments?post=617"}],"version-history":[{"count":3,"href":"https:\/\/wordpress.nibis.de\/gshermann-loens\/wp-json\/wp\/v2\/pages\/617\/revisions"}],"predecessor-version":[{"id":1312,"href":"https:\/\/wordpress.nibis.de\/gshermann-loens\/wp-json\/wp\/v2\/pages\/617\/revisions\/1312"}],"wp:attachment":[{"href":"https:\/\/wordpress.nibis.de\/gshermann-loens\/wp-json\/wp\/v2\/media?parent=617"}],"curies":[{"name":"wp","href":"https:\/\/api.w.org\/{rel}","templated":true}]}}