{"id":748,"date":"2025-02-07T14:47:12","date_gmt":"2025-02-07T13:47:12","guid":{"rendered":"https:\/\/wordpress.nibis.de\/gshermann-loens\/?page_id=748"},"modified":"2026-02-07T22:06:35","modified_gmt":"2026-02-07T21:06:35","slug":"feuerballturnier","status":"publish","type":"page","link":"https:\/\/wordpress.nibis.de\/gshermann-loens\/feuerballturnier\/","title":{"rendered":"Feuerballturnier 2026"},"content":{"rendered":"\n<p>Am Freitag (06.02.2026) war es wieder soweit! Die Landkreismeisterschaft Feuerball der Grundschulen im Landkreis L\u00fcneburg wurde wieder in Embsen ausgetragen \ud83d\ude42<\/p>\n\n\n\n<!--more-->\n\n\n\n<p>Voller Vorfreude versammelten sich morgens ab 08.30 Uhr insgesamt zehn Grundschulen mit jeweils ca. 16 Kindern aus den 3. und 4. Jahrg\u00e4ngen im Sportzentrum Embsen, dem Austragungsort dieser Sportveranstaltung. Nat\u00fcrlich war die Grundschule Hermann-L\u00f6ns auch wieder mit dabei!<\/p>\n\n\n\n<p>Spannende Spiele und eine tolle Atmosph\u00e4re begleiteten die Grundsch\u00fclerinnen und Grundsch\u00fcler und alle Unterst\u00fctzenden \u00fcber den Vormittag. <\/p>\n\n\n\n<p>Am Ende gewann die Mannschaft der Grundschule Hermann-L\u00f6ns einen fantastischen 6. Platz! Wir gratulieren allen Beteiligten zu dieser tollen Leistung \ud83d\ude42<\/p>\n\n\n\n<figure class=\"wp-block-image size-large\"><img loading=\"lazy\" decoding=\"async\" width=\"800\" height=\"446\" src=\"https:\/\/wordpress.nibis.de\/gshermann-loens\/files\/2025\/02\/Feuerball01-800x446.jpg\" alt=\"\" class=\"wp-image-1297\" srcset=\"https:\/\/wordpress.nibis.de\/gshermann-loens\/files\/2025\/02\/Feuerball01-800x446.jpg 800w, https:\/\/wordpress.nibis.de\/gshermann-loens\/files\/2025\/02\/Feuerball01-300x167.jpg 300w, https:\/\/wordpress.nibis.de\/gshermann-loens\/files\/2025\/02\/Feuerball01-768x428.jpg 768w, https:\/\/wordpress.nibis.de\/gshermann-loens\/files\/2025\/02\/Feuerball01-100x56.jpg 100w, https:\/\/wordpress.nibis.de\/gshermann-loens\/files\/2025\/02\/Feuerball01-1536x856.jpg 1536w, https:\/\/wordpress.nibis.de\/gshermann-loens\/files\/2025\/02\/Feuerball01-500x279.jpg 500w, https:\/\/wordpress.nibis.de\/gshermann-loens\/files\/2025\/02\/Feuerball01.jpg 1982w\" sizes=\"auto, (max-width: 800px) 100vw, 800px\" \/><figcaption class=\"wp-element-caption\">Das Team der GS Hermann-L\u00f6ns 2026<\/figcaption><\/figure>\n","protected":false},"excerpt":{"rendered":"<p>Am Freitag (06.02.2026) war es wieder soweit! Die Landkreismeisterschaft Feuerball der Grundschulen im Landkreis L\u00fcneburg wurde wieder in Embsen ausgetragen \ud83d\ude42<\/p>\n","protected":false},"author":9194392,"featured_media":1298,"parent":0,"menu_order":0,"comment_status":"closed","ping_status":"closed","template":"","meta":{"footnotes":""},"class_list":["post-748","page","type-page","status-publish","has-post-thumbnail","hentry"],"_links":{"self":[{"href":"https:\/\/wordpress.nibis.de\/gshermann-loens\/wp-json\/wp\/v2\/pages\/748","targetHints":{"allow":["GET"]}}],"collection":[{"href":"https:\/\/wordpress.nibis.de\/gshermann-loens\/wp-json\/wp\/v2\/pages"}],"about":[{"href":"https:\/\/wordpress.nibis.de\/gshermann-loens\/wp-json\/wp\/v2\/types\/page"}],"author":[{"embeddable":true,"href":"https:\/\/wordpress.nibis.de\/gshermann-loens\/wp-json\/wp\/v2\/users\/9194392"}],"replies":[{"embeddable":true,"href":"https:\/\/wordpress.nibis.de\/gshermann-loens\/wp-json\/wp\/v2\/comments?post=748"}],"version-history":[{"count":3,"href":"https:\/\/wordpress.nibis.de\/gshermann-loens\/wp-json\/wp\/v2\/pages\/748\/revisions"}],"predecessor-version":[{"id":1308,"href":"https:\/\/wordpress.nibis.de\/gshermann-loens\/wp-json\/wp\/v2\/pages\/748\/revisions\/1308"}],"wp:featuredmedia":[{"embeddable":true,"href":"https:\/\/wordpress.nibis.de\/gshermann-loens\/wp-json\/wp\/v2\/media\/1298"}],"wp:attachment":[{"href":"https:\/\/wordpress.nibis.de\/gshermann-loens\/wp-json\/wp\/v2\/media?parent=748"}],"curies":[{"name":"wp","href":"https:\/\/api.w.org\/{rel}","templated":true}]}}