{"id":75,"date":"2024-07-01T15:18:22","date_gmt":"2024-07-01T13:18:22","guid":{"rendered":"https:\/\/wordpress.nibis.de\/gshermann-loens\/?page_id=75"},"modified":"2025-12-11T20:59:33","modified_gmt":"2025-12-11T19:59:33","slug":"schulsozialarbeit","status":"publish","type":"page","link":"https:\/\/wordpress.nibis.de\/gshermann-loens\/schulsozialarbeit\/","title":{"rendered":"Schulsozialarbeit"},"content":{"rendered":"<div class=\"wp-block-image\">\n<figure class=\"alignright size-large is-resized\"><img loading=\"lazy\" decoding=\"async\" width=\"786\" height=\"600\" src=\"https:\/\/wordpress.nibis.de\/gshermann-loens\/files\/2025\/12\/Marieke-786x600.jpg\" alt=\"\" class=\"wp-image-1113\" style=\"aspect-ratio:1.3008474576271187;width:225px;height:auto\" srcset=\"https:\/\/wordpress.nibis.de\/gshermann-loens\/files\/2025\/12\/Marieke-786x600.jpg 786w, https:\/\/wordpress.nibis.de\/gshermann-loens\/files\/2025\/12\/Marieke-300x229.jpg 300w, https:\/\/wordpress.nibis.de\/gshermann-loens\/files\/2025\/12\/Marieke-768x586.jpg 768w, https:\/\/wordpress.nibis.de\/gshermann-loens\/files\/2025\/12\/Marieke-100x76.jpg 100w, https:\/\/wordpress.nibis.de\/gshermann-loens\/files\/2025\/12\/Marieke-393x300.jpg 393w, https:\/\/wordpress.nibis.de\/gshermann-loens\/files\/2025\/12\/Marieke.jpg 1418w\" sizes=\"auto, (max-width: 786px) 100vw, 786px\" \/><\/figure>\n<\/div>\n\n\n<p>Mein Name ist Marieke Wagner. Als Schulsozialarbeiterin bin ich t\u00e4glich in der Schule zu erreichen. Ich bin Ansprechpartnerin f\u00fcr Sch\u00fclerInnen, Eltern und alle, die das Schulleben gestalten.<br>Schulsozialarbeit ist ein Bindeglied zwischen Jugendhilfe und Schule und richtet sich an alle am Schulleben Beteiligte \u2013 Sch\u00fclerInnen und deren Familien, LehrerInnen und Personen und Einrichtungen, die in Kontakt mit dem System Schule stehen.<br>Innerhalb der Schulsozialarbeit werden Kinder ganzheitlich in ihrer pers\u00f6nlichen, sozialen und schulischen Entwicklung gef\u00f6rdert.<br>Die Schulsozialarbeit bietet folgende Angebote:<\/p>\n\n\n\n<ul class=\"wp-block-list\">\n<li>Beratung f\u00fcr Sch\u00fcler\/innen sowie Eltern z.B. bei Schulschwierigkeiten, Konflikten, famili\u00e4ren Belastungen und Krisen<\/li>\n\n\n\n<li>Selbstverst\u00e4ndlich unterliegt jeder Kontakt der Schweigepflicht und ist freiwillig!<\/li>\n\n\n\n<li>Individuelle F\u00f6rderung und Unterst\u00fctzung der pers\u00f6nlichen Entwicklung\/Einzelfallhilfe<\/li>\n\n\n\n<li>Vermittlung an weitere Hilfsangebote<\/li>\n\n\n\n<li>Soziale Gruppenarbeit: Soziale Kompetenzen sowie pr\u00e4ventive Angebote<\/li>\n\n\n\n<li>Sozialp\u00e4dagogische Angebote und Projekte<\/li>\n\n\n\n<li>Netzwerkarbeit mit au\u00dferschulischen Stellen und Institutionen<\/li>\n<\/ul>\n\n\n\n<p>Arbeitsprinzipien:<\/p>\n\n\n\n<ul class=\"wp-block-list\">\n<li>Vertraulichkeit<\/li>\n\n\n\n<li>Freiwillige Teilnahme<\/li>\n\n\n\n<li>Ressourcenorientierung<\/li>\n<\/ul>\n\n\n\n<p>Kontakt:<br>Marieke Wagner<br>Mail: &#x6d;&#x61;&#x72;&#x69;&#x65;&#x6b;&#x65;&#x2e;&#119;&#97;&#103;&#110;&#101;&#114;&#64;hls-&#x6c;&#x67;&#x2e;&#x64;&#x65;<\/p>\n","protected":false},"excerpt":{"rendered":"<p>Mein Name ist Marieke Wagner. Als Schulsozialarbeiterin bin ich t\u00e4glich in der Schule zu erreichen. Ich bin Ansprechpartnerin f\u00fcr Sch\u00fclerInnen, Eltern und alle, die das Schulleben gestalten.Schulsozialarbeit ist ein Bindeglied zwischen Jugendhilfe und Schule und richtet sich an alle am &hellip; <a href=\"https:\/\/wordpress.nibis.de\/gshermann-loens\/schulsozialarbeit\/\">Weiterlesen <span class=\"meta-nav\">&rarr;<\/span><\/a><\/p>\n","protected":false},"author":9194392,"featured_media":0,"parent":0,"menu_order":0,"comment_status":"closed","ping_status":"closed","template":"","meta":{"footnotes":""},"class_list":["post-75","page","type-page","status-publish","hentry"],"_links":{"self":[{"href":"https:\/\/wordpress.nibis.de\/gshermann-loens\/wp-json\/wp\/v2\/pages\/75","targetHints":{"allow":["GET"]}}],"collection":[{"href":"https:\/\/wordpress.nibis.de\/gshermann-loens\/wp-json\/wp\/v2\/pages"}],"about":[{"href":"https:\/\/wordpress.nibis.de\/gshermann-loens\/wp-json\/wp\/v2\/types\/page"}],"author":[{"embeddable":true,"href":"https:\/\/wordpress.nibis.de\/gshermann-loens\/wp-json\/wp\/v2\/users\/9194392"}],"replies":[{"embeddable":true,"href":"https:\/\/wordpress.nibis.de\/gshermann-loens\/wp-json\/wp\/v2\/comments?post=75"}],"version-history":[{"count":6,"href":"https:\/\/wordpress.nibis.de\/gshermann-loens\/wp-json\/wp\/v2\/pages\/75\/revisions"}],"predecessor-version":[{"id":1114,"href":"https:\/\/wordpress.nibis.de\/gshermann-loens\/wp-json\/wp\/v2\/pages\/75\/revisions\/1114"}],"wp:attachment":[{"href":"https:\/\/wordpress.nibis.de\/gshermann-loens\/wp-json\/wp\/v2\/media?parent=75"}],"curies":[{"name":"wp","href":"https:\/\/api.w.org\/{rel}","templated":true}]}}