{"id":832,"date":"2025-02-21T16:36:22","date_gmt":"2025-02-21T15:36:22","guid":{"rendered":"https:\/\/wordpress.nibis.de\/gshermann-loens\/?page_id=832"},"modified":"2026-02-23T16:54:44","modified_gmt":"2026-02-23T15:54:44","slug":"handlettering","status":"publish","type":"page","link":"https:\/\/wordpress.nibis.de\/gshermann-loens\/handlettering\/","title":{"rendered":"Nachhaltigkeit-AG"},"content":{"rendered":"\n<p>In dieser AG gehen die Kinder der Frage nach, was Nachhaltigkeit eigentlich ganz konkret f\u00fcr sie und ihren Alltag bedeutet. Gemeinsam entdecken sie, wie viele kleine Schritte bereits einen gro\u00dfen Unterschied machen k\u00f6nnen. Wir schauen uns an, wie M\u00fcll richtig getrennt wird und nehmen dabei auch unsere Schulm\u00fclleimer kritisch unter die Lupe. Bei einer M\u00fcllsammelaktion rund um die Schule packen alle zusammen an und erleben, wie gut es sich anf\u00fchlt, Verantwortung zu \u00fcbernehmen. Au\u00dferdem werden die Kinder bei diversen Upcycling-Projekten kreativ. Aus vermeintlichem &#8222;Abfall&#8220; entstehen tolle neue Dinge. Auch nachhaltiges Kochen steht im Fokus: Die Kinder probieren regionale und saisonale Rezepte aus.<\/p>\n\n\n\n<p>Zusammen k\u00f6nnen wir richtig viel bewegen!!<\/p>\n","protected":false},"excerpt":{"rendered":"<p>In dieser AG gehen die Kinder der Frage nach, was Nachhaltigkeit eigentlich ganz konkret f\u00fcr sie und ihren Alltag bedeutet. Gemeinsam entdecken sie, wie viele kleine Schritte bereits einen gro\u00dfen Unterschied machen k\u00f6nnen. Wir schauen uns an, wie M\u00fcll richtig &hellip; <a href=\"https:\/\/wordpress.nibis.de\/gshermann-loens\/handlettering\/\">Weiterlesen <span class=\"meta-nav\">&rarr;<\/span><\/a><\/p>\n","protected":false},"author":9194392,"featured_media":0,"parent":0,"menu_order":0,"comment_status":"closed","ping_status":"closed","template":"","meta":{"footnotes":""},"class_list":["post-832","page","type-page","status-publish","hentry"],"_links":{"self":[{"href":"https:\/\/wordpress.nibis.de\/gshermann-loens\/wp-json\/wp\/v2\/pages\/832","targetHints":{"allow":["GET"]}}],"collection":[{"href":"https:\/\/wordpress.nibis.de\/gshermann-loens\/wp-json\/wp\/v2\/pages"}],"about":[{"href":"https:\/\/wordpress.nibis.de\/gshermann-loens\/wp-json\/wp\/v2\/types\/page"}],"author":[{"embeddable":true,"href":"https:\/\/wordpress.nibis.de\/gshermann-loens\/wp-json\/wp\/v2\/users\/9194392"}],"replies":[{"embeddable":true,"href":"https:\/\/wordpress.nibis.de\/gshermann-loens\/wp-json\/wp\/v2\/comments?post=832"}],"version-history":[{"count":7,"href":"https:\/\/wordpress.nibis.de\/gshermann-loens\/wp-json\/wp\/v2\/pages\/832\/revisions"}],"predecessor-version":[{"id":1349,"href":"https:\/\/wordpress.nibis.de\/gshermann-loens\/wp-json\/wp\/v2\/pages\/832\/revisions\/1349"}],"wp:attachment":[{"href":"https:\/\/wordpress.nibis.de\/gshermann-loens\/wp-json\/wp\/v2\/media?parent=832"}],"curies":[{"name":"wp","href":"https:\/\/api.w.org\/{rel}","templated":true}]}}