{"id":836,"date":"2025-02-21T16:39:02","date_gmt":"2025-02-21T15:39:02","guid":{"rendered":"https:\/\/wordpress.nibis.de\/gshermann-loens\/?page_id=836"},"modified":"2026-02-07T22:20:30","modified_gmt":"2026-02-07T21:20:30","slug":"schreiben-am-pc","status":"publish","type":"page","link":"https:\/\/wordpress.nibis.de\/gshermann-loens\/schreiben-am-pc\/","title":{"rendered":"Gesellschaftsspiele-AG"},"content":{"rendered":"\n<p>Wir spielen gemeinsam oder in Kleingruppen verschiedene Brett- und Kartenspiele. Dabei kommen neue und alte Familienspiele, Strategiespiele, kooperative Spiele, kommunikative Spiele, Geschicklichkeitsspiele, Spiele f\u00fcr Wortakrobaten oder mathematische Spiele zum Einsatz.<\/p>\n\n\n\n<p>Die Bandbreite reicht vom \u201eStar-Wars-Schach\u201c bis zum \u201eWerwolf-Spiel\u201c, das f\u00fcr gr\u00f6\u00dfere Gruppen ideal ist. Gerne d\u00fcrfen auch Lieblingsspiele mitgebracht werden.<\/p>\n\n\n\n<p>Ziel ist es, viele Spiele kennenzulernen, neue Regeln zu verstehen oder anderen Kindern die Spielregeln zu erkl\u00e4ren. Und um einfach entspannt gemeinsam Spa\u00df zu haben.<\/p>\n","protected":false},"excerpt":{"rendered":"<p>Wir spielen gemeinsam oder in Kleingruppen verschiedene Brett- und Kartenspiele. Dabei kommen neue und alte Familienspiele, Strategiespiele, kooperative Spiele, kommunikative Spiele, Geschicklichkeitsspiele, Spiele f\u00fcr Wortakrobaten oder mathematische Spiele zum Einsatz. Die Bandbreite reicht vom \u201eStar-Wars-Schach\u201c bis zum \u201eWerwolf-Spiel\u201c, das f\u00fcr &hellip; <a href=\"https:\/\/wordpress.nibis.de\/gshermann-loens\/schreiben-am-pc\/\">Weiterlesen <span class=\"meta-nav\">&rarr;<\/span><\/a><\/p>\n","protected":false},"author":9194392,"featured_media":0,"parent":0,"menu_order":0,"comment_status":"closed","ping_status":"closed","template":"","meta":{"footnotes":""},"class_list":["post-836","page","type-page","status-publish","hentry"],"_links":{"self":[{"href":"https:\/\/wordpress.nibis.de\/gshermann-loens\/wp-json\/wp\/v2\/pages\/836","targetHints":{"allow":["GET"]}}],"collection":[{"href":"https:\/\/wordpress.nibis.de\/gshermann-loens\/wp-json\/wp\/v2\/pages"}],"about":[{"href":"https:\/\/wordpress.nibis.de\/gshermann-loens\/wp-json\/wp\/v2\/types\/page"}],"author":[{"embeddable":true,"href":"https:\/\/wordpress.nibis.de\/gshermann-loens\/wp-json\/wp\/v2\/users\/9194392"}],"replies":[{"embeddable":true,"href":"https:\/\/wordpress.nibis.de\/gshermann-loens\/wp-json\/wp\/v2\/comments?post=836"}],"version-history":[{"count":3,"href":"https:\/\/wordpress.nibis.de\/gshermann-loens\/wp-json\/wp\/v2\/pages\/836\/revisions"}],"predecessor-version":[{"id":1321,"href":"https:\/\/wordpress.nibis.de\/gshermann-loens\/wp-json\/wp\/v2\/pages\/836\/revisions\/1321"}],"wp:attachment":[{"href":"https:\/\/wordpress.nibis.de\/gshermann-loens\/wp-json\/wp\/v2\/media?parent=836"}],"curies":[{"name":"wp","href":"https:\/\/api.w.org\/{rel}","templated":true}]}}