{"id":839,"date":"2025-02-21T16:45:51","date_gmt":"2025-02-21T15:45:51","guid":{"rendered":"https:\/\/wordpress.nibis.de\/gshermann-loens\/?page_id=839"},"modified":"2026-02-07T22:19:57","modified_gmt":"2026-02-07T21:19:57","slug":"trickfilm","status":"publish","type":"page","link":"https:\/\/wordpress.nibis.de\/gshermann-loens\/trickfilm\/","title":{"rendered":"Trickfilm-AG"},"content":{"rendered":"\n<p>In kleinen Gruppen werden zu unterschiedlichen Themen Ideen zu Trickfilmen entwickelt. Anschlie\u00dfend werden diese mit Hilfe einer App und den schuleigenen iPads zusammengestellt und realisiert. Nat\u00fcrlich werden die Ergebnisse der Kinder auch auf dieser Seite zu einem sp\u00e4teren Zeitpunkt pr\u00e4sentiert.<\/p>\n\n\n\n<p><\/p>\n","protected":false},"excerpt":{"rendered":"<p>In kleinen Gruppen werden zu unterschiedlichen Themen Ideen zu Trickfilmen entwickelt. Anschlie\u00dfend werden diese mit Hilfe einer App und den schuleigenen iPads zusammengestellt und realisiert. Nat\u00fcrlich werden die Ergebnisse der Kinder auch auf dieser Seite zu einem sp\u00e4teren Zeitpunkt pr\u00e4sentiert.<\/p>\n","protected":false},"author":9194392,"featured_media":0,"parent":0,"menu_order":0,"comment_status":"closed","ping_status":"closed","template":"","meta":{"footnotes":""},"class_list":["post-839","page","type-page","status-publish","hentry"],"_links":{"self":[{"href":"https:\/\/wordpress.nibis.de\/gshermann-loens\/wp-json\/wp\/v2\/pages\/839","targetHints":{"allow":["GET"]}}],"collection":[{"href":"https:\/\/wordpress.nibis.de\/gshermann-loens\/wp-json\/wp\/v2\/pages"}],"about":[{"href":"https:\/\/wordpress.nibis.de\/gshermann-loens\/wp-json\/wp\/v2\/types\/page"}],"author":[{"embeddable":true,"href":"https:\/\/wordpress.nibis.de\/gshermann-loens\/wp-json\/wp\/v2\/users\/9194392"}],"replies":[{"embeddable":true,"href":"https:\/\/wordpress.nibis.de\/gshermann-loens\/wp-json\/wp\/v2\/comments?post=839"}],"version-history":[{"count":2,"href":"https:\/\/wordpress.nibis.de\/gshermann-loens\/wp-json\/wp\/v2\/pages\/839\/revisions"}],"predecessor-version":[{"id":1320,"href":"https:\/\/wordpress.nibis.de\/gshermann-loens\/wp-json\/wp\/v2\/pages\/839\/revisions\/1320"}],"wp:attachment":[{"href":"https:\/\/wordpress.nibis.de\/gshermann-loens\/wp-json\/wp\/v2\/media?parent=839"}],"curies":[{"name":"wp","href":"https:\/\/api.w.org\/{rel}","templated":true}]}}