{"id":846,"date":"2025-02-21T17:36:40","date_gmt":"2025-02-21T16:36:40","guid":{"rendered":"https:\/\/wordpress.nibis.de\/gshermann-loens\/?page_id=846"},"modified":"2025-02-22T09:19:30","modified_gmt":"2025-02-22T08:19:30","slug":"platt-ag","status":"publish","type":"page","link":"https:\/\/wordpress.nibis.de\/gshermann-loens\/platt-ag\/","title":{"rendered":"Platt-AG"},"content":{"rendered":"\n<p><strong>!!!&nbsp;<u>Wi snackt Platt in de Hermann-L\u00f6ns-School<\/u>&nbsp;!!!<\/strong><\/p>\n\n\n\n<p>Die Pflege und der Erhalt der plattdeutschen Sprache nimmt an unserer Schule einen besonderen Stellenwert ein:<\/p>\n\n\n\n<p>Mit Beginn des Schuljahres 2018\/19 ist die Hermann-L\u00f6ns-Schule \u201e<strong>Plattdeutsche Projektschule\u201c&nbsp;<\/strong>geworden und am 04.03.2020 ist sie&nbsp;<strong>zur<\/strong>&nbsp;<strong>\u201e<\/strong><strong>Plattdeutschen Schule\u201c<\/strong>&nbsp;zertifiziert worden. Ein wichtiger Baustein der&nbsp;<strong>Plattdeutschen Schule<\/strong>&nbsp;ist, dass der Unterricht nach der&nbsp;<strong>Immersionsmethode&nbsp;<\/strong>(bedeutet: Der Unterricht wird ganz oder \u00fcberwiegend in einer Fremdsprache durchgef\u00fchrt)<strong>&nbsp;<\/strong>stattfindet.&nbsp;<\/p>\n\n\n\n<p>Zum Immersionsunterricht geh\u00f6rt auch die&nbsp;<strong>Plattdeutsch-AG<\/strong>, die bereits seit 2007 f\u00fcr die 3.\/4. Klassen an unserer Schule angeboten wird:<\/p>\n\n\n\n<p>In der Plattdeutsch-AG lernen die Kinder plattdeutsche Gedichte, h\u00f6ren Geschichten, singen Lieder und spielen Theater. Dabei lernen sie ganz nebenbei diese sch\u00f6ne alte Sprache.<\/p>\n\n\n\n<p>In der Weihnachtszeit nehmen wir au\u00dferdem an 2 Seniorenadventsfeiern (\u201eBetreutes Wohnen\u201c Volgershall, Seniorenkaffee der St. Michaelis-Gemeinde) teil, um die alten Menschen mit unseren einstudierten plattdeutschen Theaterst\u00fccken, Liedern und Gedichten zu erfreuen. Auch findet jedes Jahr in der Adventszeit unter einem bestimmten weihnachtlichen Motto mit der AG eine&nbsp;<strong>Auff\u00fchrung<\/strong>&nbsp;(in der Schule, im Bardowicker Forsthuus, Restaurant \u201eAlter Uhu\u201c, Gasthaus Stumpf, Treppenspeicher Westergellersen) statt. Am 19.12.24 haben wir das&nbsp;<strong>Singspiel \u201eDat kloppt bi Wanja in de Nacht\u201c&nbsp;<\/strong>aufgef\u00fchrt.<\/p>\n\n\n\n<p>Auch fanden innerhalb der AG bereits&nbsp;<strong>Workshops mit der Hamburger \u201eT\u00fcdelband\u201c<\/strong>&nbsp;sowie mit den&nbsp;<strong>Liedermachern \u201eJan Cornelius\u201c und \u201ePeter Paulsen\u201c<\/strong>&nbsp;mit anschlie\u00dfender Pr\u00e4sentation vor der gesamten Schulgemeinschaft statt.<\/p>\n\n\n\n<p>Weitere Highlights waren u.a. die&nbsp;Teilnahme am&nbsp;<strong>Forum f\u00fcr den Niedersachsentag in der Leuphana-Uni,&nbsp;<\/strong>die&nbsp;<strong>Auftaktveranstaltung \u201eFreedag is Plattdag\u201c in Hannover mit dem Ministerpr\u00e4sidenten Stephan Weil,&nbsp;<\/strong>das<strong>\u201eSteinzeitprojekt\u201c auf Plattdeutsch<\/strong>&nbsp;<strong>mit dem Arch\u00e4ologen Achim Gr\u00fcndel<\/strong>&nbsp;sowie das&nbsp;<strong>Musikuss Festival in Barum&nbsp;<\/strong>(alle weiteren Aktionen sind auf unserer Schulhomepage unter \u201ePlattdeutscher Schule\u201c nachzulesen).<\/p>\n\n\n\n<p>Weiter findet alle zwei Jahre im Fr\u00fchjahr ein&nbsp;<strong>plattdeutscher Lesewettbewerb<\/strong>&nbsp;statt, bei dem die Plattdeutsch-AG bereits seit 2008 mit gro\u00dfem Erfolg regelm\u00e4\u00dfig mitmacht. In diesem Schuljahr werden wir wieder mit der AG daran teilnehmen. Dabei werden die Sch\u00fclerInnen von dem Musiker Klaus Stehr sowie dem Gymnasiallehrer i.R. Karl Leefmann gecoacht. Ich freue mich sehr, dass alle Kinder der Plattdeutsch-AG mitmachen m\u00f6chten!!<\/p>\n\n\n\n<p>Zum Ausklang des Schuljahres wird die Plattdeutsch-AG am&nbsp;<strong>24.05.25<\/strong>&nbsp;an einer&nbsp;<strong>plattdeutschen Kinderveranstaltung&nbsp;<\/strong>in der&nbsp;<strong>Lehmscheune Westergellersen<\/strong>&nbsp;teilnehmen: Hier werden die AG-Kinder plattdeutsche Lieder singen und ihre Lesetexte vom plattdeutschen Lesewettbewerb nochmals pr\u00e4sentieren k\u00f6nnen. Der Musiker Klaus Stehr sowie einige Gitarrensch\u00fcler werden unsere Lieder mit der Gitarre begleiten.&nbsp;<\/p>\n\n\n\n<figure class=\"wp-block-audio\"><audio controls src=\"https:\/\/wordpress.nibis.de\/gshermann-loens\/files\/2025\/02\/Auftritt-im-Olen-Forsthuus.m4a\"><\/audio><figcaption><strong>Auftritt im Olen-Forsthuus<\/strong><\/figcaption><\/figure>\n\n\n\n<figure class=\"wp-block-gallery has-nested-images columns-default is-cropped is-style-tw-img-frame wp-block-gallery-1 is-layout-flex wp-block-gallery-is-layout-flex\">\n<figure class=\"wp-block-image size-full is-style-tw-frame\"><img loading=\"lazy\" decoding=\"async\" width=\"1742\" height=\"1080\" data-id=\"851\" src=\"https:\/\/wordpress.nibis.de\/gshermann-loens\/files\/2025\/02\/LZ_Artikel.jpg\" alt=\"\" class=\"wp-image-851\" srcset=\"https:\/\/wordpress.nibis.de\/gshermann-loens\/files\/2025\/02\/LZ_Artikel.jpg 1742w, https:\/\/wordpress.nibis.de\/gshermann-loens\/files\/2025\/02\/LZ_Artikel-300x186.jpg 300w, https:\/\/wordpress.nibis.de\/gshermann-loens\/files\/2025\/02\/LZ_Artikel-800x496.jpg 800w, https:\/\/wordpress.nibis.de\/gshermann-loens\/files\/2025\/02\/LZ_Artikel-768x476.jpg 768w, https:\/\/wordpress.nibis.de\/gshermann-loens\/files\/2025\/02\/LZ_Artikel-1536x952.jpg 1536w, https:\/\/wordpress.nibis.de\/gshermann-loens\/files\/2025\/02\/LZ_Artikel-484x300.jpg 484w\" sizes=\"auto, (max-width: 1742px) 100vw, 1742px\" \/><\/figure>\n\n\n\n<figure class=\"wp-block-image size-full is-style-tw-frame\"><img loading=\"lazy\" decoding=\"async\" width=\"1964\" height=\"1372\" data-id=\"847\" src=\"https:\/\/wordpress.nibis.de\/gshermann-loens\/files\/2025\/02\/Musikuss.jpg\" alt=\"\" class=\"wp-image-847\" srcset=\"https:\/\/wordpress.nibis.de\/gshermann-loens\/files\/2025\/02\/Musikuss.jpg 1964w, https:\/\/wordpress.nibis.de\/gshermann-loens\/files\/2025\/02\/Musikuss-300x210.jpg 300w, https:\/\/wordpress.nibis.de\/gshermann-loens\/files\/2025\/02\/Musikuss-800x559.jpg 800w, https:\/\/wordpress.nibis.de\/gshermann-loens\/files\/2025\/02\/Musikuss-768x537.jpg 768w, https:\/\/wordpress.nibis.de\/gshermann-loens\/files\/2025\/02\/Musikuss-1536x1073.jpg 1536w, https:\/\/wordpress.nibis.de\/gshermann-loens\/files\/2025\/02\/Musikuss-429x300.jpg 429w\" sizes=\"auto, (max-width: 1964px) 100vw, 1964px\" \/><figcaption>Musikuss-Festival<\/figcaption><\/figure>\n\n\n\n<figure class=\"wp-block-image size-full is-style-tw-frame\"><img loading=\"lazy\" decoding=\"async\" width=\"1894\" height=\"1320\" data-id=\"884\" src=\"https:\/\/wordpress.nibis.de\/gshermann-loens\/files\/2025\/02\/Seniorenadventsfeier-in-St.-Michaelis.jpg\" alt=\"\" class=\"wp-image-884\" srcset=\"https:\/\/wordpress.nibis.de\/gshermann-loens\/files\/2025\/02\/Seniorenadventsfeier-in-St.-Michaelis.jpg 1894w, https:\/\/wordpress.nibis.de\/gshermann-loens\/files\/2025\/02\/Seniorenadventsfeier-in-St.-Michaelis-300x209.jpg 300w, https:\/\/wordpress.nibis.de\/gshermann-loens\/files\/2025\/02\/Seniorenadventsfeier-in-St.-Michaelis-800x558.jpg 800w, https:\/\/wordpress.nibis.de\/gshermann-loens\/files\/2025\/02\/Seniorenadventsfeier-in-St.-Michaelis-768x535.jpg 768w, https:\/\/wordpress.nibis.de\/gshermann-loens\/files\/2025\/02\/Seniorenadventsfeier-in-St.-Michaelis-1536x1070.jpg 1536w, https:\/\/wordpress.nibis.de\/gshermann-loens\/files\/2025\/02\/Seniorenadventsfeier-in-St.-Michaelis-430x300.jpg 430w\" sizes=\"auto, (max-width: 1894px) 100vw, 1894px\" \/><figcaption>Seniorenadventsfeier St. Michaelis<\/figcaption><\/figure>\n<\/figure>\n\n\n\n<figure class=\"wp-block-video\"><video height=\"480\" style=\"aspect-ratio: 848 \/ 480;\" width=\"848\" controls src=\"https:\/\/wordpress.nibis.de\/gshermann-loens\/files\/2024\/10\/Freedag-is-Plattdag.mp4\"><\/video><figcaption>Freedag is Plattdag<\/figcaption><\/figure>\n\n\n\n<figure class=\"wp-block-gallery has-nested-images columns-default is-cropped is-style-tw-img-frame wp-block-gallery-2 is-layout-flex wp-block-gallery-is-layout-flex\">\n<figure class=\"wp-block-image size-large is-style-tw-frame\"><img loading=\"lazy\" decoding=\"async\" width=\"800\" height=\"541\" data-id=\"861\" src=\"https:\/\/wordpress.nibis.de\/gshermann-loens\/files\/2025\/02\/Platt_2-800x541.jpg\" alt=\"\" class=\"wp-image-861\" srcset=\"https:\/\/wordpress.nibis.de\/gshermann-loens\/files\/2025\/02\/Platt_2-800x541.jpg 800w, https:\/\/wordpress.nibis.de\/gshermann-loens\/files\/2025\/02\/Platt_2-300x203.jpg 300w, https:\/\/wordpress.nibis.de\/gshermann-loens\/files\/2025\/02\/Platt_2-768x519.jpg 768w, https:\/\/wordpress.nibis.de\/gshermann-loens\/files\/2025\/02\/Platt_2-1536x1038.jpg 1536w, https:\/\/wordpress.nibis.de\/gshermann-loens\/files\/2025\/02\/Platt_2-444x300.jpg 444w, https:\/\/wordpress.nibis.de\/gshermann-loens\/files\/2025\/02\/Platt_2.jpg 1906w\" sizes=\"auto, (max-width: 800px) 100vw, 800px\" \/><figcaption>Auftaktveranstaltung Freedag is Plattdag<\/figcaption><\/figure>\n\n\n\n<figure class=\"wp-block-image size-large is-style-tw-frame\"><img loading=\"lazy\" decoding=\"async\" width=\"798\" height=\"600\" data-id=\"862\" src=\"https:\/\/wordpress.nibis.de\/gshermann-loens\/files\/2025\/02\/Platt_3-798x600.jpg\" alt=\"\" class=\"wp-image-862\" srcset=\"https:\/\/wordpress.nibis.de\/gshermann-loens\/files\/2025\/02\/Platt_3-798x600.jpg 798w, https:\/\/wordpress.nibis.de\/gshermann-loens\/files\/2025\/02\/Platt_3-300x226.jpg 300w, https:\/\/wordpress.nibis.de\/gshermann-loens\/files\/2025\/02\/Platt_3-768x577.jpg 768w, https:\/\/wordpress.nibis.de\/gshermann-loens\/files\/2025\/02\/Platt_3-1536x1155.jpg 1536w, https:\/\/wordpress.nibis.de\/gshermann-loens\/files\/2025\/02\/Platt_3-399x300.jpg 399w, https:\/\/wordpress.nibis.de\/gshermann-loens\/files\/2025\/02\/Platt_3.jpg 1918w\" sizes=\"auto, (max-width: 798px) 100vw, 798px\" \/><figcaption>Plattdeutscher Lesewettbewerb<\/figcaption><\/figure>\n\n\n\n<figure class=\"wp-block-image size-large is-style-tw-frame\"><img loading=\"lazy\" decoding=\"async\" width=\"2202\" height=\"1398\" data-id=\"880\" src=\"https:\/\/wordpress.nibis.de\/gshermann-loens\/files\/2025\/02\/Platt_1.jpg\" alt=\"\" class=\"wp-image-880\" srcset=\"https:\/\/wordpress.nibis.de\/gshermann-loens\/files\/2025\/02\/Platt_1.jpg 2202w, https:\/\/wordpress.nibis.de\/gshermann-loens\/files\/2025\/02\/Platt_1-300x190.jpg 300w, https:\/\/wordpress.nibis.de\/gshermann-loens\/files\/2025\/02\/Platt_1-800x508.jpg 800w, https:\/\/wordpress.nibis.de\/gshermann-loens\/files\/2025\/02\/Platt_1-768x488.jpg 768w, https:\/\/wordpress.nibis.de\/gshermann-loens\/files\/2025\/02\/Platt_1-1536x975.jpg 1536w, https:\/\/wordpress.nibis.de\/gshermann-loens\/files\/2025\/02\/Platt_1-2048x1300.jpg 2048w, https:\/\/wordpress.nibis.de\/gshermann-loens\/files\/2025\/02\/Platt_1-473x300.jpg 473w\" sizes=\"auto, (max-width: 2202px) 100vw, 2202px\" \/><figcaption>Workshop mit Jan Cornelius<\/figcaption><\/figure>\n<\/figure>\n\n\n\n<p><\/p>\n","protected":false},"excerpt":{"rendered":"<p>!!!&nbsp;Wi snackt Platt in de Hermann-L\u00f6ns-School&nbsp;!!! Die Pflege und der Erhalt der plattdeutschen Sprache nimmt an unserer Schule einen besonderen Stellenwert ein: Mit Beginn des Schuljahres 2018\/19 ist die Hermann-L\u00f6ns-Schule \u201ePlattdeutsche Projektschule\u201c&nbsp;geworden und am 04.03.2020 ist sie&nbsp;zur&nbsp;\u201ePlattdeutschen Schule\u201c&nbsp;zertifiziert worden. Ein &hellip; <a href=\"https:\/\/wordpress.nibis.de\/gshermann-loens\/platt-ag\/\">Weiterlesen <span class=\"meta-nav\">&rarr;<\/span><\/a><\/p>\n","protected":false},"author":9194392,"featured_media":0,"parent":0,"menu_order":0,"comment_status":"closed","ping_status":"closed","template":"","meta":{"footnotes":""},"class_list":["post-846","page","type-page","status-publish","hentry"],"_links":{"self":[{"href":"https:\/\/wordpress.nibis.de\/gshermann-loens\/wp-json\/wp\/v2\/pages\/846","targetHints":{"allow":["GET"]}}],"collection":[{"href":"https:\/\/wordpress.nibis.de\/gshermann-loens\/wp-json\/wp\/v2\/pages"}],"about":[{"href":"https:\/\/wordpress.nibis.de\/gshermann-loens\/wp-json\/wp\/v2\/types\/page"}],"author":[{"embeddable":true,"href":"https:\/\/wordpress.nibis.de\/gshermann-loens\/wp-json\/wp\/v2\/users\/9194392"}],"replies":[{"embeddable":true,"href":"https:\/\/wordpress.nibis.de\/gshermann-loens\/wp-json\/wp\/v2\/comments?post=846"}],"version-history":[{"count":14,"href":"https:\/\/wordpress.nibis.de\/gshermann-loens\/wp-json\/wp\/v2\/pages\/846\/revisions"}],"predecessor-version":[{"id":886,"href":"https:\/\/wordpress.nibis.de\/gshermann-loens\/wp-json\/wp\/v2\/pages\/846\/revisions\/886"}],"wp:attachment":[{"href":"https:\/\/wordpress.nibis.de\/gshermann-loens\/wp-json\/wp\/v2\/media?parent=846"}],"curies":[{"name":"wp","href":"https:\/\/api.w.org\/{rel}","templated":true}]}}