{"id":993,"date":"2025-09-22T16:16:52","date_gmt":"2025-09-22T14:16:52","guid":{"rendered":"https:\/\/wordpress.nibis.de\/gshermann-loens\/?page_id=993"},"modified":"2026-02-20T17:44:21","modified_gmt":"2026-02-20T16:44:21","slug":"kreativwerkstatt","status":"publish","type":"page","link":"https:\/\/wordpress.nibis.de\/gshermann-loens\/kreativwerkstatt\/","title":{"rendered":"Yoga-AG"},"content":{"rendered":"\n<p>Die Yoga AG ist f\u00fcr alle Sch\u00fcler der 3. Und 4. Klassen ein Angebot in die Welt des Yoga \u201ereinzuschnuppern\u201c.&nbsp;<strong><\/strong><\/p>\n\n\n\n<p>Kinderyoga\u00fcbungen machen Spa\u00df und helfen im Schulalltag Stress abzubauen. Mit K\u00f6rper\u00fcbungen, Fantasiereisen und Spielen wird das K\u00f6rperbewusstsein trainiert und das Selbstbewusstsein gest\u00e4rkt.<\/p>\n\n\n\n<p>Yoga verbessert die Konzentration, Selbstwahrnehmung und&nbsp;&nbsp;das Einf\u00fchlungsverm\u00f6gen in andere. Yoga hilft Kindern, sich selbst besser zu sp\u00fcren. Gerade im Grundschulalter werden wichtige Grundlagen gelegt f\u00fcr die k\u00f6rperliche Entwicklung, aber auch f\u00fcr die geistige Entwicklung.&nbsp;<\/p>\n\n\n\n<p>Gesunde Gewohnheiten werden schon im Grundschulalter entwickelt. Kinder, die in der Grundschule Yoga lernen, bekommen \u00dcbungswerkzeuge, die sie ihr ganzes Leben begleiten werden.<\/p>\n\n\n<div class=\"wp-block-image\">\n<figure class=\"aligncenter size-large is-resized\"><img loading=\"lazy\" decoding=\"async\" width=\"800\" height=\"501\" src=\"https:\/\/wordpress.nibis.de\/gshermann-loens\/files\/2026\/02\/Yoga-800x501.jpg\" alt=\"\" class=\"wp-image-1339\" style=\"aspect-ratio:1.5753688261706222;width:464px;height:auto\" srcset=\"https:\/\/wordpress.nibis.de\/gshermann-loens\/files\/2026\/02\/Yoga-800x501.jpg 800w, https:\/\/wordpress.nibis.de\/gshermann-loens\/files\/2026\/02\/Yoga-300x188.jpg 300w, https:\/\/wordpress.nibis.de\/gshermann-loens\/files\/2026\/02\/Yoga-768x481.jpg 768w, https:\/\/wordpress.nibis.de\/gshermann-loens\/files\/2026\/02\/Yoga-100x63.jpg 100w, https:\/\/wordpress.nibis.de\/gshermann-loens\/files\/2026\/02\/Yoga-479x300.jpg 479w, https:\/\/wordpress.nibis.de\/gshermann-loens\/files\/2026\/02\/Yoga.jpg 1372w\" sizes=\"auto, (max-width: 800px) 100vw, 800px\" \/><\/figure>\n<\/div>","protected":false},"excerpt":{"rendered":"<p>Die Yoga AG ist f\u00fcr alle Sch\u00fcler der 3. Und 4. Klassen ein Angebot in die Welt des Yoga \u201ereinzuschnuppern\u201c.&nbsp; Kinderyoga\u00fcbungen machen Spa\u00df und helfen im Schulalltag Stress abzubauen. Mit K\u00f6rper\u00fcbungen, Fantasiereisen und Spielen wird das K\u00f6rperbewusstsein trainiert und das &hellip; <a href=\"https:\/\/wordpress.nibis.de\/gshermann-loens\/kreativwerkstatt\/\">Weiterlesen <span class=\"meta-nav\">&rarr;<\/span><\/a><\/p>\n","protected":false},"author":9194392,"featured_media":0,"parent":0,"menu_order":0,"comment_status":"closed","ping_status":"closed","template":"","meta":{"footnotes":""},"class_list":["post-993","page","type-page","status-publish","hentry"],"_links":{"self":[{"href":"https:\/\/wordpress.nibis.de\/gshermann-loens\/wp-json\/wp\/v2\/pages\/993","targetHints":{"allow":["GET"]}}],"collection":[{"href":"https:\/\/wordpress.nibis.de\/gshermann-loens\/wp-json\/wp\/v2\/pages"}],"about":[{"href":"https:\/\/wordpress.nibis.de\/gshermann-loens\/wp-json\/wp\/v2\/types\/page"}],"author":[{"embeddable":true,"href":"https:\/\/wordpress.nibis.de\/gshermann-loens\/wp-json\/wp\/v2\/users\/9194392"}],"replies":[{"embeddable":true,"href":"https:\/\/wordpress.nibis.de\/gshermann-loens\/wp-json\/wp\/v2\/comments?post=993"}],"version-history":[{"count":4,"href":"https:\/\/wordpress.nibis.de\/gshermann-loens\/wp-json\/wp\/v2\/pages\/993\/revisions"}],"predecessor-version":[{"id":1340,"href":"https:\/\/wordpress.nibis.de\/gshermann-loens\/wp-json\/wp\/v2\/pages\/993\/revisions\/1340"}],"wp:attachment":[{"href":"https:\/\/wordpress.nibis.de\/gshermann-loens\/wp-json\/wp\/v2\/media?parent=993"}],"curies":[{"name":"wp","href":"https:\/\/api.w.org\/{rel}","templated":true}]}}