{"id":270,"date":"2015-12-27T13:43:06","date_gmt":"2015-12-27T12:43:06","guid":{"rendered":"http:\/\/wordpress.nibis.de\/gshermanns\/?page_id=270"},"modified":"2025-04-01T15:48:19","modified_gmt":"2025-04-01T13:48:19","slug":"paedagogische-mitarbeiterinnen","status":"publish","type":"page","link":"https:\/\/wordpress.nibis.de\/gshermanns\/das-sind-wir\/paedagogische-mitarbeiterinnen\/","title":{"rendered":"P\u00e4dagogische Mitarbeiter*innen"},"content":{"rendered":"\n<div class=\"wp-block-image\"><figure class=\"aligncenter\"><a href=\"https:\/\/wordpress.nibis.de\/gshermanns\/files\/2019\/07\/k-IMG_1263.jpg\"><img loading=\"lazy\" decoding=\"async\" width=\"300\" height=\"225\" src=\"https:\/\/wordpress.nibis.de\/gshermanns\/files\/2019\/07\/k-IMG_1263-300x225.jpg\" alt=\"\" class=\"wp-image-3216\" srcset=\"https:\/\/wordpress.nibis.de\/gshermanns\/files\/2019\/07\/k-IMG_1263-300x225.jpg 300w, https:\/\/wordpress.nibis.de\/gshermanns\/files\/2019\/07\/k-IMG_1263-768x576.jpg 768w, https:\/\/wordpress.nibis.de\/gshermanns\/files\/2019\/07\/k-IMG_1263.jpg 1024w\" sizes=\"auto, (max-width: 300px) 100vw, 300px\" \/><\/a><\/figure><\/div>\n\n\n\n<p class=\"has-text-align-center tw-text-wide\">An der Grundschule Hermannshagen bereichern Claudia Schuck, Birgit Stenzel und B\u00e4rbel Abel mit viel Engagement und Herz den Schulalltag. Sie unterst\u00fctzen die Sch\u00fclerinnen und Sch\u00fcler in der Betreuung, helfen im Ganztag und \u00fcbernehmen Vertretungsunterricht, wenn es n\u00f6tig ist. Durch ihre Arbeit sorgen sie f\u00fcr einen reibungslosen Ablauf und tragen ma\u00dfgeblich dazu bei, dass sich die Kinder in der Schule wohlf\u00fchlen. Ihr Einsatz ist f\u00fcr unsere Schulgemeinschaft unverzichtbar!<\/p>\n\n\n\n<p class=\"has-text-align-center\"><a href=\"http:\/\/wordpress.nibis.de\/gshermanns\/das-sind-wir\/260-2\/\">zur\u00fcck<\/a>&nbsp;&nbsp;&nbsp;&nbsp;&nbsp;&nbsp;&nbsp;&nbsp;&nbsp;&nbsp;&nbsp;&nbsp;&nbsp;&nbsp;&nbsp;&nbsp;&nbsp;&nbsp;&nbsp;&nbsp;&nbsp;&nbsp;&nbsp;&nbsp;&nbsp;&nbsp;&nbsp;&nbsp; <a href=\"http:\/\/wordpress.nibis.de\/gshermanns\/hausmeister\/\">weiter<\/a><\/p>\n","protected":false},"excerpt":{"rendered":"<p>An der Grundschule Hermannshagen bereichern Claudia Schuck, Birgit Stenzel und B\u00e4rbel Abel mit viel Engagement und Herz den Schulalltag. Sie unterst\u00fctzen die Sch\u00fclerinnen und Sch\u00fcler in der Betreuung, helfen im Ganztag und \u00fcbernehmen Vertretungsunterricht, wenn es n\u00f6tig ist. Durch ihre Arbeit sorgen sie f\u00fcr einen reibungslosen Ablauf und tragen ma\u00dfgeblich dazu bei, dass sich die&hellip; <a class=\"more-link\" href=\"https:\/\/wordpress.nibis.de\/gshermanns\/das-sind-wir\/paedagogische-mitarbeiterinnen\/\"><span class=\"screen-reader-text\">P\u00e4dagogische Mitarbeiter*innen<\/span> weiterlesen<\/a><\/p>\n","protected":false},"author":845,"featured_media":0,"parent":17,"menu_order":0,"comment_status":"closed","ping_status":"closed","template":"","meta":{"footnotes":""},"class_list":["post-270","page","type-page","status-publish","hentry","entry"],"_links":{"self":[{"href":"https:\/\/wordpress.nibis.de\/gshermanns\/wp-json\/wp\/v2\/pages\/270","targetHints":{"allow":["GET"]}}],"collection":[{"href":"https:\/\/wordpress.nibis.de\/gshermanns\/wp-json\/wp\/v2\/pages"}],"about":[{"href":"https:\/\/wordpress.nibis.de\/gshermanns\/wp-json\/wp\/v2\/types\/page"}],"author":[{"embeddable":true,"href":"https:\/\/wordpress.nibis.de\/gshermanns\/wp-json\/wp\/v2\/users\/845"}],"replies":[{"embeddable":true,"href":"https:\/\/wordpress.nibis.de\/gshermanns\/wp-json\/wp\/v2\/comments?post=270"}],"version-history":[{"count":11,"href":"https:\/\/wordpress.nibis.de\/gshermanns\/wp-json\/wp\/v2\/pages\/270\/revisions"}],"predecessor-version":[{"id":4085,"href":"https:\/\/wordpress.nibis.de\/gshermanns\/wp-json\/wp\/v2\/pages\/270\/revisions\/4085"}],"up":[{"embeddable":true,"href":"https:\/\/wordpress.nibis.de\/gshermanns\/wp-json\/wp\/v2\/pages\/17"}],"wp:attachment":[{"href":"https:\/\/wordpress.nibis.de\/gshermanns\/wp-json\/wp\/v2\/media?parent=270"}],"curies":[{"name":"wp","href":"https:\/\/api.w.org\/{rel}","templated":true}]}}