{"id":275,"date":"2015-12-27T13:47:31","date_gmt":"2015-12-27T12:47:31","guid":{"rendered":"http:\/\/wordpress.nibis.de\/gshermanns\/?page_id=275"},"modified":"2025-07-03T20:51:10","modified_gmt":"2025-07-03T18:51:10","slug":"hausmeister","status":"publish","type":"page","link":"https:\/\/wordpress.nibis.de\/gshermanns\/hausmeister\/","title":{"rendered":"Hausmeister"},"content":{"rendered":"\n<p class=\"has-text-align-center tw-text-wide\">Seit November 2024 unterst\u00fctzt Ralf Hagenberger als Hausmeister die Grundschule Hermannshagen und sorgt mit gro\u00dfem Engagement daf\u00fcr, dass der Schulalltag reibungslos verl\u00e4uft. Ob Reparaturen, die Pflege des Schulgel\u00e4ndes oder die Unterst\u00fctzung bei Veranstaltungen \u2013 Herr Hagenberger ist stets zur Stelle und packt tatkr\u00e4ftig mit an. Seine freundliche Art und sein handwerkliches Geschick machen ihn zu einem gesch\u00e4tzten Mitglied unserer Schulgemeinschaft. Wir freuen uns, ihn im Team zu haben!<\/p>\n\n\n\n<p class=\"has-text-align-center\"><a href=\"http:\/\/wordpress.nibis.de\/gshermanns\/das-sind-wir\/paedagogische-mitarbeiterinnen\/\">zur\u00fcck<\/a>&nbsp;&nbsp;&nbsp;&nbsp;&nbsp;&nbsp;&nbsp;&nbsp;&nbsp;&nbsp;&nbsp;&nbsp;&nbsp;&nbsp;&nbsp;&nbsp;&nbsp;&nbsp;&nbsp;&nbsp;&nbsp; <a href=\"http:\/\/wordpress.nibis.de\/gshermanns\/sekretaerin\/\">weiter<\/a><\/p>\n","protected":false},"excerpt":{"rendered":"<p>Seit November 2024 unterst\u00fctzt Ralf Hagenberger als Hausmeister die Grundschule Hermannshagen und sorgt mit gro\u00dfem Engagement daf\u00fcr, dass der Schulalltag reibungslos verl\u00e4uft. Ob Reparaturen, die Pflege des Schulgel\u00e4ndes oder die Unterst\u00fctzung bei Veranstaltungen \u2013 Herr Hagenberger ist stets zur Stelle und packt tatkr\u00e4ftig mit an. Seine freundliche Art und sein handwerkliches Geschick machen ihn zu&hellip; <a class=\"more-link\" href=\"https:\/\/wordpress.nibis.de\/gshermanns\/hausmeister\/\"><span class=\"screen-reader-text\">Hausmeister<\/span> weiterlesen<\/a><\/p>\n","protected":false},"author":845,"featured_media":0,"parent":0,"menu_order":0,"comment_status":"closed","ping_status":"closed","template":"","meta":{"footnotes":""},"class_list":["post-275","page","type-page","status-publish","hentry","entry"],"_links":{"self":[{"href":"https:\/\/wordpress.nibis.de\/gshermanns\/wp-json\/wp\/v2\/pages\/275","targetHints":{"allow":["GET"]}}],"collection":[{"href":"https:\/\/wordpress.nibis.de\/gshermanns\/wp-json\/wp\/v2\/pages"}],"about":[{"href":"https:\/\/wordpress.nibis.de\/gshermanns\/wp-json\/wp\/v2\/types\/page"}],"author":[{"embeddable":true,"href":"https:\/\/wordpress.nibis.de\/gshermanns\/wp-json\/wp\/v2\/users\/845"}],"replies":[{"embeddable":true,"href":"https:\/\/wordpress.nibis.de\/gshermanns\/wp-json\/wp\/v2\/comments?post=275"}],"version-history":[{"count":9,"href":"https:\/\/wordpress.nibis.de\/gshermanns\/wp-json\/wp\/v2\/pages\/275\/revisions"}],"predecessor-version":[{"id":4244,"href":"https:\/\/wordpress.nibis.de\/gshermanns\/wp-json\/wp\/v2\/pages\/275\/revisions\/4244"}],"wp:attachment":[{"href":"https:\/\/wordpress.nibis.de\/gshermanns\/wp-json\/wp\/v2\/media?parent=275"}],"curies":[{"name":"wp","href":"https:\/\/api.w.org\/{rel}","templated":true}]}}