{"id":279,"date":"2015-12-27T13:49:33","date_gmt":"2015-12-27T12:49:33","guid":{"rendered":"http:\/\/wordpress.nibis.de\/gshermanns\/?page_id=279"},"modified":"2025-12-05T18:17:51","modified_gmt":"2025-12-05T17:17:51","slug":"sekretaerin","status":"publish","type":"page","link":"https:\/\/wordpress.nibis.de\/gshermanns\/sekretaerin\/","title":{"rendered":"Sekret\u00e4rin"},"content":{"rendered":"\n\n\n<p class=\"tw-text-wide\">Seit Dezember 2025 sorgt Frau Chira-Choryza als unsere neue Sekret\u00e4rin mit viel Engagement und \u00dcbersicht daf\u00fcr, dass alle organisatorischen Abl\u00e4ufe an der Grundschule Hermannshagen reibungslos funktionieren. Ob telefonische Krankmeldungen, Fragen zum Mittagessen oder zum Ganztagsangebot \u2013 sie steht allen stets freundlich und hilfsbereit zur Seite. Mit ihrer zuverl\u00e4ssigen Art ist sie eine wichtige Anlaufstelle f\u00fcr die gesamte Schulgemeinschaft und sorgt daf\u00fcr, dass der Schulbetrieb rundl\u00e4uft. Wir freuen uns sehr , sie in unserem Team begr\u00fc\u00dfen zu d\u00fcrfen!<\/p>\n\n\n\n<p class=\"has-text-align-center\">Unser B\u00fcro ist besetzt:<\/p>\n\n\n\n<p class=\"has-text-align-center\"><strong> Montag, Dienstag, Mittwoch und Donnerstag : 7.30 &#8211; 12.30 Uhr<\/strong><\/p>\n\n\n\n<p class=\"has-text-align-center\">Tel: 05541\/72420<\/p>\n\n\n\n<p class=\"has-text-align-center\">Fax: 05541\/903496<\/p>\n\n\n\n<p class=\"has-text-align-center\">Mail: &#71;&#x53;H&#101;&#x72;m&#x61;&#x6e;&#110;&#x73;h&#97;&#x67;e&#110;&#x40;&#104;&#x61;n&#110;&#x2e;m&#117;&#x65;&#110;&#x64;&#x65;&#110;&#x2e;d&#101;<\/p>\n\n\n\n<p class=\"has-text-align-center\"><a href=\"http:\/\/wordpress.nibis.de\/gshermanns\/hausmeister\/\">zur\u00fcck<\/a>&nbsp;&nbsp;&nbsp;&nbsp;&nbsp;&nbsp;&nbsp;&nbsp;&nbsp;&nbsp;&nbsp;&nbsp;&nbsp;&nbsp;&nbsp;&nbsp;&nbsp;&nbsp;&nbsp;&nbsp;&nbsp;&nbsp;&nbsp;&nbsp;&nbsp;&nbsp;&nbsp;&nbsp;&nbsp;&nbsp;&nbsp;&nbsp;&nbsp; <a href=\"http:\/\/wordpress.nibis.de\/gshermanns\/reinigungskraefte\/\">weiter<\/a><\/p>\n","protected":false},"excerpt":{"rendered":"<p>Seit Dezember 2025 sorgt Frau Chira-Choryza als unsere neue Sekret\u00e4rin mit viel Engagement und \u00dcbersicht daf\u00fcr, dass alle organisatorischen Abl\u00e4ufe an der Grundschule Hermannshagen reibungslos funktionieren. Ob telefonische Krankmeldungen, Fragen zum Mittagessen oder zum Ganztagsangebot \u2013 sie steht allen stets freundlich und hilfsbereit zur Seite. Mit ihrer zuverl\u00e4ssigen Art ist sie eine wichtige Anlaufstelle f\u00fcr&hellip; <a class=\"more-link\" href=\"https:\/\/wordpress.nibis.de\/gshermanns\/sekretaerin\/\"><span class=\"screen-reader-text\">Sekret\u00e4rin<\/span> weiterlesen<\/a><\/p>\n","protected":false},"author":845,"featured_media":0,"parent":0,"menu_order":0,"comment_status":"closed","ping_status":"closed","template":"","meta":{"footnotes":""},"class_list":["post-279","page","type-page","status-publish","hentry","entry"],"_links":{"self":[{"href":"https:\/\/wordpress.nibis.de\/gshermanns\/wp-json\/wp\/v2\/pages\/279","targetHints":{"allow":["GET"]}}],"collection":[{"href":"https:\/\/wordpress.nibis.de\/gshermanns\/wp-json\/wp\/v2\/pages"}],"about":[{"href":"https:\/\/wordpress.nibis.de\/gshermanns\/wp-json\/wp\/v2\/types\/page"}],"author":[{"embeddable":true,"href":"https:\/\/wordpress.nibis.de\/gshermanns\/wp-json\/wp\/v2\/users\/845"}],"replies":[{"embeddable":true,"href":"https:\/\/wordpress.nibis.de\/gshermanns\/wp-json\/wp\/v2\/comments?post=279"}],"version-history":[{"count":9,"href":"https:\/\/wordpress.nibis.de\/gshermanns\/wp-json\/wp\/v2\/pages\/279\/revisions"}],"predecessor-version":[{"id":4271,"href":"https:\/\/wordpress.nibis.de\/gshermanns\/wp-json\/wp\/v2\/pages\/279\/revisions\/4271"}],"wp:attachment":[{"href":"https:\/\/wordpress.nibis.de\/gshermanns\/wp-json\/wp\/v2\/media?parent=279"}],"curies":[{"name":"wp","href":"https:\/\/api.w.org\/{rel}","templated":true}]}}