{"id":283,"date":"2015-12-27T13:52:27","date_gmt":"2015-12-27T12:52:27","guid":{"rendered":"http:\/\/wordpress.nibis.de\/gshermanns\/?page_id=283"},"modified":"2025-07-03T20:51:52","modified_gmt":"2025-07-03T18:51:52","slug":"reinigungskraefte","status":"publish","type":"page","link":"https:\/\/wordpress.nibis.de\/gshermanns\/reinigungskraefte\/","title":{"rendered":"Reinigungskr\u00e4fte"},"content":{"rendered":"\n<p class=\"has-text-align-center tw-text-wide\">Susanne Stemmer, Heidrun Herbold und Bianca Nockert sorgen tagt\u00e4glich daf\u00fcr, dass die Grundschule Hermannshagen sauber und ordentlich bleibt. Mit gro\u00dfem Flei\u00df und Sorgfalt halten sie Klassenr\u00e4ume, Flure und Sanit\u00e4ranlagen in Schuss und tragen so ma\u00dfgeblich zum Wohlbefinden aller bei. Heidrun versorgt dar\u00fcber hinaus alle Ganztagskinder mit Engelsgeduld bei der Herausgabe des Mittagessens. Dank ihres unerm\u00fcdlichen Einsatzes k\u00f6nnen sich Sch\u00fclerinnen, Sch\u00fcler und Lehrkr\u00e4fte in einer angenehmen Umgebung bewegen und lernen. Ein gro\u00dfes Dankesch\u00f6n an unsere Reinigungskr\u00e4fte \u2013 ohne sie w\u00fcrde hier nichts laufen!<\/p>\n\n\n\n<p class=\"has-text-align-center\"><a href=\"http:\/\/wordpress.nibis.de\/gshermanns\/sekretaerin\/\">zur\u00fcck<\/a><\/p>\n","protected":false},"excerpt":{"rendered":"<p>Susanne Stemmer, Heidrun Herbold und Bianca Nockert sorgen tagt\u00e4glich daf\u00fcr, dass die Grundschule Hermannshagen sauber und ordentlich bleibt. Mit gro\u00dfem Flei\u00df und Sorgfalt halten sie Klassenr\u00e4ume, Flure und Sanit\u00e4ranlagen in Schuss und tragen so ma\u00dfgeblich zum Wohlbefinden aller bei. Heidrun versorgt dar\u00fcber hinaus alle Ganztagskinder mit Engelsgeduld bei der Herausgabe des Mittagessens. Dank ihres unerm\u00fcdlichen&hellip; <a class=\"more-link\" href=\"https:\/\/wordpress.nibis.de\/gshermanns\/reinigungskraefte\/\"><span class=\"screen-reader-text\">Reinigungskr\u00e4fte<\/span> weiterlesen<\/a><\/p>\n","protected":false},"author":845,"featured_media":0,"parent":0,"menu_order":0,"comment_status":"closed","ping_status":"closed","template":"","meta":{"footnotes":""},"class_list":["post-283","page","type-page","status-publish","hentry","entry"],"_links":{"self":[{"href":"https:\/\/wordpress.nibis.de\/gshermanns\/wp-json\/wp\/v2\/pages\/283","targetHints":{"allow":["GET"]}}],"collection":[{"href":"https:\/\/wordpress.nibis.de\/gshermanns\/wp-json\/wp\/v2\/pages"}],"about":[{"href":"https:\/\/wordpress.nibis.de\/gshermanns\/wp-json\/wp\/v2\/types\/page"}],"author":[{"embeddable":true,"href":"https:\/\/wordpress.nibis.de\/gshermanns\/wp-json\/wp\/v2\/users\/845"}],"replies":[{"embeddable":true,"href":"https:\/\/wordpress.nibis.de\/gshermanns\/wp-json\/wp\/v2\/comments?post=283"}],"version-history":[{"count":8,"href":"https:\/\/wordpress.nibis.de\/gshermanns\/wp-json\/wp\/v2\/pages\/283\/revisions"}],"predecessor-version":[{"id":4245,"href":"https:\/\/wordpress.nibis.de\/gshermanns\/wp-json\/wp\/v2\/pages\/283\/revisions\/4245"}],"wp:attachment":[{"href":"https:\/\/wordpress.nibis.de\/gshermanns\/wp-json\/wp\/v2\/media?parent=283"}],"curies":[{"name":"wp","href":"https:\/\/api.w.org\/{rel}","templated":true}]}}