{"id":2871,"date":"2019-04-03T07:47:28","date_gmt":"2019-04-03T05:47:28","guid":{"rendered":"https:\/\/wordpress.nibis.de\/gshermanns\/?page_id=2871"},"modified":"2025-03-30T12:31:03","modified_gmt":"2025-03-30T10:31:03","slug":"schulimkerei","status":"publish","type":"page","link":"https:\/\/wordpress.nibis.de\/gshermanns\/schulimkerei\/","title":{"rendered":"Schulimkerei"},"content":{"rendered":"\n\n\n<p class=\"tw-text-wide\">Seit einigen Jahren beherbergt unser Innenhof einige Bienenv\u00f6lker. <br><br>Die Bienen werden vom Imkerverein der Umgebung gepflegt. Dieser bietet j\u00e4hrlich ein Imkerseminar f\u00fcr Eltern in den R\u00e4umen unserer Schule an. <br><br>Die Sch\u00fcler*innen k\u00f6nnen jeden Dienstag im Ganztagsangebot an der Imkerei-AG teilnehmen und dort spannende theoretische Fakten lernen und praktische Erfahrung in der Arbeit mit Bienen sammeln. <\/p>\n\n\n\n<p class=\"tw-text-wide\">Sch\u00fcler*innen, welche nicht am Ganztagsangebot teilnehmen, lernen die Arbeit von und mit Bienen durch den Sachunterricht kennen. <\/p>\n\n\n\n<p><\/p>\n\n\n\n<p class=\"tw-text-wide\">Der erworbene Honig unserer Schulbienen wird j\u00e4hrlich bei unserem Weihnachtsbasar zum Verkauf angeboten. <br><\/p>\n\n\n\n<figure class=\"wp-block-image\"><img loading=\"lazy\" decoding=\"async\" width=\"640\" height=\"480\" src=\"https:\/\/wordpress.nibis.de\/gshermanns\/files\/2019\/05\/Erste-ImkerInnen.jpg\" alt=\"\" class=\"wp-image-2928\" srcset=\"https:\/\/wordpress.nibis.de\/gshermanns\/files\/2019\/05\/Erste-ImkerInnen.jpg 640w, https:\/\/wordpress.nibis.de\/gshermanns\/files\/2019\/05\/Erste-ImkerInnen-300x225.jpg 300w\" sizes=\"auto, (max-width: 640px) 100vw, 640px\" \/><\/figure>\n\n\n\n<figure class=\"wp-block-gallery has-nested-images columns-default is-cropped wp-block-gallery-1 is-layout-flex wp-block-gallery-is-layout-flex\">\n<figure class=\"wp-block-image\"><img loading=\"lazy\" decoding=\"async\" width=\"480\" height=\"640\" data-id=\"3025\" src=\"https:\/\/wordpress.nibis.de\/gshermanns\/files\/2019\/06\/k-IMG_0759.jpg\" alt=\"\" class=\"wp-image-3025\" srcset=\"https:\/\/wordpress.nibis.de\/gshermanns\/files\/2019\/06\/k-IMG_0759.jpg 480w, https:\/\/wordpress.nibis.de\/gshermanns\/files\/2019\/06\/k-IMG_0759-225x300.jpg 225w\" sizes=\"auto, (max-width: 480px) 100vw, 480px\" \/><\/figure>\n\n\n\n<figure class=\"wp-block-image\"><img loading=\"lazy\" decoding=\"async\" width=\"480\" height=\"640\" data-id=\"3026\" src=\"https:\/\/wordpress.nibis.de\/gshermanns\/files\/2019\/06\/k-IMG_0760.jpg\" alt=\"\" class=\"wp-image-3026\" srcset=\"https:\/\/wordpress.nibis.de\/gshermanns\/files\/2019\/06\/k-IMG_0760.jpg 480w, https:\/\/wordpress.nibis.de\/gshermanns\/files\/2019\/06\/k-IMG_0760-225x300.jpg 225w\" sizes=\"auto, (max-width: 480px) 100vw, 480px\" \/><\/figure>\n\n\n\n<figure class=\"wp-block-image\"><img loading=\"lazy\" decoding=\"async\" width=\"480\" height=\"640\" data-id=\"3027\" src=\"https:\/\/wordpress.nibis.de\/gshermanns\/files\/2019\/06\/k-IMG_0763.jpg\" alt=\"\" class=\"wp-image-3027\" srcset=\"https:\/\/wordpress.nibis.de\/gshermanns\/files\/2019\/06\/k-IMG_0763.jpg 480w, https:\/\/wordpress.nibis.de\/gshermanns\/files\/2019\/06\/k-IMG_0763-225x300.jpg 225w\" sizes=\"auto, (max-width: 480px) 100vw, 480px\" \/><\/figure>\n\n\n\n<figure class=\"wp-block-image\"><img loading=\"lazy\" decoding=\"async\" width=\"480\" height=\"640\" data-id=\"3028\" src=\"https:\/\/wordpress.nibis.de\/gshermanns\/files\/2019\/06\/k-IMG_0765.jpg\" alt=\"\" class=\"wp-image-3028\" srcset=\"https:\/\/wordpress.nibis.de\/gshermanns\/files\/2019\/06\/k-IMG_0765.jpg 480w, https:\/\/wordpress.nibis.de\/gshermanns\/files\/2019\/06\/k-IMG_0765-225x300.jpg 225w\" sizes=\"auto, (max-width: 480px) 100vw, 480px\" \/><\/figure>\n\n\n\n<figure class=\"wp-block-image\"><img loading=\"lazy\" decoding=\"async\" width=\"640\" height=\"480\" data-id=\"3029\" src=\"https:\/\/wordpress.nibis.de\/gshermanns\/files\/2019\/06\/k-IMG_0769.jpg\" alt=\"\" class=\"wp-image-3029\" srcset=\"https:\/\/wordpress.nibis.de\/gshermanns\/files\/2019\/06\/k-IMG_0769.jpg 640w, https:\/\/wordpress.nibis.de\/gshermanns\/files\/2019\/06\/k-IMG_0769-300x225.jpg 300w\" sizes=\"auto, (max-width: 640px) 100vw, 640px\" \/><\/figure>\n\n\n\n<figure class=\"wp-block-image\"><img loading=\"lazy\" decoding=\"async\" width=\"480\" height=\"640\" data-id=\"3030\" src=\"https:\/\/wordpress.nibis.de\/gshermanns\/files\/2019\/06\/k-IMG_0773.jpg\" alt=\"\" class=\"wp-image-3030\" srcset=\"https:\/\/wordpress.nibis.de\/gshermanns\/files\/2019\/06\/k-IMG_0773.jpg 480w, https:\/\/wordpress.nibis.de\/gshermanns\/files\/2019\/06\/k-IMG_0773-225x300.jpg 225w\" sizes=\"auto, (max-width: 480px) 100vw, 480px\" \/><\/figure>\n\n\n\n<figure class=\"wp-block-image\"><img loading=\"lazy\" decoding=\"async\" width=\"640\" height=\"480\" data-id=\"3031\" src=\"https:\/\/wordpress.nibis.de\/gshermanns\/files\/2019\/06\/k-IMG_0778.jpg\" alt=\"\" class=\"wp-image-3031\" srcset=\"https:\/\/wordpress.nibis.de\/gshermanns\/files\/2019\/06\/k-IMG_0778.jpg 640w, https:\/\/wordpress.nibis.de\/gshermanns\/files\/2019\/06\/k-IMG_0778-300x225.jpg 300w\" sizes=\"auto, (max-width: 640px) 100vw, 640px\" \/><\/figure>\n\n\n\n<figure class=\"wp-block-image\"><img loading=\"lazy\" decoding=\"async\" width=\"640\" height=\"480\" data-id=\"3032\" src=\"https:\/\/wordpress.nibis.de\/gshermanns\/files\/2019\/06\/k-IMG_0809.jpg\" alt=\"\" class=\"wp-image-3032\" srcset=\"https:\/\/wordpress.nibis.de\/gshermanns\/files\/2019\/06\/k-IMG_0809.jpg 640w, https:\/\/wordpress.nibis.de\/gshermanns\/files\/2019\/06\/k-IMG_0809-300x225.jpg 300w\" sizes=\"auto, (max-width: 640px) 100vw, 640px\" \/><\/figure>\n\n\n\n<figure class=\"wp-block-image\"><img loading=\"lazy\" decoding=\"async\" width=\"640\" height=\"480\" data-id=\"3033\" src=\"https:\/\/wordpress.nibis.de\/gshermanns\/files\/2019\/06\/k-IMG_0813.jpg\" alt=\"\" class=\"wp-image-3033\" srcset=\"https:\/\/wordpress.nibis.de\/gshermanns\/files\/2019\/06\/k-IMG_0813.jpg 640w, https:\/\/wordpress.nibis.de\/gshermanns\/files\/2019\/06\/k-IMG_0813-300x225.jpg 300w\" sizes=\"auto, (max-width: 640px) 100vw, 640px\" \/><\/figure>\n\n\n\n<figure class=\"wp-block-image\"><img loading=\"lazy\" decoding=\"async\" width=\"480\" height=\"640\" data-id=\"3034\" src=\"https:\/\/wordpress.nibis.de\/gshermanns\/files\/2019\/06\/k-IMG_0814.jpg\" alt=\"\" class=\"wp-image-3034\" srcset=\"https:\/\/wordpress.nibis.de\/gshermanns\/files\/2019\/06\/k-IMG_0814.jpg 480w, https:\/\/wordpress.nibis.de\/gshermanns\/files\/2019\/06\/k-IMG_0814-225x300.jpg 225w\" sizes=\"auto, (max-width: 480px) 100vw, 480px\" \/><\/figure>\n\n\n\n<figure class=\"wp-block-image\"><img loading=\"lazy\" decoding=\"async\" width=\"480\" height=\"640\" data-id=\"3035\" src=\"https:\/\/wordpress.nibis.de\/gshermanns\/files\/2019\/06\/k-IMG_0817.jpg\" alt=\"\" class=\"wp-image-3035\" srcset=\"https:\/\/wordpress.nibis.de\/gshermanns\/files\/2019\/06\/k-IMG_0817.jpg 480w, https:\/\/wordpress.nibis.de\/gshermanns\/files\/2019\/06\/k-IMG_0817-225x300.jpg 225w\" sizes=\"auto, (max-width: 480px) 100vw, 480px\" \/><\/figure>\n\n\n\n<figure class=\"wp-block-image\"><img loading=\"lazy\" decoding=\"async\" width=\"640\" height=\"480\" data-id=\"3036\" src=\"https:\/\/wordpress.nibis.de\/gshermanns\/files\/2019\/06\/k-IMG_1557.jpg\" alt=\"\" class=\"wp-image-3036\" srcset=\"https:\/\/wordpress.nibis.de\/gshermanns\/files\/2019\/06\/k-IMG_1557.jpg 640w, https:\/\/wordpress.nibis.de\/gshermanns\/files\/2019\/06\/k-IMG_1557-300x225.jpg 300w\" sizes=\"auto, (max-width: 640px) 100vw, 640px\" \/><\/figure>\n\n\n\n<figure class=\"wp-block-image\"><img loading=\"lazy\" decoding=\"async\" width=\"640\" height=\"480\" data-id=\"3037\" src=\"https:\/\/wordpress.nibis.de\/gshermanns\/files\/2019\/06\/k-IMG_1558.jpg\" alt=\"\" class=\"wp-image-3037\" srcset=\"https:\/\/wordpress.nibis.de\/gshermanns\/files\/2019\/06\/k-IMG_1558.jpg 640w, https:\/\/wordpress.nibis.de\/gshermanns\/files\/2019\/06\/k-IMG_1558-300x225.jpg 300w\" sizes=\"auto, (max-width: 640px) 100vw, 640px\" \/><\/figure>\n\n\n\n<figure class=\"wp-block-image\"><img loading=\"lazy\" decoding=\"async\" width=\"640\" height=\"480\" data-id=\"3038\" src=\"https:\/\/wordpress.nibis.de\/gshermanns\/files\/2019\/06\/k-IMG_1560.jpg\" alt=\"\" class=\"wp-image-3038\" srcset=\"https:\/\/wordpress.nibis.de\/gshermanns\/files\/2019\/06\/k-IMG_1560.jpg 640w, https:\/\/wordpress.nibis.de\/gshermanns\/files\/2019\/06\/k-IMG_1560-300x225.jpg 300w\" sizes=\"auto, (max-width: 640px) 100vw, 640px\" \/><\/figure>\n\n\n\n<figure class=\"wp-block-image\"><img loading=\"lazy\" decoding=\"async\" width=\"640\" height=\"480\" data-id=\"3039\" src=\"https:\/\/wordpress.nibis.de\/gshermanns\/files\/2019\/06\/k-IMG_1561.jpg\" alt=\"\" class=\"wp-image-3039\" srcset=\"https:\/\/wordpress.nibis.de\/gshermanns\/files\/2019\/06\/k-IMG_1561.jpg 640w, https:\/\/wordpress.nibis.de\/gshermanns\/files\/2019\/06\/k-IMG_1561-300x225.jpg 300w\" sizes=\"auto, (max-width: 640px) 100vw, 640px\" \/><\/figure>\n\n\n\n<figure class=\"wp-block-image\"><img loading=\"lazy\" decoding=\"async\" width=\"640\" height=\"480\" data-id=\"3040\" src=\"https:\/\/wordpress.nibis.de\/gshermanns\/files\/2019\/06\/k-IMG_1562.jpg\" alt=\"\" class=\"wp-image-3040\" srcset=\"https:\/\/wordpress.nibis.de\/gshermanns\/files\/2019\/06\/k-IMG_1562.jpg 640w, https:\/\/wordpress.nibis.de\/gshermanns\/files\/2019\/06\/k-IMG_1562-300x225.jpg 300w\" sizes=\"auto, (max-width: 640px) 100vw, 640px\" \/><\/figure>\n\n\n\n<figure class=\"wp-block-image\"><img loading=\"lazy\" decoding=\"async\" width=\"640\" height=\"480\" data-id=\"3041\" src=\"https:\/\/wordpress.nibis.de\/gshermanns\/files\/2019\/06\/k-IMG_1563.jpg\" alt=\"\" class=\"wp-image-3041\" srcset=\"https:\/\/wordpress.nibis.de\/gshermanns\/files\/2019\/06\/k-IMG_1563.jpg 640w, https:\/\/wordpress.nibis.de\/gshermanns\/files\/2019\/06\/k-IMG_1563-300x225.jpg 300w\" sizes=\"auto, (max-width: 640px) 100vw, 640px\" \/><\/figure>\n\n\n\n<figure class=\"wp-block-image\"><img loading=\"lazy\" decoding=\"async\" width=\"640\" height=\"480\" data-id=\"3042\" src=\"https:\/\/wordpress.nibis.de\/gshermanns\/files\/2019\/06\/k-IMG_1564.jpg\" alt=\"\" class=\"wp-image-3042\" srcset=\"https:\/\/wordpress.nibis.de\/gshermanns\/files\/2019\/06\/k-IMG_1564.jpg 640w, https:\/\/wordpress.nibis.de\/gshermanns\/files\/2019\/06\/k-IMG_1564-300x225.jpg 300w\" sizes=\"auto, (max-width: 640px) 100vw, 640px\" \/><\/figure>\n\n\n\n<figure class=\"wp-block-image\"><img loading=\"lazy\" decoding=\"async\" width=\"480\" height=\"640\" data-id=\"3043\" src=\"https:\/\/wordpress.nibis.de\/gshermanns\/files\/2019\/06\/k-IMG_1565.jpg\" alt=\"\" class=\"wp-image-3043\" srcset=\"https:\/\/wordpress.nibis.de\/gshermanns\/files\/2019\/06\/k-IMG_1565.jpg 480w, https:\/\/wordpress.nibis.de\/gshermanns\/files\/2019\/06\/k-IMG_1565-225x300.jpg 225w\" sizes=\"auto, (max-width: 480px) 100vw, 480px\" \/><\/figure>\n\n\n\n<figure class=\"wp-block-image\"><img loading=\"lazy\" decoding=\"async\" width=\"640\" height=\"480\" data-id=\"3044\" src=\"https:\/\/wordpress.nibis.de\/gshermanns\/files\/2019\/06\/k-imkerjacke.jpg\" alt=\"\" class=\"wp-image-3044\" srcset=\"https:\/\/wordpress.nibis.de\/gshermanns\/files\/2019\/06\/k-imkerjacke.jpg 640w, https:\/\/wordpress.nibis.de\/gshermanns\/files\/2019\/06\/k-imkerjacke-300x225.jpg 300w\" sizes=\"auto, (max-width: 640px) 100vw, 640px\" \/><\/figure>\n\n\n\n<figure class=\"wp-block-image\"><img loading=\"lazy\" decoding=\"async\" width=\"640\" height=\"474\" data-id=\"3045\" src=\"https:\/\/wordpress.nibis.de\/gshermanns\/files\/2019\/06\/k-SchulAG001.jpg\" alt=\"\" class=\"wp-image-3045\" srcset=\"https:\/\/wordpress.nibis.de\/gshermanns\/files\/2019\/06\/k-SchulAG001.jpg 640w, https:\/\/wordpress.nibis.de\/gshermanns\/files\/2019\/06\/k-SchulAG001-300x222.jpg 300w\" sizes=\"auto, (max-width: 640px) 100vw, 640px\" \/><\/figure>\n\n\n\n<figure class=\"wp-block-image\"><img loading=\"lazy\" decoding=\"async\" width=\"640\" height=\"509\" data-id=\"3046\" src=\"https:\/\/wordpress.nibis.de\/gshermanns\/files\/2019\/06\/k-SchulAG002.jpg\" alt=\"\" class=\"wp-image-3046\" srcset=\"https:\/\/wordpress.nibis.de\/gshermanns\/files\/2019\/06\/k-SchulAG002.jpg 640w, https:\/\/wordpress.nibis.de\/gshermanns\/files\/2019\/06\/k-SchulAG002-300x239.jpg 300w\" sizes=\"auto, (max-width: 640px) 100vw, 640px\" \/><\/figure>\n\n\n\n<figure class=\"wp-block-image\"><img loading=\"lazy\" decoding=\"async\" width=\"640\" height=\"537\" data-id=\"3047\" src=\"https:\/\/wordpress.nibis.de\/gshermanns\/files\/2019\/06\/k-SchulAG003.jpg\" alt=\"\" class=\"wp-image-3047\" srcset=\"https:\/\/wordpress.nibis.de\/gshermanns\/files\/2019\/06\/k-SchulAG003.jpg 640w, https:\/\/wordpress.nibis.de\/gshermanns\/files\/2019\/06\/k-SchulAG003-300x252.jpg 300w\" sizes=\"auto, (max-width: 640px) 100vw, 640px\" \/><\/figure>\n\n\n\n<figure class=\"wp-block-image\"><img loading=\"lazy\" decoding=\"async\" width=\"640\" height=\"480\" data-id=\"3048\" src=\"https:\/\/wordpress.nibis.de\/gshermanns\/files\/2019\/06\/k-SchulAG004.jpg\" alt=\"\" class=\"wp-image-3048\" srcset=\"https:\/\/wordpress.nibis.de\/gshermanns\/files\/2019\/06\/k-SchulAG004.jpg 640w, https:\/\/wordpress.nibis.de\/gshermanns\/files\/2019\/06\/k-SchulAG004-300x225.jpg 300w\" sizes=\"auto, (max-width: 640px) 100vw, 640px\" \/><\/figure>\n\n\n\n<figure class=\"wp-block-image\"><img loading=\"lazy\" decoding=\"async\" width=\"640\" height=\"536\" data-id=\"3049\" src=\"https:\/\/wordpress.nibis.de\/gshermanns\/files\/2019\/06\/k-SchulAG005.jpg\" alt=\"\" class=\"wp-image-3049\" srcset=\"https:\/\/wordpress.nibis.de\/gshermanns\/files\/2019\/06\/k-SchulAG005.jpg 640w, https:\/\/wordpress.nibis.de\/gshermanns\/files\/2019\/06\/k-SchulAG005-300x251.jpg 300w\" sizes=\"auto, (max-width: 640px) 100vw, 640px\" \/><\/figure>\n\n\n\n<figure class=\"wp-block-image\"><img loading=\"lazy\" decoding=\"async\" width=\"640\" height=\"528\" data-id=\"3050\" src=\"https:\/\/wordpress.nibis.de\/gshermanns\/files\/2019\/06\/k-SchulAG006.jpg\" alt=\"\" class=\"wp-image-3050\" srcset=\"https:\/\/wordpress.nibis.de\/gshermanns\/files\/2019\/06\/k-SchulAG006.jpg 640w, https:\/\/wordpress.nibis.de\/gshermanns\/files\/2019\/06\/k-SchulAG006-300x248.jpg 300w\" sizes=\"auto, (max-width: 640px) 100vw, 640px\" \/><\/figure>\n\n\n\n<figure class=\"wp-block-image\"><img loading=\"lazy\" decoding=\"async\" width=\"640\" height=\"480\" data-id=\"3051\" src=\"https:\/\/wordpress.nibis.de\/gshermanns\/files\/2019\/06\/k-SchulAG007.jpg\" alt=\"\" class=\"wp-image-3051\" srcset=\"https:\/\/wordpress.nibis.de\/gshermanns\/files\/2019\/06\/k-SchulAG007.jpg 640w, https:\/\/wordpress.nibis.de\/gshermanns\/files\/2019\/06\/k-SchulAG007-300x225.jpg 300w\" sizes=\"auto, (max-width: 640px) 100vw, 640px\" \/><\/figure>\n\n\n\n<figure class=\"wp-block-image\"><img loading=\"lazy\" decoding=\"async\" width=\"640\" height=\"480\" data-id=\"3052\" src=\"https:\/\/wordpress.nibis.de\/gshermanns\/files\/2019\/06\/k-SchulAG008.jpg\" alt=\"\" class=\"wp-image-3052\" srcset=\"https:\/\/wordpress.nibis.de\/gshermanns\/files\/2019\/06\/k-SchulAG008.jpg 640w, https:\/\/wordpress.nibis.de\/gshermanns\/files\/2019\/06\/k-SchulAG008-300x225.jpg 300w\" sizes=\"auto, (max-width: 640px) 100vw, 640px\" \/><\/figure>\n\n\n\n<figure class=\"wp-block-image\"><img loading=\"lazy\" decoding=\"async\" width=\"640\" height=\"441\" data-id=\"3053\" src=\"https:\/\/wordpress.nibis.de\/gshermanns\/files\/2019\/06\/k-SchulAG009.jpg\" alt=\"\" class=\"wp-image-3053\" srcset=\"https:\/\/wordpress.nibis.de\/gshermanns\/files\/2019\/06\/k-SchulAG009.jpg 640w, https:\/\/wordpress.nibis.de\/gshermanns\/files\/2019\/06\/k-SchulAG009-300x207.jpg 300w\" sizes=\"auto, (max-width: 640px) 100vw, 640px\" \/><\/figure>\n\n\n\n<figure class=\"wp-block-image\"><img loading=\"lazy\" decoding=\"async\" width=\"640\" height=\"480\" data-id=\"3054\" src=\"https:\/\/wordpress.nibis.de\/gshermanns\/files\/2019\/06\/k-SchulAG010.jpg\" alt=\"\" class=\"wp-image-3054\" srcset=\"https:\/\/wordpress.nibis.de\/gshermanns\/files\/2019\/06\/k-SchulAG010.jpg 640w, https:\/\/wordpress.nibis.de\/gshermanns\/files\/2019\/06\/k-SchulAG010-300x225.jpg 300w\" sizes=\"auto, (max-width: 640px) 100vw, 640px\" \/><\/figure>\n<\/figure>\n","protected":false},"excerpt":{"rendered":"<p>Seit einigen Jahren beherbergt unser Innenhof einige Bienenv\u00f6lker. Die Bienen werden vom Imkerverein der Umgebung gepflegt. Dieser bietet j\u00e4hrlich ein Imkerseminar f\u00fcr Eltern in den R\u00e4umen unserer Schule an. Die Sch\u00fcler*innen k\u00f6nnen jeden Dienstag im Ganztagsangebot an der Imkerei-AG teilnehmen und dort spannende theoretische Fakten lernen und praktische Erfahrung in der Arbeit mit Bienen sammeln.&hellip; <a class=\"more-link\" href=\"https:\/\/wordpress.nibis.de\/gshermanns\/schulimkerei\/\"><span class=\"screen-reader-text\">Schulimkerei<\/span> weiterlesen<\/a><\/p>\n","protected":false},"author":845,"featured_media":0,"parent":0,"menu_order":0,"comment_status":"closed","ping_status":"closed","template":"","meta":{"footnotes":""},"class_list":["post-2871","page","type-page","status-publish","hentry","entry"],"_links":{"self":[{"href":"https:\/\/wordpress.nibis.de\/gshermanns\/wp-json\/wp\/v2\/pages\/2871","targetHints":{"allow":["GET"]}}],"collection":[{"href":"https:\/\/wordpress.nibis.de\/gshermanns\/wp-json\/wp\/v2\/pages"}],"about":[{"href":"https:\/\/wordpress.nibis.de\/gshermanns\/wp-json\/wp\/v2\/types\/page"}],"author":[{"embeddable":true,"href":"https:\/\/wordpress.nibis.de\/gshermanns\/wp-json\/wp\/v2\/users\/845"}],"replies":[{"embeddable":true,"href":"https:\/\/wordpress.nibis.de\/gshermanns\/wp-json\/wp\/v2\/comments?post=2871"}],"version-history":[{"count":7,"href":"https:\/\/wordpress.nibis.de\/gshermanns\/wp-json\/wp\/v2\/pages\/2871\/revisions"}],"predecessor-version":[{"id":4064,"href":"https:\/\/wordpress.nibis.de\/gshermanns\/wp-json\/wp\/v2\/pages\/2871\/revisions\/4064"}],"wp:attachment":[{"href":"https:\/\/wordpress.nibis.de\/gshermanns\/wp-json\/wp\/v2\/media?parent=2871"}],"curies":[{"name":"wp","href":"https:\/\/api.w.org\/{rel}","templated":true}]}}