{"id":314,"date":"2015-12-27T15:17:49","date_gmt":"2015-12-27T14:17:49","guid":{"rendered":"http:\/\/wordpress.nibis.de\/gshermanns\/?page_id=314"},"modified":"2025-03-30T12:20:55","modified_gmt":"2025-03-30T10:20:55","slug":"leitbild","status":"publish","type":"page","link":"https:\/\/wordpress.nibis.de\/gshermanns\/home\/unsere-schule\/leitbild\/","title":{"rendered":"Leitbild"},"content":{"rendered":"\n<h6 class=\"has-text-color has-small-font-size wp-block-heading\" style=\"color:#1f5607\">Gemeinsam im gr\u00fcnen Bereich<\/h6>\n\n\n\n<p class=\"tw-text-wide\">Unsere Schule soll f\u00fcr unsere Sch\u00fcler*innen ein Lebens-, Lern- und Erfahrungsraum sein, in dem sie sich gl\u00fccklich und geborgen f\u00fchlen k\u00f6nnen.<\/p>\n\n\n\n<p class=\"tw-text-wide\">Wir verf\u00fcgen \u00fcber einen eigenen Schulwald, der es erm\u00f6glicht, diesen Lebens-, Lern- und Erfahrungsraum noch zu erweitern und direkt in der Natur im gemeinsamen Handeln, Denken und Planen zu lernen.<\/p>\n\n\n\n<h5 class=\"has-text-color wp-block-heading\" style=\"color:#1f5607\"><strong>Unsere Leits\u00e4tze:<\/strong><\/h5>\n\n\n\n<ol class=\"wp-block-list\"><li><strong>Wir lernen in und mit der Natur.<\/strong><\/li><li><strong>Wir lernen gerne miteinander und helfen uns gegenseitig.<\/strong><\/li><li><strong>Wir bem\u00fchen uns bei auftretenden Problemen mit allen Beteiligten eine L\u00f6sung zu finden.<\/strong><\/li><li><strong>Wir akzeptieren Regeln und halten diese ein.<\/strong><\/li><li><strong>Wir respektieren uns gegenseitig und verhalten uns r\u00fccksichtsvoll gegen\u00fcber Menschen, Tieren, Pflanzen und Sachen.<\/strong><\/li><\/ol>\n\n\n\n<h5 class=\"has-text-color wp-block-heading\" style=\"color:#1f5607\"><strong>Unsere Sch\u00fcler und Sch\u00fclerinnen<\/strong><\/h5>\n\n\n\n<p class=\"tw-text-wide\">Der Einzugsbereich der Grundschule Hermannshagen umfasst den Stadtteil Hermannshagen, einen Teil des Stadtteils Hinter der Blume und den Ortsteil Wiershausen.<\/p>\n\n\n\n<p class=\"tw-text-wide\">Zurzeit besuchen ca. 130 Sch\u00fcler\/innen unsere Schule. Sie werden in acht Klassen unterrichtet. Die Klassenst\u00e4rke liegt zwischen 15 und 20 Sch\u00fcler*innen.<\/p>\n\n\n\n<p class=\"tw-text-wide\">Ca. 20 % unserer Sch\u00fcler kommen aus dem etwa 2km entfernten Dorf Wiershausen und sind Fahrsch\u00fcler.<\/p>\n\n\n\n<p class=\"tw-text-wide\">An unserer Schule arbeiten wir zunehmend mehr mit Kindern, welche durch erhebliche Konzentrationsschw\u00e4chen, Wahrnehmungsst\u00f6rungen, Teilleistungsschw\u00e4chen im Lesen und Rechtschreiben bzw. in Mathematik und teilweise auch durch Hyperaktivit\u00e4t auffallen. Diese Kinder erhalten eine F\u00f6rderung durch Ma\u00dfnahmen der inneren Differenzierung und ebenfalls nach M\u00f6glichkeit eine besondere F\u00f6rderung durch im Stundenplan speziell ausgeschriebene F\u00f6rderstunden. In einigen F\u00e4llen setzen wir Nachteilsausgleiche fest, um jedem Kind die m\u00f6glichst gleichen Lernvoraussetzungen schaffen zu k\u00f6nnen.<\/p>\n\n\n\n<p class=\"tw-text-wide\">Der Anteil der Kinder, die nicht deutscher Herkunft sind, hat in den letzten Jahren an unserer Schule zugenommen und liegt zurzeit bei 20 %. Der Stand der Deutschkenntnisse und die Lernvoraussetzungen sind bei diesen Kindern sehr unterschiedlich. Um diesen individuellen Vorerfahrungen gerecht zu werden, erhalten diese Sch\u00fcler, wenn n\u00f6tig, gezielte F\u00f6rderung durch individuelle Aufgabenstellungen, die dem Lernstand angepasst sind, und nach M\u00f6glichkeit auch durch im Stundenplan speziell ausgeschriebene DaZ-Stunden (Deutsch als Zweitsprache).<\/p>\n\n\n\n<h5 class=\"has-text-color wp-block-heading\" style=\"color:#1f5607\">Schwerpunkte unserer p\u00e4dagogischen Arbeit<\/h5>\n\n\n\n<h5 class=\"has-text-color wp-block-heading\" style=\"color:#1f5607\">Wir sind eine Schule im Stadtteil<\/h5>\n\n\n\n<p class=\"tw-text-wide\">Der Stadtteil Hermannshagen ist das unmittelbare Umfeld unserer Schule. Da er f\u00fcr den \u00fcberwiegenden Teil unserer Sch\u00fcler\/innen gleichzeitig auch Lebensort ist, arbeiten wir eng mit den Vereinen und Verb\u00e4nden des Stadtteils zusammen. Bei regelm\u00e4\u00dfigen Treffen werden Termine besprochen und sich gegenseitig \u00fcber geplante Projekte informiert. H\u00e4ufig ergeben sich daraus M\u00f6glichkeiten der gegenseitigen Hilfe und Unterst\u00fctzung.<\/p>\n\n\n\n<h5 class=\"has-text-color wp-block-heading\" style=\"color:#1f5607\">Wir sind eine verl\u00e4ssliche Grundschule<\/h5>\n\n\n\n<p class=\"tw-text-wide\">Seit einigen Jahren ist unsere Schule eine verl\u00e4ssliche Grundschule. Das bedeutet, dass wir f\u00fcr alle Sch\u00fclerinnen und Sch\u00fcler ein t\u00e4glich mindestens f\u00fcnf Zeitstunden umfassendes Schulangebot sicherstellen (8:00-12:45 Uhr). Da im ersten und zweiten Schuljahr w\u00f6chentlich nur 21 Stunden Unterricht erteilt werden, k\u00f6nnen die Sch\u00fclerinnen und Sch\u00fcler dieser Klassen im Anschluss an den Unterricht an einer kostenlosen Betreuung teilnehmen.<\/p>\n\n\n\n<p class=\"tw-text-wide\">Nach 4 Stunden Unterricht sollen sich die Kinder in der Betreuungsstunde erholen (Nur Jahrg\u00e4nge 1 und 2). Das bedeutet, dass in der Regel in dieser Zeit keine Hausaufgaben angefertigt werden. Vielmehr stehen im Vordergrund der Betreuung motorische, psychomotorische, spielerische und entspannende Schwerpunkte. Dazu k\u00f6nnen die vorhandenen Fachr\u00e4ume (K\u00fcche, Werkraum, Musikraum, B\u00fccherei, Turnhalle) und der Schulhof genutzt werden.<\/p>\n\n\n\n<p class=\"tw-text-wide\">Die Betreuungskinder des ersten Jahrgangs bleiben nach M\u00f6glichkeit klassenweise zusammen.<\/p>\n\n\n\n<p class=\"tw-text-wide\">Die Klassenlehrkr\u00e4fte und die p\u00e4dagogischen Mitarbeiter*innen arbeiten eng zusammen und unterst\u00fctzen sich gegenseitig in ihrer p\u00e4dagogischen Arbeit.<\/p>\n\n\n\n<p class=\"tw-text-wide\">Die Sch\u00fcler\/innen der 3. und 4. Klassen haben w\u00f6chentlich 26 Stunden Unterricht, einschlie\u00dflich 2 Stunden Fr\u00fchenglisch. Einmal w\u00f6chentlich haben sie die 6. Stunde Unterricht, welche um 13:35 Uhr endet.<\/p>\n\n\n\n<p class=\"tw-text-wide\">Bei Krankheit oder Abwesenheit von Lehrkr\u00e4ften steht nach M\u00f6glichkeit eine Vertretung zur Verf\u00fcgung oder die betroffene Klasse wird zusammen mit der Parallelklasse unterrichtet. Auf diese Weise stellen wir die t\u00e4gliche Unterrichts- und Betreuungszeit sicher.<\/p>\n\n\n\n<h2 class=\"has-text-color has-normal-font-size wp-block-heading\" style=\"color:#1f5607\"><strong>Wir arbeiten eng mit den Erziehungsberechtigten zusammen<\/strong><\/h2>\n\n\n\n<p class=\"tw-text-wide\">Damit sich die Kinder in unserer Schule sicher und geborgen f\u00fchlen k\u00f6nnen, ist eine gute Zusammenarbeit zwischen Eltern und Schule notwendig. Im Schulelternrat, auf den Klassenelternabenden und in den Konferenzen arbeiten wir im Interesse der Kinder offen miteinander. Auftretende Probleme versuchen wir in gemeinsamen Gespr\u00e4chen zu l\u00f6sen. H\u00e4ufig suchen wir dabei auch eine enge Zusammenarbeit mit au\u00dferschulischen Einrichtungen (u.a. der Beratungsstelle f\u00fcr Kinder, Jugendliche und ihrer Eltern, Kinderpsychologen und Therapeuten,\u2026).<\/p>\n\n\n\n<p>Viele Eltern unterst\u00fctzen uns auch in unserer Arbeit durch ihr Engagement an den verschiedensten Stellen:<\/p>\n\n\n\n<p>&#8211; im Schulelternrat<\/p>\n\n\n\n<p>&#8211; im F\u00f6rderkreis<\/p>\n\n\n\n<p>&#8211; bei der Vorbereitung und Durchf\u00fchrung unseres Basars<\/p>\n\n\n\n<p>&#8211; bei der Vorbereitung und Durchf\u00fchrung unserer Schulfeste<\/p>\n\n\n\n<p>&#8211; \u2026<\/p>\n\n\n\n<h5 class=\"has-text-color wp-block-heading\" style=\"color:#1f5607\">Wir sind eine \u201eSchule im Gr\u00fcnen&#8220;<\/h5>\n\n\n\n<p class=\"tw-text-wide\">Unsere Schule wird gepr\u00e4gt durch ihren Standort am Waldesrand. Der Unterricht findet deshalb h\u00e4ufig anschauungsnah in der Natur statt. In direkter Nachbarschaft zum Schulhof ist zusammen mit dem Umweltp\u00e4dagogikverein \u201eLibellula&#8220; ein \u201eSchulerlebniswald&#8220; entstanden. Au\u00dferdem wurde in der n\u00e4heren Umgebung der Schule ein Waldklassenzimmer eingerichtet. Seit 2024 ist unsere Schule dar\u00fcber hinaus auch als Naturparkschule ausgezeichnet.<\/p>\n\n\n\n<h5 class=\"has-text-color wp-block-heading\" style=\"color:#1f5607\">Wir sind eine \u201ebewegte Schule&#8220;<\/h5>\n\n\n\n<p class=\"tw-text-wide\">Kinder brauchen viel Bewegung. Darum planen wir in unseren Unterricht m\u00f6glichst viele Bewegungsm\u00f6glichkeiten f\u00fcr die Kinder ein.<\/p>\n\n\n\n<h5 class=\"has-text-color wp-block-heading\" style=\"color:#1f5607\">Wir unterrichten nach dem Prinzip \u201eLernen mit allen Sinnen&#8220;<\/h5>\n\n\n\n<p class=\"tw-text-wide\">Kinder erschlie\u00dfen sich ihre Welt durch Be-Greifen, H\u00f6ren, Sehen, F\u00fchlen und Denken. Im Unterricht ber\u00fccksichtigen wir dieses durch ein ganzheitliches Lernangebot, einem Lernen mit Kopf, Hand und Herz.<\/p>\n\n\n\n<h5 class=\"has-text-color wp-block-heading\" style=\"color:#1f5607\">Wir \u00fcben und trainieren gewaltlose Konfliktl\u00f6sungsstrategien<\/h5>\n\n\n\n<p class=\"tw-text-wide\">Wir m\u00f6chten, dass die Kinder unserer Schule lernen, Streit oder Konflikte gut und m\u00f6glichst selbstst\u00e4ndig zu l\u00f6sen. Deshalb \u00fcben wir im Unterricht, wie man Streit oder Konflikte bew\u00e4ltigen und anderen dabei helfen kann. Einmal j\u00e4hrlich findet dazu auch unsere &#8222;STOPP-Woche&#8220; statt. Im 3. Schuljahr werden einige Sch\u00fcler und Sch\u00fclerinnen zu Streitschlichtern ausgebildet.<\/p>\n\n\n\n<h5 class=\"has-text-color wp-block-heading\" style=\"color:#1f5607\">Wir beziehen Computer in den Unterricht ein.<\/h5>\n\n\n\n<p class=\"tw-text-wide\">Seit Fr\u00fchjahr 2006 k\u00f6nnen wir nun auch in dem von unseren Eltern mitgestalteten Computerraum mit einer ganzen Klasse arbeiten. Dort haben wir auch die M\u00f6glichkeit das Internet f\u00fcr den Unterricht zu nutzen.<\/p>\n\n\n\n<h5 class=\"has-text-color wp-block-heading\" style=\"color:#1f5607\"><strong>Wir sind eine \u201elesende&#8220; Schule<\/strong><\/h5>\n\n\n\n<p class=\"tw-text-wide\">In unserer eigenen gut ausgestatteten B\u00fccherei haben unsere Sch\u00fcler die M\u00f6glichkeit, zweimal w\u00f6chentlich B\u00fccher auszuleihen. Daneben wird die B\u00fccherei auch im Rahmen des Unterrichtes genutzt. Durch die ansprechende, kindliche Gestaltung der B\u00fccherei als \u201eLeseparadies&#8220; vermitteln wir unseren Sch\u00fclern die Erfahrung, dass Lesen etwas Sch\u00f6nes ist.<\/p>\n\n\n\n<p class=\"tw-text-wide\">Die Neugier und Motivation zum Lesen f\u00f6rdern wir bei unseren Sch\u00fclern auch durch den Besuch von Kinderbuchautoren im Unterricht.<\/p>\n\n\n\n<p class=\"tw-text-wide\">Alle Kinder k\u00f6nnen \u00fcber das Computerprogramm &#8222;Antolin&#8220; Fragen zu den gelesenen B\u00fcchern beantworten und entsprechend Punkte erwerben. W\u00e4hrend des Unterrichts haben sie immer wieder Gelegenheit, ihre mitgebrachten B\u00fccher zu lesen bzw. bei Antolin die Quizfragen zu ihrem Buch zu beantworten.<\/p>\n\n\n\n<h5 class=\"has-text-color wp-block-heading\" style=\"color:#1f5607\"><strong>Wir \u00f6ffnen unseren Unterricht nach au\u00dfen<\/strong><\/h5>\n\n\n\n<p class=\"tw-text-wide\">H\u00e4ufig versuchen wir in unseren Unterricht au\u00dferschulische Partner und Unterrichtsorte einzubeziehen. So f\u00fchren wir seit einigen Jahren im 4. Schuljahr einen Projekttag zur Ersten Hilfe mit dem Arbeiter-Samariterbund durch. Die Polizei unterst\u00fctzt uns bei der Verkehrserziehung. Wir besuchen die \u00f6rtliche Feuerwehr, Museen und Theatervorstellungen in M\u00fcnden und Kassel und viele weitere spannende Orte.<\/p>\n\n\n\n<h5 class=\"has-text-color wp-block-heading\" style=\"color:#1f5607\"><strong>Wir kooperieren mit den Kinderg\u00e4rten<\/strong><\/h5>\n\n\n\n<p class=\"tw-text-wide\">Die Entwicklung von Kindern im Alter von 3 \u2013 10 Jahren verl\u00e4uft in individuell sehr unterschiedlichem Tempo und weist somit teilweise erhebliche Unterschiede in ihrem Entwicklungsstand auf, so auch zum Zeitpunkt der Einschulung. Im Interesse der Entwicklung des Kindes darf es beim \u00dcbergang vom Kindergarten zur Grundschule keinen Bruch geben. Somit ist die Zusammenarbeit von Kindergarten und Grundschule unerl\u00e4sslich.<\/p>\n\n\n\n<p class=\"tw-text-wide\">In Kenntnis dieser Grundvoraussetzungen haben wir uns mit den Kinderg\u00e4rten unseres Einzugsbereiches darauf verst\u00e4ndigt, uns regelm\u00e4\u00dfig \u00fcber Fragen im Zusammenhang mit dem \u00dcbergang vom Kindergarten zur Grundschule auszutauschen.<\/p>\n\n\n\n<h5 class=\"has-text-color wp-block-heading\" style=\"color:#1f5607\"><strong>Wir kooperieren mit den weiterf\u00fchrenden Schulen<\/strong><\/h5>\n\n\n\n<p class=\"tw-text-wide\">Im Interesse der weiteren Entwicklung der Sch\u00fcler*innen darf es beim \u00dcbergang in die weiterf\u00fchrenden Schulen, ebenso wie beim \u00dcbergang vom Kindergarten zur Grundschule, keinen Bruch geben. Somit ist auch die Zusammenarbeit von der Grundschule und den weiterf\u00fchrenden Schulen unerl\u00e4sslich.<\/p>\n\n\n\n<p class=\"tw-text-wide\">Wir tauschen uns mit den aufnehmenden Schulen aus, um auftretende Probleme miteinander zu besprechen und den \u00dcbergang f\u00fcr unsere Sch\u00fcler*innen flie\u00dfend zu gestalten. Ebenso sind Hospitationen in den jeweilig anderen Schulformen m\u00f6glich.<\/p>\n\n\n\n<h5 class=\"has-text-color wp-block-heading\" style=\"color:#1f5607\"><strong>Wir kooperieren mit au\u00dferschulischen Einrichtungen<\/strong><\/h5>\n\n\n\n<p>Bei auftretenden Problemen arbeiten wir im Interesse unsere Sch\u00fcler*innen eng mit therapeutischen Einrichtungen zusammen:<\/p>\n\n\n\n<p>&#8211; der Beratungsstelle f\u00fcr Kinder, Jugendliche und ihrer Eltern,<\/p>\n\n\n\n<p>&#8211; Kinderpsychologen<\/p>\n\n\n\n<p>&#8211; Kinder\u00e4rzten<\/p>\n\n\n\n<p>&#8211; Therapeuten<\/p>\n\n\n\n<p>&#8211; Jugendhilfeeinrichtungen<\/p>\n\n\n\n<p>&#8211; &#8230;<\/p>\n\n\n\n<p><a href=\"http:\/\/wordpress.nibis.de\/gshermanns\/?p=314\">nach oben<\/a><\/p>\n\n\n","protected":false},"excerpt":{"rendered":"<p>Gemeinsam im gr\u00fcnen Bereich Unsere Schule soll f\u00fcr unsere Sch\u00fcler*innen ein Lebens-, Lern- und Erfahrungsraum sein, in dem sie sich gl\u00fccklich und geborgen f\u00fchlen k\u00f6nnen. Wir verf\u00fcgen \u00fcber einen eigenen Schulwald, der es erm\u00f6glicht, diesen Lebens-, Lern- und Erfahrungsraum noch zu erweitern und direkt in der Natur im gemeinsamen Handeln, Denken und Planen zu lernen.&hellip; <a class=\"more-link\" href=\"https:\/\/wordpress.nibis.de\/gshermanns\/home\/unsere-schule\/leitbild\/\"><span class=\"screen-reader-text\">Leitbild<\/span> weiterlesen<\/a><\/p>\n","protected":false},"author":845,"featured_media":0,"parent":92,"menu_order":0,"comment_status":"closed","ping_status":"closed","template":"","meta":{"footnotes":""},"class_list":["post-314","page","type-page","status-publish","hentry","entry"],"_links":{"self":[{"href":"https:\/\/wordpress.nibis.de\/gshermanns\/wp-json\/wp\/v2\/pages\/314","targetHints":{"allow":["GET"]}}],"collection":[{"href":"https:\/\/wordpress.nibis.de\/gshermanns\/wp-json\/wp\/v2\/pages"}],"about":[{"href":"https:\/\/wordpress.nibis.de\/gshermanns\/wp-json\/wp\/v2\/types\/page"}],"author":[{"embeddable":true,"href":"https:\/\/wordpress.nibis.de\/gshermanns\/wp-json\/wp\/v2\/users\/845"}],"replies":[{"embeddable":true,"href":"https:\/\/wordpress.nibis.de\/gshermanns\/wp-json\/wp\/v2\/comments?post=314"}],"version-history":[{"count":12,"href":"https:\/\/wordpress.nibis.de\/gshermanns\/wp-json\/wp\/v2\/pages\/314\/revisions"}],"predecessor-version":[{"id":4054,"href":"https:\/\/wordpress.nibis.de\/gshermanns\/wp-json\/wp\/v2\/pages\/314\/revisions\/4054"}],"up":[{"embeddable":true,"href":"https:\/\/wordpress.nibis.de\/gshermanns\/wp-json\/wp\/v2\/pages\/92"}],"wp:attachment":[{"href":"https:\/\/wordpress.nibis.de\/gshermanns\/wp-json\/wp\/v2\/media?parent=314"}],"curies":[{"name":"wp","href":"https:\/\/api.w.org\/{rel}","templated":true}]}}