{"id":332,"date":"2015-12-30T11:03:42","date_gmt":"2015-12-30T10:03:42","guid":{"rendered":"http:\/\/wordpress.nibis.de\/gshermanns\/?page_id=332"},"modified":"2025-03-30T12:26:10","modified_gmt":"2025-03-30T10:26:10","slug":"verlaessliche-grundschule","status":"publish","type":"page","link":"https:\/\/wordpress.nibis.de\/gshermanns\/home\/unsere-schule\/verlaessliche-grundschule\/","title":{"rendered":"Unterrichtszeiten"},"content":{"rendered":"\n<table style=\"border-collapse: collapse;width: 59.6877%;height: 517px\">\n<tbody>\n<tr style=\"height: 47px\">\n<td style=\"width: 33.4896%;text-align: center;height: 47px\">Stunde<\/td>\n<td style=\"width: 43.8767%;text-align: center;height: 47px\">Uhrzeit<\/td>\n<\/tr>\n<tr style=\"height: 47px\">\n<td style=\"width: 33.4896%;text-align: center;height: 47px\">1.<\/td>\n<td style=\"width: 43.8767%;text-align: center;height: 47px\">8:00 &#8211; 8:45 Uhr<\/td>\n<\/tr>\n<tr style=\"height: 47px\">\n<td style=\"width: 33.4896%;text-align: center;height: 47px\">2.\u00a0<\/td>\n<td style=\"width: 43.8767%;text-align: center;height: 47px\">8:45 &#8211; 9:30 Uhr<\/td>\n<\/tr>\n<tr style=\"height: 47px\">\n<td style=\"width: 33.4896%;text-align: center;height: 47px\">Fr\u00fchst\u00fcck<\/td>\n<td style=\"width: 43.8767%;text-align: center;height: 47px\">9:30 &#8211; 9:40 Uhr<\/td>\n<\/tr>\n<tr style=\"height: 47px\">\n<td style=\"width: 33.4896%;text-align: center;height: 47px\">1. gro\u00dfe Pause<\/td>\n<td style=\"width: 43.8767%;text-align: center;height: 47px\">9:40 &#8211; 10:00 Uhr<\/td>\n<\/tr>\n<tr style=\"height: 47px\">\n<td style=\"width: 33.4896%;text-align: center;height: 47px\">3.\u00a0<\/td>\n<td style=\"width: 43.8767%;text-align: center;height: 47px\">10:00 &#8211; 10:45 Uhr<\/td>\n<\/tr>\n<tr style=\"height: 47px\">\n<td style=\"width: 33.4896%;text-align: center;height: 47px\">4.<\/td>\n<td style=\"width: 43.8767%;text-align: center;height: 47px\">10:50 &#8211; 11:35 Uhr<\/td>\n<\/tr>\n<tr style=\"height: 47px\">\n<td style=\"width: 33.4896%;text-align: center;height: 47px\">2. gro\u00dfe Pause<\/td>\n<td style=\"width: 43.8767%;text-align: center;height: 47px\">11:35 &#8211; 12:00 Uhr<\/td>\n<\/tr>\n<tr style=\"height: 47px\">\n<td style=\"width: 33.4896%;text-align: center;height: 47px\">5.\u00a0<\/td>\n<td style=\"width: 43.8767%;text-align: center;height: 47px\">12:00 &#8211; 12:45 Uhr<\/td>\n<\/tr>\n<tr style=\"height: 47px\">\n<td style=\"width: 33.4896%;text-align: center;height: 47px\">6.\u00a0<\/td>\n<td style=\"width: 43.8767%;text-align: center;height: 47px\">12:50 &#8211; 13:35 Uhr<\/td>\n<\/tr>\n<tr style=\"height: 47px\">\n<td style=\"width: 33.4896%;text-align: center;height: 47px\">Ganztag\u00a0<\/td>\n<td style=\"width: 43.8767%;text-align: center;height: 47px\">bis 15:30 Uhr<\/td>\n<\/tr>\n<\/tbody>\n<\/table>\n<p>\u00a0<\/p>\n\n\n\n<p class=\"tw-text-wide\">Um morgens p\u00fcnktlich mit dem Unterricht zu starten und die Zeit effektiv nutzen zu k\u00f6nnen, m\u00fcssen alle Sch\u00fcler*innen p\u00fcnktlich um 8:00 Uhr im Klassenzimmer sein. Daf\u00fcr wird unser Schulgeb\u00e4ude&nbsp; morgens um 7:45 Uhr ge\u00f6ffnet.&nbsp;<\/p>\n\n\n\n<p class=\"tw-text-wide\">Bitte beachten Sie, dass eine fr\u00fchere Abholung Ihres Kindes w\u00e4hrend des Vormittags nur in Ausnahmef\u00e4llen und nach vorheriger Absprache mit der Klassenleitung m\u00f6glich ist (z. B. f\u00fcr Arzttermine). W\u00e4hrend des laufenden Ganztagsbetriebs ist eine Abholung aus organisatorischen Gr\u00fcnden nicht m\u00f6glich. Ihr Kind kann daher erst nach Unterrichtsschluss oder nach Ende des Ganztagsprogramms abgeholt werden.<\/p>\n\n\n\n<p>Vielen Dank f\u00fcr Ihr Verst\u00e4ndnis und Ihre Unterst\u00fctzung!<\/p>\n\n\n","protected":false},"excerpt":{"rendered":"<p>Stunde Uhrzeit 1. 8:00 &#8211; 8:45 Uhr 2.\u00a0 8:45 &#8211; 9:30 Uhr Fr\u00fchst\u00fcck 9:30 &#8211; 9:40 Uhr 1. gro\u00dfe Pause 9:40 &#8211; 10:00 Uhr 3.\u00a0 10:00 &#8211; 10:45 Uhr 4. 10:50 &#8211; 11:35 Uhr 2. gro\u00dfe Pause 11:35 &#8211; 12:00 Uhr 5.\u00a0 12:00 &#8211; 12:45 Uhr 6.\u00a0 12:50 &#8211; 13:35 Uhr Ganztag\u00a0 bis 15:30 Uhr&hellip; <a class=\"more-link\" href=\"https:\/\/wordpress.nibis.de\/gshermanns\/home\/unsere-schule\/verlaessliche-grundschule\/\"><span class=\"screen-reader-text\">Unterrichtszeiten<\/span> weiterlesen<\/a><\/p>\n","protected":false},"author":845,"featured_media":0,"parent":92,"menu_order":0,"comment_status":"closed","ping_status":"closed","template":"","meta":{"footnotes":""},"class_list":["post-332","page","type-page","status-publish","hentry","entry"],"_links":{"self":[{"href":"https:\/\/wordpress.nibis.de\/gshermanns\/wp-json\/wp\/v2\/pages\/332","targetHints":{"allow":["GET"]}}],"collection":[{"href":"https:\/\/wordpress.nibis.de\/gshermanns\/wp-json\/wp\/v2\/pages"}],"about":[{"href":"https:\/\/wordpress.nibis.de\/gshermanns\/wp-json\/wp\/v2\/types\/page"}],"author":[{"embeddable":true,"href":"https:\/\/wordpress.nibis.de\/gshermanns\/wp-json\/wp\/v2\/users\/845"}],"replies":[{"embeddable":true,"href":"https:\/\/wordpress.nibis.de\/gshermanns\/wp-json\/wp\/v2\/comments?post=332"}],"version-history":[{"count":9,"href":"https:\/\/wordpress.nibis.de\/gshermanns\/wp-json\/wp\/v2\/pages\/332\/revisions"}],"predecessor-version":[{"id":4059,"href":"https:\/\/wordpress.nibis.de\/gshermanns\/wp-json\/wp\/v2\/pages\/332\/revisions\/4059"}],"up":[{"embeddable":true,"href":"https:\/\/wordpress.nibis.de\/gshermanns\/wp-json\/wp\/v2\/pages\/92"}],"wp:attachment":[{"href":"https:\/\/wordpress.nibis.de\/gshermanns\/wp-json\/wp\/v2\/media?parent=332"}],"curies":[{"name":"wp","href":"https:\/\/api.w.org\/{rel}","templated":true}]}}