{"id":3995,"date":"2025-03-26T16:56:27","date_gmt":"2025-03-26T15:56:27","guid":{"rendered":"https:\/\/wordpress.nibis.de\/gshermanns\/?page_id=3995"},"modified":"2025-04-04T13:11:12","modified_gmt":"2025-04-04T11:11:12","slug":"dieschulapp","status":"publish","type":"page","link":"https:\/\/wordpress.nibis.de\/gshermanns\/dieschulapp\/","title":{"rendered":"DieSchulapp"},"content":{"rendered":"\n<p class=\"tw-text-wide\">Seit dem Schuljahr 2023\/24 verwenden wir f\u00fcr einen papierlosen und schnellen Kommunikationsweg zwischen allen am Schulleben beteiligten Personen &#8222;DieSchulapp&#8220;.&nbsp;<br><br>Als Elternteil bzw. erziehungsberechtigte Person k\u00f6nnen Sie die gleichnamige App kostenfrei im <a href=\"https:\/\/play.google.com\/store\/apps\/details?id=de.virality.dieschulapp.ui&amp;pli=1\">Play Store<\/a> (Android) oder <a href=\"https:\/\/apps.apple.com\/de\/app\/dieschulapp\/id578264188\">App Store<\/a> (IOS) herunterladen. Dar\u00fcber hinaus ist nach der Registrierung auch die Nutzung \u00fcber eine <a href=\"https:\/\/www.dieschulapp.de\/app\/login\">Web-Oberfl\u00e4che<\/a> (PC) m\u00f6glich.&nbsp;<\/p>\n\n\n\n<h4 class=\"has-text-color wp-block-heading\" style=\"color:#1a641d\"><strong><span style=\"color: #1b871b\">Registrierung als Elternteil bzw. erziehungsberechtigte Person<\/span><\/strong><\/h4>\n\n\n\n<ol class=\"wp-block-list\"><li>Das Registrierungsformular f\u00fcr &#8222;DieSchulapp&#8220; erhalten Sie in der Schule oder in K\u00fcrze auf dieser Website.&nbsp;<\/li><li>Installation von &#8222;DieSchulapp&#8220; auf Ihrem mobilen Endger\u00e4t.&nbsp;<\/li><li>Ausw\u00e4hlen von &#8222;+&#8220; auf der Startseite von &#8222;DieSchulapp&#8220;.&nbsp;<\/li><li>Die Frage &#8222;Liegt ein Registrierungsformular von der Schule vor?&#8220; mit &#8222;Ja&#8220; beantworten.&nbsp;<\/li><li>Das Registrierungsformular mit Ihren pers\u00f6nlichen Daten und dem nun angezeigten 6-stelligen Code ausf\u00fcllen.&nbsp;<\/li><li>Mit &#8222;Erledigt&#8220; best\u00e4tigen.<\/li><li>Das ausgef\u00fcllte Formular in der Schule abgeben. Die Schulleitung schaltet Ihren Account nun frei.&nbsp;<\/li><\/ol>\n\n\n\n<h4 class=\"has-text-color wp-block-heading\" style=\"color:#1a641d\"><span style=\"color: #1b871b\"><strong>Funktionen der SchulApp f\u00fcr Eltern bzw. erziehungsberechtigte Personen<\/strong><\/span><\/h4>\n\n\n\n<h5 class=\"has-text-color wp-block-heading\" style=\"color:#1a641d\"><span style=\"color: #1b871b\">Mitteilungen<\/span><\/h5>\n\n\n\n<p class=\"tw-text-wide\">\u00dcber die Mitteilungsfunktion erhalten Sie wichtige Nachrichten der Klassen- oder Schulleitung. Diese beinhalten h\u00e4ufig auch Umfragen (bspw. bez\u00fcglich der Teilnahme an Veranstaltungen), an welcher Sie direkt am Ende der Mitteilung teilnehmen k\u00f6nnen. Auch Dokumente (bspw. Briefe der Kultusministerin) erhalten Sie im Anhang einer Mitteilung und k\u00f6nnen diese bequem herunterladen.&nbsp;<\/p>\n\n\n\n<h5 class=\"has-text-color wp-block-heading\" style=\"color:#1a641d\"><span style=\"color: #1b871b\">Chat-Funktion<\/span><\/h5>\n\n\n\n<p class=\"tw-text-wide\">Wenn Ihre Klassenleitung die Chatfunktion freigeschaltet hat, k\u00f6nnen Sie hier Nachrichten austauschen.&nbsp;<\/p>\n\n\n\n<h5 class=\"has-text-color wp-block-heading\" style=\"color:#1a641d\"><span style=\"color: #1b871b\">Krankmeldung (Verwaltung -&gt; Krankmeldungen)<\/span><\/h5>\n\n\n\n<p class=\"tw-text-wide\">Neben der telefonischen Krankmeldung haben Sie auch die M\u00f6glichkeit ihr Kind <strong>bis 8 Uhr morgens<\/strong> \u00fcber &#8222;DieSchulapp&#8220; krank zu melden. Hier ist es auch m\u00f6glich, Ihr Kind gleich f\u00fcr mehrere Tage krank zu melden. Bitte bedenken Sie, dass bei l\u00e4ngeren Fehlzeiten ein \u00e4rztliches Attest vorzuweisen ist.\u00a0<\/p>\n\n\n\n<h5 class=\"has-text-color wp-block-heading\" style=\"color:#1a641d\"><span style=\"color: #1b871b\">Termine<\/span><\/h5>\n\n\n\n<p class=\"tw-text-wide\">\u00dcber den angezeigten Kalender k\u00f6nnen Sie hinterlegte Termine f\u00fcr die Sie betreffenden Klassen und die gesamte Schulgemeinschaft einsehen.&nbsp;<\/p>\n\n\n\n<h5 class=\"has-text-color wp-block-heading\" style=\"color:#1a641d\"><span style=\"color: #1b871b\">Elternsprechtage<\/span><\/h5>\n\n\n\n<p class=\"tw-text-wide\">Wenn die Klassenlehrkraft die Funktion &#8222;Elternsprechtage&#8220; anbietet, k\u00f6nnen Sie ein Zeitfenster f\u00fcr einen Gespr\u00e4chstermin \u00fcber &#8222;DieSchulapp&#8220; buchen.&nbsp;<\/p>\n\n\n\n<h4 class=\"wp-block-heading\"><span style=\"color: #a63232\">Wichtig!<\/span><\/h4>\n\n\n\n<p class=\"tw-text-wide\">Bitte halten Sie Ihren Zugang zu &#8222;DieSchulapp&#8220; aktuell und informieren Sie die Klassenleitung, wenn sie aus etwaigen Gr\u00fcnden keine Nachrichten mehr erhalten (k\u00f6nnen).&nbsp;<br>Sollten Sie Ihr mobiles Endger\u00e4t wechseln oder aus anderen Gr\u00fcnden erneuten Zugang ben\u00f6tigen, gehen Sie wie folgt vor:&nbsp;<\/p>\n\n\n\n<ol class=\"wp-block-list\"><li>Wiederholen Sie die Schritte zur Registrierung <strong>ohne<\/strong> das Registrierungsformular.&nbsp;<\/li><li>Geben Sie nur den angezeigten Code und Ihren Namen an die Klassenleitung\/Schulleitung weiter.&nbsp;<\/li><li>Die Schulleitung schaltet daraufhin das neue Ger\u00e4t \u00fcber den neuen Code frei.&nbsp;<\/li><\/ol>\n","protected":false},"excerpt":{"rendered":"<p>Seit dem Schuljahr 2023\/24 verwenden wir f\u00fcr einen papierlosen und schnellen Kommunikationsweg zwischen allen am Schulleben beteiligten Personen &#8222;DieSchulapp&#8220;.&nbsp; Als Elternteil bzw. erziehungsberechtigte Person k\u00f6nnen Sie die gleichnamige App kostenfrei im Play Store (Android) oder App Store (IOS) herunterladen. Dar\u00fcber hinaus ist nach der Registrierung auch die Nutzung \u00fcber eine Web-Oberfl\u00e4che (PC) m\u00f6glich.&nbsp; Registrierung als&hellip; <a class=\"more-link\" href=\"https:\/\/wordpress.nibis.de\/gshermanns\/dieschulapp\/\"><span class=\"screen-reader-text\">DieSchulapp<\/span> weiterlesen<\/a><\/p>\n","protected":false},"author":845,"featured_media":0,"parent":0,"menu_order":0,"comment_status":"closed","ping_status":"closed","template":"","meta":{"footnotes":""},"class_list":["post-3995","page","type-page","status-publish","hentry","entry"],"_links":{"self":[{"href":"https:\/\/wordpress.nibis.de\/gshermanns\/wp-json\/wp\/v2\/pages\/3995","targetHints":{"allow":["GET"]}}],"collection":[{"href":"https:\/\/wordpress.nibis.de\/gshermanns\/wp-json\/wp\/v2\/pages"}],"about":[{"href":"https:\/\/wordpress.nibis.de\/gshermanns\/wp-json\/wp\/v2\/types\/page"}],"author":[{"embeddable":true,"href":"https:\/\/wordpress.nibis.de\/gshermanns\/wp-json\/wp\/v2\/users\/845"}],"replies":[{"embeddable":true,"href":"https:\/\/wordpress.nibis.de\/gshermanns\/wp-json\/wp\/v2\/comments?post=3995"}],"version-history":[{"count":13,"href":"https:\/\/wordpress.nibis.de\/gshermanns\/wp-json\/wp\/v2\/pages\/3995\/revisions"}],"predecessor-version":[{"id":4144,"href":"https:\/\/wordpress.nibis.de\/gshermanns\/wp-json\/wp\/v2\/pages\/3995\/revisions\/4144"}],"wp:attachment":[{"href":"https:\/\/wordpress.nibis.de\/gshermanns\/wp-json\/wp\/v2\/media?parent=3995"}],"curies":[{"name":"wp","href":"https:\/\/api.w.org\/{rel}","templated":true}]}}