{"id":4022,"date":"2025-03-28T13:18:29","date_gmt":"2025-03-28T12:18:29","guid":{"rendered":"https:\/\/wordpress.nibis.de\/gshermanns\/?page_id=4022"},"modified":"2025-04-03T13:59:28","modified_gmt":"2025-04-03T11:59:28","slug":"aktuelles","status":"publish","type":"page","link":"https:\/\/wordpress.nibis.de\/gshermanns\/aktuelles\/","title":{"rendered":"Aktuelles aus unserem Schulleben"},"content":{"rendered":"\n<div class=\"wp-block-query is-layout-flow wp-block-query-is-layout-flow\"><ul class=\"wp-block-post-template is-layout-flow wp-block-post-template-is-layout-flow\"><li class=\"wp-block-post post-4333 post type-post status-publish format-standard hentry category-allgemein entry\">\n<h2 class=\"wp-block-post-title\">Starker 4. Platz beim Ball-\u00fcber-die-Schnur-Turnier in Gimte<\/h2>\n\n<div class=\"wp-block-post-date\"><time datetime=\"2026-03-13T18:10:14+01:00\">13. M\u00e4rz 2026<\/time><\/div>\n\n<div class=\"wp-block-post-excerpt\"><p class=\"wp-block-post-excerpt__excerpt\">Am Donnerstag, den 12. M\u00e4rz, nahmen die Viertkl\u00e4sslerinnen und Viertkl\u00e4ssler der Grundschule Hermannshagen am Ball-\u00fcber-die-Schnur-Turnier in Gimte teil. Dabei treten die Sch\u00fcler*innen der verschiedenen M\u00fcndener Grundschulen in spannenden Spielrunden gegeneinander an. Mit viel Teamgeist, Einsatz und guter Stimmung k\u00e4mpfte sich&hellip;<\/p><p class=\"wp-block-post-excerpt__more-text\"><a class=\"wp-block-post-excerpt__more-link\" href=\"https:\/\/wordpress.nibis.de\/gshermanns\/2026\/03\/13\/starker-4-platz-beim-ball-ueber-die-schnur-turnier-in-gimte\/\">hier weiterlesen<\/a><\/p><\/div>\n\n\n<hr class=\"wp-block-separator\" \/>\n\n<\/li><li class=\"wp-block-post post-4331 post type-post status-publish format-standard hentry category-allgemein entry\">\n<h2 class=\"wp-block-post-title\">Fast 1000 neue B\u00e4ume f\u00fcr den Stadtwald!<\/h2>\n\n<div class=\"wp-block-post-date\"><time datetime=\"2026-03-13T18:09:08+01:00\">13. M\u00e4rz 2026<\/time><\/div>\n\n<div class=\"wp-block-post-excerpt\"><p class=\"wp-block-post-excerpt__excerpt\">Am Freitag, den 6. M\u00e4rz 2026, fand die diesj\u00e4hrige Baumpflanzaktion der Grundschule Hermannshagen statt. In diesem Jahr mussten die Sch\u00fclerinnen und Sch\u00fcler zwar eine etwas l\u00e4ngere Strecke bis zur Pflanzfl\u00e4che zur\u00fccklegen, doch das hielt niemanden davon ab, mit gro\u00dfem Einsatz&hellip;<\/p><p class=\"wp-block-post-excerpt__more-text\"><a class=\"wp-block-post-excerpt__more-link\" href=\"https:\/\/wordpress.nibis.de\/gshermanns\/2026\/03\/13\/fast-1000-neue-baeume-fuer-den-stadtwald\/\">hier weiterlesen<\/a><\/p><\/div>\n\n\n<hr class=\"wp-block-separator\" \/>\n\n<\/li><li class=\"wp-block-post post-4321 post type-post status-publish format-standard hentry category-allgemein entry\">\n<h2 class=\"wp-block-post-title\">Zwei digitale Tafeln f\u00fcr Hermannshagen!<\/h2>\n\n<div class=\"wp-block-post-date\"><time datetime=\"2026-02-19T10:49:10+01:00\">19. Februar 2026<\/time><\/div>\n\n<div class=\"wp-block-post-excerpt\"><p class=\"wp-block-post-excerpt__excerpt\">Dank des F\u00f6rdervereins und der zahlreichen Spenden, welche durch unseren Spendenlauf im Jahr 2024 zusammen kamen, konnten zwei mobile E-Tafeln f\u00fcr unsere Schule angeschafft werden. Weitere festinstallierte digitale Tafeln sollen folgen. Wir freuen uns, einen gro\u00dfen Schritt im Bereich der&hellip;<\/p><p class=\"wp-block-post-excerpt__more-text\"><a class=\"wp-block-post-excerpt__more-link\" href=\"https:\/\/wordpress.nibis.de\/gshermanns\/2026\/02\/19\/zwei-digitale-tafeln-fuer-hermannshagen\/\">hier weiterlesen<\/a><\/p><\/div>\n\n\n<hr class=\"wp-block-separator\" \/>\n\n<\/li><\/ul>\n\n<nav class=\"wp-block-query-pagination is-layout-flex wp-block-query-pagination-is-layout-flex\" aria-label=\"Seitennummerierung\">\n\n\n<div class=\"wp-block-query-pagination-numbers\"><span aria-current=\"page\" class=\"page-numbers current\">1<\/span>\n<a class=\"page-numbers\" href=\"?query-7-page=2\">2<\/a>\n<a class=\"page-numbers\" href=\"?query-7-page=3\">3<\/a>\n<span class=\"page-numbers dots\">&hellip;<\/span>\n<a class=\"page-numbers\" href=\"?query-7-page=20\">20<\/a><\/div>\n\n<a href=\"\/gshermanns\/wp-json\/wp\/v2\/pages\/4022?query-7-page=2\" class=\"wp-block-query-pagination-next\">N\u00e4chste Seite<\/a>\n<\/nav><\/div>\n","protected":false},"excerpt":{"rendered":"","protected":false},"author":845,"featured_media":0,"parent":0,"menu_order":0,"comment_status":"closed","ping_status":"closed","template":"","meta":{"footnotes":""},"class_list":["post-4022","page","type-page","status-publish","hentry","entry"],"_links":{"self":[{"href":"https:\/\/wordpress.nibis.de\/gshermanns\/wp-json\/wp\/v2\/pages\/4022","targetHints":{"allow":["GET"]}}],"collection":[{"href":"https:\/\/wordpress.nibis.de\/gshermanns\/wp-json\/wp\/v2\/pages"}],"about":[{"href":"https:\/\/wordpress.nibis.de\/gshermanns\/wp-json\/wp\/v2\/types\/page"}],"author":[{"embeddable":true,"href":"https:\/\/wordpress.nibis.de\/gshermanns\/wp-json\/wp\/v2\/users\/845"}],"replies":[{"embeddable":true,"href":"https:\/\/wordpress.nibis.de\/gshermanns\/wp-json\/wp\/v2\/comments?post=4022"}],"version-history":[{"count":6,"href":"https:\/\/wordpress.nibis.de\/gshermanns\/wp-json\/wp\/v2\/pages\/4022\/revisions"}],"predecessor-version":[{"id":4133,"href":"https:\/\/wordpress.nibis.de\/gshermanns\/wp-json\/wp\/v2\/pages\/4022\/revisions\/4133"}],"wp:attachment":[{"href":"https:\/\/wordpress.nibis.de\/gshermanns\/wp-json\/wp\/v2\/media?parent=4022"}],"curies":[{"name":"wp","href":"https:\/\/api.w.org\/{rel}","templated":true}]}}