{"id":425,"date":"2016-01-01T16:12:15","date_gmt":"2016-01-01T15:12:15","guid":{"rendered":"http:\/\/wordpress.nibis.de\/gshermanns\/?page_id=425"},"modified":"2025-03-30T12:30:25","modified_gmt":"2025-03-30T10:30:25","slug":"weihnachtsbasar","status":"publish","type":"page","link":"https:\/\/wordpress.nibis.de\/gshermanns\/home\/unsere-schule\/weihnachtsbasar\/","title":{"rendered":"Weihnachtsbasar"},"content":{"rendered":"\n<p class=\"tw-text-wide\">Ein H\u00f6hepunkt im Laufe des Schuljahres ist unser Weihnachtsbasar. Er findet immer am Wochenende vor dem ersten Advent statt.<\/p>\n\n\n\n<p class=\"tw-text-wide\">Viele freiwillige Helfer, zu denen besonders Mitglieder des F\u00f6rdervereins und unsere Elternschaft z\u00e4hlen, erarbeiten in vielen Stunden liebevoller Vorbereitung attraktive Weihnachtsdekorationen.<\/p>\n\n\n\n<p class=\"tw-text-wide\">Die G\u00e4nge unserer Schule sind zum Weihnachtsbasar mit vielen G\u00e4sten gef\u00fcllt, die sich unserer Schule verbunden f\u00fchlen. Bei Gl\u00fchwein, Kinderpunsch, Bratwurst, Kaffee und Kuchen kann sich jede und jeder von den bunten Verkaufsst\u00e4nden inspirieren lassen und so die Vorfreude auf die Weihnachtszeit genie\u00dfen.<\/p>\n\n\n\n<p class=\"tw-text-wide\">Zum Weihnachtsbasar \u00fcben alle Sch\u00fcler*innen f\u00fcr unsere G\u00e4ste eine Auff\u00fchrung mit Musik, Tanz und Gedichten ein, welche in der Sporthalle zum Besten gegeben wird.<\/p>\n\n\n\n<p class=\"tw-text-wide\">Der Erl\u00f6s des Weihnachtsbasars kommt allen Sch\u00fclerinnen und Sch\u00fclern zu Gute.<\/p>\n","protected":false},"excerpt":{"rendered":"<p>Ein H\u00f6hepunkt im Laufe des Schuljahres ist unser Weihnachtsbasar. Er findet immer am Wochenende vor dem ersten Advent statt. Viele freiwillige Helfer, zu denen besonders Mitglieder des F\u00f6rdervereins und unsere Elternschaft z\u00e4hlen, erarbeiten in vielen Stunden liebevoller Vorbereitung attraktive Weihnachtsdekorationen. Die G\u00e4nge unserer Schule sind zum Weihnachtsbasar mit vielen G\u00e4sten gef\u00fcllt, die sich unserer Schule&hellip; <a class=\"more-link\" href=\"https:\/\/wordpress.nibis.de\/gshermanns\/home\/unsere-schule\/weihnachtsbasar\/\"><span class=\"screen-reader-text\">Weihnachtsbasar<\/span> weiterlesen<\/a><\/p>\n","protected":false},"author":845,"featured_media":0,"parent":92,"menu_order":0,"comment_status":"closed","ping_status":"closed","template":"","meta":{"footnotes":""},"class_list":["post-425","page","type-page","status-publish","hentry","entry"],"_links":{"self":[{"href":"https:\/\/wordpress.nibis.de\/gshermanns\/wp-json\/wp\/v2\/pages\/425","targetHints":{"allow":["GET"]}}],"collection":[{"href":"https:\/\/wordpress.nibis.de\/gshermanns\/wp-json\/wp\/v2\/pages"}],"about":[{"href":"https:\/\/wordpress.nibis.de\/gshermanns\/wp-json\/wp\/v2\/types\/page"}],"author":[{"embeddable":true,"href":"https:\/\/wordpress.nibis.de\/gshermanns\/wp-json\/wp\/v2\/users\/845"}],"replies":[{"embeddable":true,"href":"https:\/\/wordpress.nibis.de\/gshermanns\/wp-json\/wp\/v2\/comments?post=425"}],"version-history":[{"count":7,"href":"https:\/\/wordpress.nibis.de\/gshermanns\/wp-json\/wp\/v2\/pages\/425\/revisions"}],"predecessor-version":[{"id":4063,"href":"https:\/\/wordpress.nibis.de\/gshermanns\/wp-json\/wp\/v2\/pages\/425\/revisions\/4063"}],"up":[{"embeddable":true,"href":"https:\/\/wordpress.nibis.de\/gshermanns\/wp-json\/wp\/v2\/pages\/92"}],"wp:attachment":[{"href":"https:\/\/wordpress.nibis.de\/gshermanns\/wp-json\/wp\/v2\/media?parent=425"}],"curies":[{"name":"wp","href":"https:\/\/api.w.org\/{rel}","templated":true}]}}