{"id":52,"date":"2015-11-27T16:38:16","date_gmt":"2015-11-27T15:38:16","guid":{"rendered":"http:\/\/wordpress.nibis.de\/gshermanns\/?page_id=52"},"modified":"2026-03-13T18:18:28","modified_gmt":"2026-03-13T17:18:28","slug":"home","status":"publish","type":"page","link":"https:\/\/wordpress.nibis.de\/gshermanns\/","title":{"rendered":"Willkommen!"},"content":{"rendered":"\n\n\n<h2 class=\"wp-block-heading has-text-align-center has-text-color has-h-3-font-size\" style=\"color:#116633\">Herzlich Willkommen<\/h2>\n\n\n\n<h3 class=\"wp-block-heading has-text-align-center has-text-color\" style=\"color:#116633\"><span style=\"color: #1d703c\">in der<\/span><\/h3>\n\n\n\n<h3 class=\"wp-block-heading has-text-align-center has-text-color\" style=\"color:#116633\"><span style=\"color: #1d703c\">Grundschule Hermannshagen<\/span>!<\/h3>\n\n\n\n<figure class=\"wp-block-image size-full is-style-rounded\"><a href=\"https:\/\/wordpress.nibis.de\/gshermanns\/files\/2015\/11\/cropped-P1030274.jpg\"><img loading=\"lazy\" decoding=\"async\" width=\"940\" height=\"705\" src=\"https:\/\/wordpress.nibis.de\/gshermanns\/files\/2015\/11\/cropped-P1030274.jpg\" alt=\"\" class=\"wp-image-6\" srcset=\"https:\/\/wordpress.nibis.de\/gshermanns\/files\/2015\/11\/cropped-P1030274.jpg 940w, https:\/\/wordpress.nibis.de\/gshermanns\/files\/2015\/11\/cropped-P1030274-300x225.jpg 300w\" sizes=\"auto, (max-width: 940px) 100vw, 940px\" \/><\/a><\/figure>\n\n\n\n<p>___________________________________________________________<\/p>\n\n\n\n<h2 class=\"wp-block-heading has-h-2-font-size\" style=\"text-transform:uppercase\"><span class=\"tadv-color\" style=\"color:#911414\"><strong>Aktuelles<\/strong><\/span><\/h2>\n\n\n\n<p class=\"has-text-color has-link-color wp-elements-fa3275fc8e97642b8667910fc2ad99d2\" style=\"color:#9f3939\"><strong>Update 13.03.2026<\/strong><\/p>\n\n\n\n<p class=\"tw-text-wide\">Bald starten wir in die nieders\u00e4chsischen Osterferien! <br>Der letzte Schultag ist Freitag, der 20.03.2026. Der Unterricht findet wie \u00fcblich bis nach der f\u00fcnften Unterrichtsstunde statt. <br>Die Schule beginnt wieder am Mittwoch, den 08.04.2026!<\/p>\n\n\n\n<p class=\"has-text-color has-link-color wp-elements-6b0ff7d94f1d314262ae90ae46a0c05a\" style=\"color:#941a1a\"><strong>Update 13.03.2026<\/strong><\/p>\n\n\n\n<p class=\"tw-text-wide\">Es gr\u00fcnt so gr\u00fcn! Lesen Sie <a href=\"https:\/\/wordpress.nibis.de\/gshermanns\/2026\/03\/13\/fast-1000-neue-baeume-fuer-den-stadtwald\/\" data-type=\"post\" data-id=\"4331\">hier <\/a>mehr \u00fcber unsere diesj\u00e4hrige Baumpflanzaktion.<\/p>\n\n\n\n<p class=\"has-text-color has-link-color wp-elements-4462f45d53c1e6f0088d321d29b9e279\" style=\"color:#a52929\"><strong>Update 13.03.2026<\/strong><\/p>\n\n\n\n<p class=\"tw-text-wide\">Hermannshagen vor! &#8211; Lesen Sie <a href=\"https:\/\/wordpress.nibis.de\/gshermanns\/2026\/03\/13\/starker-4-platz-beim-ball-ueber-die-schnur-turnier-in-gimte\/\" data-type=\"post\" data-id=\"4333\">hier<\/a> mehr zu unserer Teilnahme am diesj\u00e4hrigen Ball-\u00fcber-die-Schnur-Turnier.<\/p>\n\n\n\n<p class=\"has-text-color has-link-color wp-elements-af6a4feea83c34487d014b7f65986ec8\" style=\"color:#9d3737\"><strong>Update 19.02.2026<\/strong><\/p>\n\n\n\n<p class=\"tw-text-wide\">Helau und Alaaf! Auch in diesem Jahr feierten die Kinder der Grundschule Hermannshagen mit vielen Spielen, einem leckeren Dosenfr\u00fchst\u00fcck und einer gelungenen Disco den Rosenmontag!<\/p>\n\n\n\n<p class=\"has-text-color has-link-color wp-elements-4d2cdb11c928834b12630b720f971a62\" style=\"color:#9b2424\"><strong>Update 05.02.2025<\/strong><\/p>\n\n\n\n<p class=\"tw-text-wide\">Ein gro\u00dfer Schritt in Richtung der Digitalisierung ist gemacht! Lesen Sie <a href=\"https:\/\/wordpress.nibis.de\/gshermanns\/2026\/02\/19\/zwei-digitale-tafeln-fuer-hermannshagen\/\" data-type=\"link\" data-id=\"https:\/\/wordpress.nibis.de\/gshermanns\/2026\/02\/19\/zwei-digitale-tafeln-fuer-hermannshagen\/\">hier<\/a> mehr \u00fcber unsere ersten E-Tafeln. <\/p>\n\n\n\n<p><strong><span style=\"color: #9e3f3f\">Update 05.012.2025<\/span><\/strong><\/p>\n\n\n\n<p>Wir bedanken uns bei allen Beteiligten f\u00fcr einen rundum gelungenen Adventsbasar 2025! Besonderer Dank gilt dabei allen Helfer*innen, welche zu einem besinnlichen und erfolgreichen Nachmittag beigetragen haben.\u00a0\u00a0<\/p>\n\n\n\n<p class=\"has-text-color\" style=\"color:#9b2424\">Update 02.07.2025<\/p>\n\n\n\n<p class=\"tw-text-wide\">3,2,1&#8230;TOR! Erfahren Sie <a href=\"https:\/\/wordpress.nibis.de\/gshermanns\/2025\/07\/03\/grosses-fussballverguengen-beim-grundschulturnier\/\" data-type=\"URL\" data-id=\"https:\/\/wordpress.nibis.de\/gshermanns\/2025\/07\/03\/grosses-fussballverguengen-beim-grundschulturnier\/\">hier<\/a> mehr \u00fcber das diesj\u00e4hrige Grundschulfu\u00dfballturnier. <\/p>\n\n\n\n<p class=\"has-text-color\" style=\"color:#942121\">Update 26.05.2025<\/p>\n\n\n\n<p class=\"tw-text-wide\">Applaus f\u00fcr die Klasse 3a &#8211; Sieger des 1. B\u00fccherl\u00f6wen-Cups in Hann. M\u00fcnden! Erfahren Sie <a href=\"https:\/\/wordpress.nibis.de\/gshermanns\/2025\/05\/26\/sieg-fuer-die-buecherloewen-der-3a\/\">hier<\/a> mehr dazu. <\/p>\n\n\n\n<p class=\"has-text-color\" style=\"color:#8a2929\">Update 01.04.2025<\/p>\n\n\n\n<p class=\"tw-text-wide\">Beatboxen, jonglieren und Zauberei &#8211; Lesen Sie <a href=\"https:\/\/wordpress.nibis.de\/gshermanns\/2025\/04\/01\/buehne-frei-rosenmontag-2025\/\">hier<\/a> mehr \u00fcber unseren besonderen Rosenmontag 2025.&nbsp;<\/p>\n\n\n\n<p class=\"has-text-color\" style=\"color:#8a2929\">Update 31.03.2025<\/p>\n\n\n\n<p class=\"tw-text-wide\">Waldmeisterlich! &#8211; Lesen Sie <a href=\"https:\/\/wordpress.nibis.de\/gshermanns\/2025\/03\/31\/es-gruent-so-gruen-700-neue-baeume\/\">hier<\/a> mehr \u00fcber unsere diesj\u00e4hrige Baumpflanzaktion. <\/p>\n\n\n\n<p><span style=\"color:#9d3014\" class=\"tadv-color\">Update 25.03.2025<\/span><\/p>\n\n\n\n<p class=\"tw-text-wide\">So sehen Sieger aus! Lesen Sie <a href=\"https:\/\/wordpress.nibis.de\/gshermanns\/2025\/03\/29\/und-der-sieger-heisst-hermannshagen-ball-ueber-die-schnur-turnier-2025\/\">hier<\/a> mehr \u00fcber den Sieg unserer vierten Klassen beim diesj\u00e4hrigen &#8222;Ball \u00fcber die Schnur&#8220;-Turnier.<\/p>\n\n\n\n<figure class=\"wp-block-image size-large is-style-tw-frame\"><a href=\"https:\/\/wordpress.nibis.de\/gshermanns\/files\/2025\/04\/Schulfoto-scaled.jpg\"><img loading=\"lazy\" decoding=\"async\" width=\"1024\" height=\"683\" src=\"https:\/\/wordpress.nibis.de\/gshermanns\/files\/2025\/04\/Schulfoto-1024x683.jpg\" alt=\"\" class=\"wp-image-4110\" srcset=\"https:\/\/wordpress.nibis.de\/gshermanns\/files\/2025\/04\/Schulfoto-1024x683.jpg 1024w, https:\/\/wordpress.nibis.de\/gshermanns\/files\/2025\/04\/Schulfoto-300x200.jpg 300w, https:\/\/wordpress.nibis.de\/gshermanns\/files\/2025\/04\/Schulfoto-768x512.jpg 768w, https:\/\/wordpress.nibis.de\/gshermanns\/files\/2025\/04\/Schulfoto-1536x1024.jpg 1536w, https:\/\/wordpress.nibis.de\/gshermanns\/files\/2025\/04\/Schulfoto-2048x1365.jpg 2048w, https:\/\/wordpress.nibis.de\/gshermanns\/files\/2025\/04\/Schulfoto-1568x1045.jpg 1568w\" sizes=\"auto, (max-width: 1024px) 100vw, 1024px\" \/><\/a><figcaption class=\"wp-element-caption\"><strong>Unsere Schulgemeinschaft 2024\/25<\/strong><\/figcaption><\/figure>\n\n\n\n<p><\/p>\n\n\n\n<h5 class=\"wp-block-heading has-text-align-center\" style=\"font-style:normal;font-weight:600;text-transform:capitalize\"><strong>Grundschule Hermannshagen<\/strong><br><strong>Hermannsh\u00e4ger Str. 17<\/strong><br><strong>34346 Hann. M\u00fcnden<\/strong><br><strong>Tel.: 05541\/72420<\/strong><\/h5>\n\n\n\n<h5 class=\"wp-block-heading has-text-align-center\" style=\"font-style:normal;font-weight:600;text-transform:lowercase\">GS&#72;&#101;&#114;&#x6d;&#x61;&#x6e;&#x6e;&#x73;ha&#103;&#101;&#110;&#x40;&#x68;&#x61;&#x6e;&#x6e;&#46;m&#117;&#101;&#110;&#x64;&#x65;&#x6e;&#x2e;&#x64;e<\/h5>\n\n\n\n<p><\/p>\n","protected":false},"excerpt":{"rendered":"<p>Herzlich Willkommen in der Grundschule Hermannshagen! ___________________________________________________________ Aktuelles Update 13.03.2026 Bald starten wir in die nieders\u00e4chsischen Osterferien! Der letzte Schultag ist Freitag, der 20.03.2026. Der Unterricht findet wie \u00fcblich bis nach der f\u00fcnften Unterrichtsstunde statt. Die Schule beginnt wieder am Mittwoch, den 08.04.2026! Update 13.03.2026 Es gr\u00fcnt so gr\u00fcn! Lesen Sie hier mehr \u00fcber unsere&hellip; <a class=\"more-link\" href=\"https:\/\/wordpress.nibis.de\/gshermanns\/\"><span class=\"screen-reader-text\">Willkommen!<\/span> weiterlesen<\/a><\/p>\n","protected":false},"author":845,"featured_media":0,"parent":0,"menu_order":0,"comment_status":"closed","ping_status":"closed","template":"","meta":{"footnotes":""},"class_list":["post-52","page","type-page","status-publish","hentry","entry"],"_links":{"self":[{"href":"https:\/\/wordpress.nibis.de\/gshermanns\/wp-json\/wp\/v2\/pages\/52","targetHints":{"allow":["GET"]}}],"collection":[{"href":"https:\/\/wordpress.nibis.de\/gshermanns\/wp-json\/wp\/v2\/pages"}],"about":[{"href":"https:\/\/wordpress.nibis.de\/gshermanns\/wp-json\/wp\/v2\/types\/page"}],"author":[{"embeddable":true,"href":"https:\/\/wordpress.nibis.de\/gshermanns\/wp-json\/wp\/v2\/users\/845"}],"replies":[{"embeddable":true,"href":"https:\/\/wordpress.nibis.de\/gshermanns\/wp-json\/wp\/v2\/comments?post=52"}],"version-history":[{"count":169,"href":"https:\/\/wordpress.nibis.de\/gshermanns\/wp-json\/wp\/v2\/pages\/52\/revisions"}],"predecessor-version":[{"id":4347,"href":"https:\/\/wordpress.nibis.de\/gshermanns\/wp-json\/wp\/v2\/pages\/52\/revisions\/4347"}],"wp:attachment":[{"href":"https:\/\/wordpress.nibis.de\/gshermanns\/wp-json\/wp\/v2\/media?parent=52"}],"curies":[{"name":"wp","href":"https:\/\/api.w.org\/{rel}","templated":true}]}}