{"id":652,"date":"2016-08-18T14:37:41","date_gmt":"2016-08-18T12:37:41","guid":{"rendered":"http:\/\/wordpress.nibis.de\/gshermanns\/?page_id=652"},"modified":"2025-04-10T10:01:07","modified_gmt":"2025-04-10T08:01:07","slug":"schulleitung","status":"publish","type":"page","link":"https:\/\/wordpress.nibis.de\/gshermanns\/schulleitung\/","title":{"rendered":"Schulleitung"},"content":{"rendered":"\n<p class=\"tw-text-wide\">Philipp Speck \u00fcbernimmt derzeit die kommissarische Schulleitung und tr\u00e4gt dabei eine zentrale Verantwortung f\u00fcr den reibungslosen Ablauf des Schulalltags. Mit gro\u00dfem Engagement koordiniert er organisatorische und p\u00e4dagogische Prozesse, unterst\u00fctzt das Kollegium in allen schulischen Belangen und sorgt f\u00fcr eine klare Kommunikation zwischen Lehrkr\u00e4ften, Eltern und Sch\u00fcler*innen. Dar\u00fcber hinaus wirkt er ma\u00dfgeblich an der Schulentwicklung mit und stellt sicher, dass die Schule weiterhin ein Ort des erfolgreichen Lernens und Miteinanders bleibt.<\/p>\n\n\n\n<p class=\"has-text-align-center tw-text-wide\">Au\u00dferdem leitet und organisiert er den Ganztagsbetrieb. Nicht zuletzt hat er immer ein offenes Ohr f\u00fcr alle Sch\u00fclerinnen und Sch\u00fcler. Er nimmt sich Zeit, wenn Konflikte gel\u00f6st werden m\u00fcssen.<\/p>\n\n\n","protected":false},"excerpt":{"rendered":"<p>Philipp Speck \u00fcbernimmt derzeit die kommissarische Schulleitung und tr\u00e4gt dabei eine zentrale Verantwortung f\u00fcr den reibungslosen Ablauf des Schulalltags. Mit gro\u00dfem Engagement koordiniert er organisatorische und p\u00e4dagogische Prozesse, unterst\u00fctzt das Kollegium in allen schulischen Belangen und sorgt f\u00fcr eine klare Kommunikation zwischen Lehrkr\u00e4ften, Eltern und Sch\u00fcler*innen. Dar\u00fcber hinaus wirkt er ma\u00dfgeblich an der Schulentwicklung mit&hellip; <a class=\"more-link\" href=\"https:\/\/wordpress.nibis.de\/gshermanns\/schulleitung\/\"><span class=\"screen-reader-text\">Schulleitung<\/span> weiterlesen<\/a><\/p>\n","protected":false},"author":845,"featured_media":0,"parent":0,"menu_order":0,"comment_status":"closed","ping_status":"closed","template":"","meta":{"footnotes":""},"class_list":["post-652","page","type-page","status-publish","hentry","entry"],"_links":{"self":[{"href":"https:\/\/wordpress.nibis.de\/gshermanns\/wp-json\/wp\/v2\/pages\/652","targetHints":{"allow":["GET"]}}],"collection":[{"href":"https:\/\/wordpress.nibis.de\/gshermanns\/wp-json\/wp\/v2\/pages"}],"about":[{"href":"https:\/\/wordpress.nibis.de\/gshermanns\/wp-json\/wp\/v2\/types\/page"}],"author":[{"embeddable":true,"href":"https:\/\/wordpress.nibis.de\/gshermanns\/wp-json\/wp\/v2\/users\/845"}],"replies":[{"embeddable":true,"href":"https:\/\/wordpress.nibis.de\/gshermanns\/wp-json\/wp\/v2\/comments?post=652"}],"version-history":[{"count":13,"href":"https:\/\/wordpress.nibis.de\/gshermanns\/wp-json\/wp\/v2\/pages\/652\/revisions"}],"predecessor-version":[{"id":4178,"href":"https:\/\/wordpress.nibis.de\/gshermanns\/wp-json\/wp\/v2\/pages\/652\/revisions\/4178"}],"wp:attachment":[{"href":"https:\/\/wordpress.nibis.de\/gshermanns\/wp-json\/wp\/v2\/media?parent=652"}],"curies":[{"name":"wp","href":"https:\/\/api.w.org\/{rel}","templated":true}]}}