{"id":678,"date":"2016-09-01T16:45:50","date_gmt":"2016-09-01T14:45:50","guid":{"rendered":"http:\/\/wordpress.nibis.de\/gshermanns\/?page_id=678"},"modified":"2026-01-06T20:47:43","modified_gmt":"2026-01-06T19:47:43","slug":"foerderkreis","status":"publish","type":"page","link":"https:\/\/wordpress.nibis.de\/gshermanns\/home\/foerderkreis\/","title":{"rendered":"F\u00f6rderkreis"},"content":{"rendered":"\n<p class=\"tw-text-wide has-text-color\" style=\"color:#1a641d\">Zurzeit gibt es ca. 60 Mitglieder in unserem Verein, die gern dem Motto folgen: <strong>\u201eWer bei uns Mitglied ist, tut etwas f\u00fcr die Zukunft unserer Kinder\u201c.<\/strong><\/p>\n\n\n\n<p class=\"tw-text-wide\">Durch die enge Zusammenarbeit mit den Lehrkr\u00e4ften und dem Schulelternrat kann der Verein mit finanzieller Unterst\u00fctzung zur zeitgerechten Unterrichtsgestaltung, beispielsweise zum Kauf von Computern, Monitoren usw., beitragen. Ein weiteres Ziel war der Erwerb einer K\u00fcchenzeile. Dies erreichten wir durch den gro\u00dfen Zuspruch f\u00fcr unseren ersten Weihnachtsbasar.<\/p>\n\n\n\n<p class=\"tw-text-wide\">In den Folgejahren konnten neben vielen kleinen sch\u00f6nen Dingen f\u00fcr die Sch\u00fcler auch weitere gro\u00dfe Anschaffungen, wie Brennofen, Mikrophonanlage, tolle Au\u00dfenspielger\u00e4te, das Leseparadies usw. angeschafft werden.<\/p>\n\n\n\n<p class=\"tw-text-wide\">Nur durch das zielstrebige Engagement vieler Eltern konnte dies verwirklicht werden. <\/p>\n\n\n\n<p class=\"tw-text-wide\">Immer wiederkehrende Veranstaltungen, zum Beispiel das Schulfest am letzten Samstag vor Beginn der Sommerferien und auch der Weihnachtsbasar am letzten Samstag im November sind ein fester Bestandteil gemeinsamer Festivit\u00e4ten aller in Zusammenarbeit mit dem F\u00f6rderkreis.<\/p>\n\n\n\n<p class=\"tw-text-wide\">Motiviert hat der Vorstand bereits neue Projekte und Vorhaben ins Auge gefasst und w\u00fcrde sich auch \u00fcber Ihren Beitritt freuen.<\/p>\n\n\n\n<p class=\"tw-text-wide\"><strong>Werden Sie Teil dieses gro\u00dfartigen F\u00f6rderkreises und laden Sie direkt hier die Beitrittserkl\u00e4rung herunter!<\/strong><\/p>\n\n\n\n<div class=\"wp-block-buttons tw-text-wide is-layout-flex wp-block-buttons-is-layout-flex\">\n<div class=\"wp-block-button\"><a class=\"wp-block-button__link wp-element-button\" href=\"https:\/\/wordpress.nibis.de\/gshermanns\/files\/2026\/01\/20251216_Forderkreis_Beitr-ittserklaerung-Formular-1.pdf\">Beitrittserkl\u00e4rung herunterladen<\/a><\/div>\n<\/div>\n\n\n\n<p class=\"tw-text-wide\">Bitte senden Sie das ausgef\u00fcllte Formular per Email an <a href=\"&#x6d;a&#x69;&#108;&#x74;&#111;:&#x47;&#83;&#x48;&#101;r&#x6d;&#97;&#x6e;&#110;s&#x68;a&#x67;&#101;&#x6e;&#x40;h&#x61;&#110;&#x6e;&#46;m&#x75;&#101;&#x6e;&#100;e&#x6e;&#46;&#x64;&#101;\">&#71;&#x53;&#72;&#x65;r&#x6d;a&#110;&#x6e;&#115;&#x68;&#97;&#x67;e&#x6e;&#64;&#104;&#x61;&#110;&#x6e;&#46;&#x6d;u&#x65;&#x6e;&#100;&#x65;&#110;&#x2e;d&#x65;<\/a> oder geben Sie es im Sekretariat ab.<\/p>\n\n\n\n<h4 class=\"wp-block-heading has-text-align-left tw-text-wide\"><strong>Unterst\u00fctzen Sie uns mit Ihrer Spende<\/strong><\/h4>\n\n\n\n<p class=\"tw-text-wide\">Der F\u00f6rderkreis der Grundschule Hermannshagen e.V. ist vom Finanzamt als gemeinn\u00fctzig anerkannt. Ihre Spende an uns ist steuerlich absetzbar. Gerne stellen wir Ihnen eine offizielle Zuwendungsbest\u00e4tigung (Spendenbescheinigung) aus.<strong> <\/strong>Bei Spenden bis zu 300 \u20ac dient Ihr Kontoauszug als Nachweis f\u00fcr das Finanzamt.<\/p>\n\n\n\n<p class=\"has-text-align-left tw-text-wide\">F\u00f6rderkreis der Grundschule Hermannshagen e.V.<br>IBAN: DE64 2605 0001 0000 0236 63<br>BIC: NOLADE21GOE<br>Sparkasse G\u00f6ttingen<\/p>\n\n\n\n<h3 class=\"wp-block-heading alignwide has-text-color has-link-color wp-elements-9d46fc34c854f2a2a27fbad9418ea272\" style=\"color:#689243\">Jetzt digital spenden!<\/h3>\n\n\n\n<div class=\"wp-block-media-text is-stacked-on-mobile tw-text-wide\" style=\"grid-template-columns:21% auto\"><figure class=\"wp-block-media-text__media\"><img loading=\"lazy\" decoding=\"async\" width=\"308\" height=\"308\" src=\"https:\/\/wordpress.nibis.de\/gshermanns\/files\/2026\/01\/qr-code-foerderverein-1.gif\" alt=\"\" class=\"wp-image-4310 size-full\" \/><\/figure><div class=\"wp-block-media-text__content\">\n<ul>\n<li>Banking-App \u00f6ffnen<\/li>\n<li>Foto-\u00dcberweisung ausw\u00e4hlen<\/li>\n<li>QR-Code scannen<\/li>\n<li>Spendenbetrag und Name eintragen<\/li>\n<li>Fertig<\/li>\n<\/ul>\n<\/div><\/div>\n\n\n\n\n\n<p class=\"tw-text-wide\">Vielleicht lernen wir uns ja an einer der k\u00fcnftigen Festlichkeiten kennen!<\/p>\n\n\n\n<p class=\"tw-text-wide\">Ihr Vorstand<\/p>\n\n\n\n<h6 class=\"wp-block-heading tw-text-wide\">F\u00f6rderkreis der Grundschule Hermannshagen e.V.<\/h6>\n\n\n\n<p class=\"has-text-align-left tw-text-wide\"><strong>Erster Vorsitzender<br><\/strong>Herr Dockhorn<\/p>\n\n\n\n<p class=\"tw-text-wide\"><strong>Zweiter Vorsitzender<br><\/strong>Herr Frost<\/p>\n\n\n\n<p class=\"tw-text-wide\"><strong>Kassenwart<br><\/strong>Herr Zilz<\/p>\n\n\n\n<p class=\"tw-text-wide\"><strong>Schriftf\u00fchrerin<br><\/strong>Frau Bruhn<\/p>\n\n\n\n<p class=\"tw-text-wide\"><strong>Kassenpr\u00fcferinnen<\/strong><\/p>\n\n\n\n<p class=\"tw-text-wide\">Frau Richmann &amp; Frau Knieps<\/p>\n\n\n\n<p class=\"tw-text-wide\"><strong>Schulleitung<\/strong><\/p>\n\n\n\n<p class=\"has-text-align-left tw-text-wide\">&nbsp;Herr Speck<\/p>\n\n\n\n<p><strong><a href=\"http:\/\/wordpress.nibis.de\/gshermanns\/home\/foerderkreis\/\">nach oben<\/a><br><\/strong><\/p>\n","protected":false},"excerpt":{"rendered":"<p>Zurzeit gibt es ca. 60 Mitglieder in unserem Verein, die gern dem Motto folgen: \u201eWer bei uns Mitglied ist, tut etwas f\u00fcr die Zukunft unserer Kinder\u201c. Durch die enge Zusammenarbeit mit den Lehrkr\u00e4ften und dem Schulelternrat kann der Verein mit finanzieller Unterst\u00fctzung zur zeitgerechten Unterrichtsgestaltung, beispielsweise zum Kauf von Computern, Monitoren usw., beitragen. Ein weiteres&hellip; <a class=\"more-link\" href=\"https:\/\/wordpress.nibis.de\/gshermanns\/home\/foerderkreis\/\"><span class=\"screen-reader-text\">F\u00f6rderkreis<\/span> weiterlesen<\/a><\/p>\n","protected":false},"author":845,"featured_media":0,"parent":52,"menu_order":0,"comment_status":"closed","ping_status":"closed","template":"","meta":{"footnotes":""},"class_list":["post-678","page","type-page","status-publish","hentry","entry"],"_links":{"self":[{"href":"https:\/\/wordpress.nibis.de\/gshermanns\/wp-json\/wp\/v2\/pages\/678","targetHints":{"allow":["GET"]}}],"collection":[{"href":"https:\/\/wordpress.nibis.de\/gshermanns\/wp-json\/wp\/v2\/pages"}],"about":[{"href":"https:\/\/wordpress.nibis.de\/gshermanns\/wp-json\/wp\/v2\/types\/page"}],"author":[{"embeddable":true,"href":"https:\/\/wordpress.nibis.de\/gshermanns\/wp-json\/wp\/v2\/users\/845"}],"replies":[{"embeddable":true,"href":"https:\/\/wordpress.nibis.de\/gshermanns\/wp-json\/wp\/v2\/comments?post=678"}],"version-history":[{"count":34,"href":"https:\/\/wordpress.nibis.de\/gshermanns\/wp-json\/wp\/v2\/pages\/678\/revisions"}],"predecessor-version":[{"id":4317,"href":"https:\/\/wordpress.nibis.de\/gshermanns\/wp-json\/wp\/v2\/pages\/678\/revisions\/4317"}],"up":[{"embeddable":true,"href":"https:\/\/wordpress.nibis.de\/gshermanns\/wp-json\/wp\/v2\/pages\/52"}],"wp:attachment":[{"href":"https:\/\/wordpress.nibis.de\/gshermanns\/wp-json\/wp\/v2\/media?parent=678"}],"curies":[{"name":"wp","href":"https:\/\/api.w.org\/{rel}","templated":true}]}}